{"id":667,"date":"2015-05-04T15:56:55","date_gmt":"2015-05-04T13:56:55","guid":{"rendered":"http:\/\/slovenskefiremnehry.sk\/zima\/?page_id=667"},"modified":"2019-02-25T17:06:29","modified_gmt":"2019-02-25T15:06:29","slug":"hodnotenie","status":"publish","type":"page","link":"https:\/\/slovenskefiremnehry.sk\/zima\/hodnotenie\/","title":{"rendered":"Hodnotenie"},"content":{"rendered":"<div id='full_slider_1'  class='avia-fullwidth-slider main_color avia-shadow   avia-builder-el-0  el_before_av_submenu  avia-builder-el-first   container_wrap fullsize'  ><div  class='avia-slideshow av-av_slideshow_full-5b66fd6c4b00261be6ee49148592eb4f avia-slideshow-no scaling av_slideshow_full avia-fade-slider av-slideshow-ui av-control-default av-slideshow-autoplay av-loop-endless av-loop-manual-endless av-default-height-applied   avia-slideshow-1' data-slideshow-options=\"{&quot;animation&quot;:&quot;fade&quot;,&quot;autoplay&quot;:true,&quot;loop_autoplay&quot;:&quot;endless&quot;,&quot;interval&quot;:5,&quot;loop_manual&quot;:&quot;manual-endless&quot;,&quot;autoplay_stopper&quot;:false,&quot;noNavigation&quot;:false,&quot;bg_slider&quot;:false,&quot;keep_padding&quot;:false,&quot;hoverpause&quot;:false,&quot;show_slide_delay&quot;:0}\"  itemprop=\"image\" itemscope=\"itemscope\" itemtype=\"https:\/\/schema.org\/ImageObject\" ><ul class='avia-slideshow-inner ' style='padding-bottom: 20.8333333333%;'><li  class='avia-slideshow-slide av-av_slideshow_full-5b66fd6c4b00261be6ee49148592eb4f__0  av-single-slide slide-1 slide-odd'><div data-rel='slideshow-1' class='avia-slide-wrap '   ><img fetchpriority=\"high\" class=\"wp-image-3878 avia-img-lazy-loading-not-3878\"  src='https:\/\/slovenskefiremnehry.sk\/zima\/wp-content\/uploads\/2015\/04\/01-new.jpg' width='1920' height='400' title='01-new' alt=''  itemprop=\"thumbnailUrl\"   \/><\/div><\/li><\/ul><\/div><\/div>\n<div class='clear'><\/div><div id='sub_menu1'  class='av-submenu-container av-av_submenu-ded0049e5cc093dbe3ad0e6ba2ebc7ad header_color av-switch-768  avia-builder-el-1  el_after_av_slideshow_full  el_before_av_heading  av-sticky-submenu submenu-not-first container_wrap fullsize' style='z-index:301' ><div class='container av-menu-mobile-active av-submenu-pos-center'><a href=\"#\" class=\"mobile_menu_toggle\" aria-hidden='true' data-av_icon='\ue8a5' data-av_iconfont='entypo-fontello'><span class=\"av-current-placeholder\">Menu<\/span><\/a><ul id=\"menu-bocne-menu\" class=\"av-subnav-menu\" role=\"menu\"><li role=\"menuitem\" id=\"menu-item-3862\" class=\"menu-item menu-item-type-post_type menu-item-object-page menu-item-top-level menu-item-top-level-1\"><a href=\"https:\/\/slovenskefiremnehry.sk\/zima\/ceskoslovenske\/\" itemprop=\"url\" tabindex=\"0\"><span class=\"avia-bullet\"><\/span><span class=\"avia-menu-text\">O hr\u00e1ch<\/span><span class=\"avia-menu-fx\"><span class=\"avia-arrow-wrap\"><span class=\"avia-arrow\"><\/span><\/span><\/span><\/a><\/li>\n<li role=\"menuitem\" id=\"menu-item-509\" class=\"menu-item menu-item-type-post_type menu-item-object-page menu-item-has-children menu-item-top-level menu-item-top-level-2\"><a href=\"https:\/\/slovenskefiremnehry.sk\/zima\/sutazny-program\/\" itemprop=\"url\" tabindex=\"0\"><span class=\"avia-bullet\"><\/span><span class=\"avia-menu-text\">\u0160porty<\/span><span class=\"avia-menu-fx\"><span class=\"avia-arrow-wrap\"><span class=\"avia-arrow\"><\/span><\/span><\/span><\/a>\n\n\n<ul class=\"sub-menu\">\n\t<li role=\"menuitem\" id=\"menu-item-662\" class=\"menu-item menu-item-type-post_type menu-item-object-page\"><a href=\"https:\/\/slovenskefiremnehry.sk\/zima\/discipliny-a-pravidla\/\" itemprop=\"url\" tabindex=\"0\"><span class=\"avia-bullet\"><\/span><span class=\"avia-menu-text\">Pravidl\u00e1<\/span><\/a><\/li>\n\t<li role=\"menuitem\" id=\"menu-item-535\" class=\"menu-item menu-item-type-post_type menu-item-object-page\"><a href=\"https:\/\/slovenskefiremnehry.sk\/zima\/krizova-alternativa-2\/\" itemprop=\"url\" tabindex=\"0\"><span class=\"avia-bullet\"><\/span><span class=\"avia-menu-text\">Kr\u00edzov\u00e1 alternat\u00edva<\/span><\/a><\/li>\n\t<li role=\"menuitem\" id=\"menu-item-536\" class=\"menu-item menu-item-type-post_type menu-item-object-page\"><a href=\"https:\/\/slovenskefiremnehry.sk\/zima\/mapa-sportovisk\/\" itemprop=\"url\" tabindex=\"0\"><span class=\"avia-bullet\"><\/span><span class=\"avia-menu-text\">Mapa \u0161portov\u00edsk<\/span><\/a><\/li>\n<\/ul>\n<\/li>\n<li role=\"menuitem\" id=\"menu-item-669\" class=\"menu-item menu-item-type-post_type menu-item-object-page menu-item-has-children menu-item-top-level menu-item-top-level-3\"><a href=\"https:\/\/slovenskefiremnehry.sk\/zima\/hodnotenie\/\" itemprop=\"url\" tabindex=\"0\"><span class=\"avia-bullet\"><\/span><span class=\"avia-menu-text\">Hodnotenie<\/span><span class=\"avia-menu-fx\"><span class=\"avia-arrow-wrap\"><span class=\"avia-arrow\"><\/span><\/span><\/span><\/a>\n\n\n<ul class=\"sub-menu\">\n\t<li role=\"menuitem\" id=\"menu-item-537\" class=\"menu-item menu-item-type-post_type menu-item-object-page\"><a href=\"https:\/\/slovenskefiremnehry.sk\/zima\/institut-protestu\/\" itemprop=\"url\" tabindex=\"0\"><span class=\"avia-bullet\"><\/span><span class=\"avia-menu-text\">In\u0161tit\u00fat protestu<\/span><\/a><\/li>\n<\/ul>\n<\/li>\n<li role=\"menuitem\" id=\"menu-item-4367\" class=\"menu-item menu-item-type-post_type menu-item-object-page menu-item-top-level menu-item-top-level-4\"><a href=\"https:\/\/slovenskefiremnehry.sk\/zima\/vysledky\/\" itemprop=\"url\" tabindex=\"0\"><span class=\"avia-bullet\"><\/span><span class=\"avia-menu-text\">V\u00fdsledky<\/span><span class=\"avia-menu-fx\"><span class=\"avia-arrow-wrap\"><span class=\"avia-arrow\"><\/span><\/span><\/span><\/a><\/li>\n<li role=\"menuitem\" id=\"menu-item-508\" class=\"menu-item menu-item-type-post_type menu-item-object-page menu-item-top-level menu-item-top-level-5\"><a href=\"https:\/\/slovenskefiremnehry.sk\/zima\/program-podujatia-2\/\" itemprop=\"url\" tabindex=\"0\"><span class=\"avia-bullet\"><\/span><span class=\"avia-menu-text\">Program podujatia<\/span><span class=\"avia-menu-fx\"><span class=\"avia-arrow-wrap\"><span class=\"avia-arrow\"><\/span><\/span><\/span><\/a><\/li>\n<li role=\"menuitem\" id=\"menu-item-506\" class=\"menu-item menu-item-type-post_type menu-item-object-page menu-item-top-level menu-item-top-level-6\"><a href=\"https:\/\/slovenskefiremnehry.sk\/zima\/prihlasene-timy\/\" itemprop=\"url\" tabindex=\"0\"><span class=\"avia-bullet\"><\/span><span class=\"avia-menu-text\">\u00da\u010dastn\u00edci<\/span><span class=\"avia-menu-fx\"><span class=\"avia-arrow-wrap\"><span class=\"avia-arrow\"><\/span><\/span><\/span><\/a><\/li>\n<li role=\"menuitem\" id=\"menu-item-538\" class=\"menu-item menu-item-type-post_type menu-item-object-page menu-item-has-children menu-item-top-level menu-item-top-level-7\"><a href=\"https:\/\/slovenskefiremnehry.sk\/zima\/podmienky-ucasti\/\" itemprop=\"url\" tabindex=\"0\"><span class=\"avia-bullet\"><\/span><span class=\"avia-menu-text\">Podmienky \u00fa\u010dasti<\/span><span class=\"avia-menu-fx\"><span class=\"avia-arrow-wrap\"><span class=\"avia-arrow\"><\/span><\/span><\/span><\/a>\n\n\n<ul class=\"sub-menu\">\n\t<li role=\"menuitem\" id=\"menu-item-507\" class=\"menu-item menu-item-type-post_type menu-item-object-page\"><a href=\"https:\/\/slovenskefiremnehry.sk\/zima\/ucastnicky-poplatok\/\" itemprop=\"url\" tabindex=\"0\"><span class=\"avia-bullet\"><\/span><span class=\"avia-menu-text\">\u00da\u010dastn\u00edcky poplatok<\/span><\/a><\/li>\n\t<li role=\"menuitem\" id=\"menu-item-2755\" class=\"menu-item menu-item-type-post_type menu-item-object-page\"><a href=\"https:\/\/slovenskefiremnehry.sk\/zima\/osobne-udaje\/\" itemprop=\"url\" tabindex=\"0\"><span class=\"avia-bullet\"><\/span><span class=\"avia-menu-text\">Osobn\u00e9 \u00fadaje<\/span><\/a><\/li>\n\t<li role=\"menuitem\" id=\"menu-item-2758\" class=\"menu-item menu-item-type-post_type menu-item-object-page\"><a href=\"https:\/\/slovenskefiremnehry.sk\/zima\/uzavierka-prihlasok\/\" itemprop=\"url\" tabindex=\"0\"><span class=\"avia-bullet\"><\/span><span class=\"avia-menu-text\">Uz\u00e1vierka prihl\u00e1\u0161ok<\/span><\/a><\/li>\n<\/ul>\n<\/li>\n<li role=\"menuitem\" id=\"menu-item-505\" class=\"menu-item menu-item-type-post_type menu-item-object-page menu-item-top-level menu-item-top-level-8\"><a href=\"https:\/\/slovenskefiremnehry.sk\/zima\/galeria\/\" itemprop=\"url\" tabindex=\"0\"><span class=\"avia-bullet\"><\/span><span class=\"avia-menu-text\">Gal\u00e9ria<\/span><span class=\"avia-menu-fx\"><span class=\"avia-arrow-wrap\"><span class=\"avia-arrow\"><\/span><\/span><\/span><\/a><\/li>\n<li role=\"menuitem\" id=\"menu-item-3934\" class=\"menu-item menu-item-type-post_type menu-item-object-page menu-item-top-level menu-item-top-level-9\"><a href=\"https:\/\/slovenskefiremnehry.sk\/zima\/kontakty\/\" itemprop=\"url\" tabindex=\"0\"><span class=\"avia-bullet\"><\/span><span class=\"avia-menu-text\">Kontakty<\/span><span class=\"avia-menu-fx\"><span class=\"avia-arrow-wrap\"><span class=\"avia-arrow\"><\/span><\/span><\/span><\/a><\/li>\n<\/ul><\/div><\/div><div class='sticky_placeholder'><\/div><div id='after_submenu_1'  class='main_color av_default_container_wrap container_wrap fullsize'  ><div class='container av-section-cont-open' ><div class='template-page content  av-content-full alpha units'><div class='post-entry post-entry-type-page post-entry-667'><div class='entry-content-wrapper clearfix'>\n\n<style type=\"text\/css\" data-created_by=\"avia_inline_auto\" id=\"style-css-av-av_heading-65249b110ba434fcc29c8fb30e5c012f\">\n#top .av-special-heading.av-av_heading-65249b110ba434fcc29c8fb30e5c012f{\npadding-bottom:10px;\n}\nbody .av-special-heading.av-av_heading-65249b110ba434fcc29c8fb30e5c012f .av-special-heading-tag .heading-char{\nfont-size:25px;\n}\n.av-special-heading.av-av_heading-65249b110ba434fcc29c8fb30e5c012f .av-subheading{\nfont-size:15px;\n}\n<\/style>\n<div  class='av-special-heading av-av_heading-65249b110ba434fcc29c8fb30e5c012f av-special-heading-h1  avia-builder-el-2  el_after_av_submenu  el_before_av_one_full  avia-builder-el-first '><h1 class='av-special-heading-tag '  itemprop=\"headline\"  >Hodnotenie<\/h1><div class=\"special-heading-border\"><div class=\"special-heading-inner-border\"><\/div><\/div><\/div>\n<div  class='flex_column av-av_one_full-2a9015ff38129c418a3f2eafba3e9512 av_one_full  avia-builder-el-3  el_after_av_heading  avia-builder-el-last  first flex_column_div  '     ><section  class='av_textblock_section av-av_textblock-0366cc7376be6c9e82a3e9cc8987b64f '   itemscope=\"itemscope\" itemtype=\"https:\/\/schema.org\/CreativeWork\" ><div class='avia_textblock'  itemprop=\"text\" ><p style=\"text-align: justify;\">V ka\u017edej discipl\u00edne sa vyhodnocuje 1. a\u017e 8. miesto.<\/p>\n<p>(Organiz\u00e1tor si vyhradzuje pr\u00e1vo upravi\u0165 po\u010det bodovan\u00fdch miest pod\u013ea okolnost\u00ed.)<\/p>\n<p>V\u0161etky discipl\u00edny s v\u00fdnimkou vedomostn\u00e9ho kv\u00edzu, pokru a hokeja sa vyhodnocuj\u00fa v kateg\u00f3ri\u00e1ch mu\u017ei a \u017eeny.\u00a0 Zmie\u0161an\u00e9 dru\u017estv\u00e1 sa vyhodnocuj\u00fa v kateg\u00f3rii mu\u017ei.<\/p>\n<p>Discipl\u00edny zjazd, slalom a beh na ly\u017eiach &#8211; jednotlivci &#8211; sa vyhodnocuj\u00fa v dvoch vekov\u00fdch kateg\u00f3ri\u00e1ch.<\/p>\n<p><strong>Mu\u017ei<\/strong> naroden\u00ed po roku\u00a0<strong>1979\u00a0<\/strong>s\u00fa posudzovan\u00ed ako mlad\u0161\u00ed, mu\u017ei naroden\u00ed v roku\u00a0<strong>1979\u00a0<\/strong>a sk\u00f4r s\u00fa posudzovan\u00ed ako star\u0161\u00ed.<\/p>\n<p><b><strong>\u017deny<\/strong>\u00a0<\/b>naroden\u00e9 po roku<b><strong>\u00a01982\u00a0<\/strong><\/b>sa posudzuj\u00fa<b><strong>\u00a0ako mlad\u0161ie,<\/strong>\u00a0<strong>\u017eeny<\/strong>\u00a0<\/b>naroden\u00e9<b>\u00a0v roku\u00a0<strong>1982\u00a0<\/strong><\/b>a sk\u00f4r sa posudzuj\u00fa<b><strong>\u00a0ako star\u0161ie.<\/strong><\/b><\/p>\n<p>Za z\u00edskan\u00e9 umiestnenia (1. a\u017e 8. miesto, pod\u013ea po\u010dtu prihl\u00e1sen\u00fdch) s\u00fa pridelen\u00e9 body:<\/p>\n<table style=\"height: 98px;\" width=\"423\">\n<tbody>\n<tr>\n<td style=\"text-align: center;\" width=\"91\">Umiestnenie<\/td>\n<td style=\"text-align: center;\" width=\"29\">1.<\/td>\n<td style=\"text-align: center;\" width=\"29\">2.<\/td>\n<td style=\"text-align: center;\" width=\"29\">3.<\/td>\n<td style=\"text-align: center;\" width=\"29\">4.<\/td>\n<td style=\"text-align: center;\" width=\"29\">5.<\/td>\n<td style=\"text-align: center;\" width=\"29\">6.<\/td>\n<td style=\"text-align: center;\" width=\"29\">7.<\/td>\n<td style=\"text-align: center;\" width=\"29\">8.<\/td>\n<\/tr>\n<tr>\n<td style=\"text-align: center;\">Body<\/td>\n<td style=\"text-align: center;\">100<\/td>\n<td style=\"text-align: center;\">80<\/td>\n<td style=\"text-align: center;\">60<\/td>\n<td style=\"text-align: center;\">40<\/td>\n<td style=\"text-align: center;\">32<\/td>\n<td style=\"text-align: center;\">24<\/td>\n<td style=\"text-align: center;\">16<\/td>\n<td style=\"text-align: center;\">8<\/td>\n<\/tr>\n<\/tbody>\n<\/table>\n<p class=\"p1\" style=\"text-align: justify;\"><span class=\"s1\">V pr\u00edpade, \u017ee sa v niektorej kateg\u00f3rii z\u00fa\u010dastn\u00ed menej ako\u00a0osem s\u00fa\u0165a\u017eiacich, rozdelia sa body pod\u013ea k\u013e\u00fa\u010da s t\u00fdm, \u017ee najviac bodovan\u00e9 umiestnenia s\u00fa stornovan\u00e9 <\/span>v z\u00e1vislosti od ch\u00fdbaj\u00faceho po\u010dtu \u0161tartuj\u00facich\u00a0 do po\u010dtu osem.<\/p>\n<p><span style=\"text-decoration: underline;\">Pr\u00edklad:<span class=\"s2\"><b><br \/>\n<\/b><\/span><\/span><span class=\"s1\"><b>V slalome \u0161tartuj\u00fa celkovo tri s\u00fa\u0165a\u017eiace.<br \/>\n1. miesto z\u00edskava pre firmu 24 bodov<br \/>\n2. miesto z\u00edskava pre firmu 16 bodov<br \/>\n3. miesto z\u00edskava pre firmu 8 bodov<\/b><\/span><\/p>\n<p><b>Ak v niektorej \u0161portovej discipl\u00edne \u0161tartuje jeden s\u00fa\u0165a\u017eiaci, z\u00edskava pre firmu 8 bodov v pr\u00edpade, \u017ee regul\u00e1rne absolvuje po\u017eadovan\u00fa tra\u0165.<\/b><\/p>\n<p class=\"p3\" style=\"text-align: justify;\"><strong>Viacn\u00e1sobn\u00e9 obsadenie<\/strong><br \/>\nV \u0161portov\u00fdch discipl\u00ednach, v ktor\u00fdch sa z\u00fa\u010dast\u0148uje viacero z\u00e1stupcov jednej firmy (napr\u00edklad dvaja slalom\u00e1ri) akejko\u013evek kateg\u00f3rie sa do celkov\u00e9ho v\u00fdsledku firemn\u00e9ho t\u00edmu zarat\u00fava umiestnenie iba najlep\u0161ieho s\u00fa\u0165a\u017eiaceho v danej \u0161portovej discipl\u00edne (bez oh\u013eadu na zo, \u010di ide o\u00a0mu\u017ea alebo \u017eenu, mlad\u0161ieho alebo star\u0161ieho).<br \/>\n<span style=\"text-decoration: underline;\">Pr\u00edklad:<\/span><br \/>\nV slalome \u0161tartuj\u00fa za jeden t\u00edm traja mu\u017ei a tri \u017eeny. Dvaja z\u00a0mu\u017eov sa umiestnia napr. na 1. a\u00a02. mieste, jedna zo \u017eien napr. na 3. mieste. Ka\u017ed\u00fd z\u00a0nich bude v\u00a0r\u00e1mci discipl\u00edny slalom dekorovan\u00fd a\u00a0z\u00edska pr\u00edslu\u0161n\u00fa medailu. <strong>AV\u0160AK:<\/strong> do bodov\u00e9ho hodnotenie ich t\u00edmu sa zar\u00e1ta iba jeden v\u00fdsledkom \u2013 najlep\u0161\u00ed, t.j. <strong>iba<\/strong> <strong>100 bodov<\/strong>.<\/p>\n<p class=\"p3\" style=\"text-align: justify;\"><strong>\u00da\u010dastn\u00edk\u00a0\u0161tartuj\u00faci\u00a0v\u00a02 discipl\u00ednach, boduje\u00a0v oboch<\/strong><br \/>\nAk jeden \u00fa\u010dastn\u00edk obsad\u00ed bodovan\u00e9 miesta vo viacer\u00fdch discipl\u00ednach, ktor\u00fdch sa z\u00fa\u010dast\u0148uje v s\u00falade s propoz\u00edciami, prispieva v\u0161etk\u00fdmi t\u00fdmito bodmi do celkov\u00e9ho v\u00fdsledku svojho t\u00edmu &#8211; NOVINKA oproti minulosti.<br \/>\n<span style=\"text-decoration: underline;\">Pr\u00edklad:<\/span><br \/>\n\u00da\u010dastn\u00edk \u0161tartuje v\u00a0slalome, kde obsad\u00ed 1. miesto i\u00a0v pokri, kde obsad\u00ed 3.miesto. V\u00a0oboch discipl\u00ednach bude dekorovan\u00fd a\u00a0z\u00edska medailu. Do bodov\u00e9ho hodnotenia jeho t\u00edmu sa zar\u00e1taj\u00fa oba\u00a0v\u00fdsledky, \u00a0t.j.<strong>\u00a0160 bodov<\/strong>.<\/p>\n<p><strong>Bodovan\u00e9 miesta, ktor\u00e9 sa nezapo\u010d\u00edtavaj\u00fa do v\u00fdsledku t\u00edmu svoj v\u00fdznam<\/strong>. <strong>S\u00faperovi zober\u00fa<\/strong> <strong>body<\/strong>, ktor\u00e9 \u201eobsadili\u201c umiestnen\u00ed viacer\u00ed pretek\u00e1ri jedn\u00e9ho t\u00edmu.<br \/>\n<span style=\"text-decoration: underline;\">Pr\u00edklad:<\/span><br \/>\nV slalome \u0161tartuj\u00fa 3 z\u00e1stupcovia jedn\u00e9ho t\u00edmu. Obsadia 1., 2., 3. miesto. Hoci sa do bodov\u00e9ho hodnotenia t\u00edmu zar\u00e1ta v\u00a0slalome iba 100 bodov, s\u00faper umiestnen\u00fd na 4. mieste z\u00edskava pre svoj t\u00edm u\u017e iba 40 bodov.<\/p>\n<p><strong>Ak sa jeden t\u00edm zapoj\u00ed do v\u0161etk\u00fdch discipl\u00edn a vo v\u0161etk\u00fdch boduje,\u00a0discipl\u00edna s najslab\u0161\u00edm v\u00fdsledkom sa nezapo\u010d\u00edtava do celkov\u00e9ho hodnotenia.<\/strong><\/p>\n<\/div><\/section><\/div>\n","protected":false},"excerpt":{"rendered":"","protected":false},"author":1,"featured_media":0,"parent":0,"menu_order":18,"comment_status":"closed","ping_status":"closed","template":"","meta":{"footnotes":""},"class_list":["post-667","page","type-page","status-publish","hentry"],"_links":{"self":[{"href":"https:\/\/slovenskefiremnehry.sk\/zima\/wp-json\/wp\/v2\/pages\/667","targetHints":{"allow":["GET"]}}],"collection":[{"href":"https:\/\/slovenskefiremnehry.sk\/zima\/wp-json\/wp\/v2\/pages"}],"about":[{"href":"https:\/\/slovenskefiremnehry.sk\/zima\/wp-json\/wp\/v2\/types\/page"}],"author":[{"embeddable":true,"href":"https:\/\/slovenskefiremnehry.sk\/zima\/wp-json\/wp\/v2\/users\/1"}],"replies":[{"embeddable":true,"href":"https:\/\/slovenskefiremnehry.sk\/zima\/wp-json\/wp\/v2\/comments?post=667"}],"version-history":[{"count":8,"href":"https:\/\/slovenskefiremnehry.sk\/zima\/wp-json\/wp\/v2\/pages\/667\/revisions"}],"predecessor-version":[{"id":1776,"href":"https:\/\/slovenskefiremnehry.sk\/zima\/wp-json\/wp\/v2\/pages\/667\/revisions\/1776"}],"wp:attachment":[{"href":"https:\/\/slovenskefiremnehry.sk\/zima\/wp-json\/wp\/v2\/media?parent=667"}],"curies":[{"name":"wp","href":"https:\/\/api.w.org\/{rel}","templated":true}]}}