{"id":532,"date":"2015-04-29T09:34:00","date_gmt":"2015-04-29T07:34:00","guid":{"rendered":"http:\/\/slovenskefiremnehry.sk\/zima\/?page_id=532"},"modified":"2019-03-29T23:15:39","modified_gmt":"2019-03-29T21:15:39","slug":"vysledky","status":"publish","type":"page","link":"https:\/\/slovenskefiremnehry.sk\/zima\/vysledky\/","title":{"rendered":"V\u00fdsledky"},"content":{"rendered":"<div id='full_slider_1'  class='avia-fullwidth-slider main_color avia-shadow   avia-builder-el-0  el_before_av_submenu  avia-builder-el-first   container_wrap fullsize'  ><div  class='avia-slideshow av-av_slideshow_full-7c89eef234b705e7a4d2de62d66c7ebb avia-slideshow-no scaling av_slideshow_full avia-slide-slider av-slideshow-ui av-control-default av-slideshow-manual av-loop-once av-loop-manual-endless av-default-height-applied   avia-slideshow-1' data-slideshow-options=\"{&quot;animation&quot;:&quot;slide&quot;,&quot;autoplay&quot;:false,&quot;loop_autoplay&quot;:&quot;once&quot;,&quot;interval&quot;:5,&quot;loop_manual&quot;:&quot;manual-endless&quot;,&quot;autoplay_stopper&quot;:false,&quot;noNavigation&quot;:false,&quot;bg_slider&quot;:false,&quot;keep_padding&quot;:false,&quot;hoverpause&quot;:false,&quot;show_slide_delay&quot;:0}\"  itemprop=\"image\" itemscope=\"itemscope\" itemtype=\"https:\/\/schema.org\/ImageObject\" ><ul class='avia-slideshow-inner ' style='padding-bottom: 20.8333333333%;'><li  class='avia-slideshow-slide av-av_slideshow_full-7c89eef234b705e7a4d2de62d66c7ebb__0  av-single-slide slide-1 slide-odd'><div data-rel='slideshow-1' class='avia-slide-wrap '   ><img fetchpriority=\"high\" class=\"wp-image-3878 avia-img-lazy-loading-not-3878\"  src='https:\/\/slovenskefiremnehry.sk\/zima\/wp-content\/uploads\/2015\/04\/01-new.jpg' width='1920' height='400' title='01-new' alt=''  itemprop=\"thumbnailUrl\"   \/><\/div><\/li><\/ul><\/div><\/div>\n<div class='clear'><\/div><div id='sub_menu1'  class='av-submenu-container av-av_submenu-e9895456bf53b9758b52bf08778223ff header_color  avia-builder-el-1  el_after_av_slideshow_full  el_before_av_heading  av-sticky-submenu submenu-not-first container_wrap fullsize' style='z-index:301' ><div class='container av-menu-mobile-disabled av-submenu-pos-center'><ul id=\"menu-bocne-menu\" class=\"av-subnav-menu\" role=\"menu\"><li role=\"menuitem\" id=\"menu-item-3862\" class=\"menu-item menu-item-type-post_type menu-item-object-page menu-item-top-level menu-item-top-level-1\"><a href=\"https:\/\/slovenskefiremnehry.sk\/zima\/ceskoslovenske\/\" itemprop=\"url\" tabindex=\"0\"><span class=\"avia-bullet\"><\/span><span class=\"avia-menu-text\">O hr\u00e1ch<\/span><span class=\"avia-menu-fx\"><span class=\"avia-arrow-wrap\"><span class=\"avia-arrow\"><\/span><\/span><\/span><\/a><\/li>\n<li role=\"menuitem\" id=\"menu-item-509\" class=\"menu-item menu-item-type-post_type menu-item-object-page menu-item-has-children menu-item-top-level menu-item-top-level-2\"><a href=\"https:\/\/slovenskefiremnehry.sk\/zima\/sutazny-program\/\" itemprop=\"url\" tabindex=\"0\"><span class=\"avia-bullet\"><\/span><span class=\"avia-menu-text\">\u0160porty<\/span><span class=\"avia-menu-fx\"><span class=\"avia-arrow-wrap\"><span class=\"avia-arrow\"><\/span><\/span><\/span><\/a>\n\n\n<ul class=\"sub-menu\">\n\t<li role=\"menuitem\" id=\"menu-item-662\" class=\"menu-item menu-item-type-post_type menu-item-object-page\"><a href=\"https:\/\/slovenskefiremnehry.sk\/zima\/discipliny-a-pravidla\/\" itemprop=\"url\" tabindex=\"0\"><span class=\"avia-bullet\"><\/span><span class=\"avia-menu-text\">Pravidl\u00e1<\/span><\/a><\/li>\n\t<li role=\"menuitem\" id=\"menu-item-535\" class=\"menu-item menu-item-type-post_type menu-item-object-page\"><a href=\"https:\/\/slovenskefiremnehry.sk\/zima\/krizova-alternativa-2\/\" itemprop=\"url\" tabindex=\"0\"><span class=\"avia-bullet\"><\/span><span class=\"avia-menu-text\">Kr\u00edzov\u00e1 alternat\u00edva<\/span><\/a><\/li>\n\t<li role=\"menuitem\" id=\"menu-item-536\" class=\"menu-item menu-item-type-post_type menu-item-object-page\"><a href=\"https:\/\/slovenskefiremnehry.sk\/zima\/mapa-sportovisk\/\" itemprop=\"url\" tabindex=\"0\"><span class=\"avia-bullet\"><\/span><span class=\"avia-menu-text\">Mapa \u0161portov\u00edsk<\/span><\/a><\/li>\n<\/ul>\n<\/li>\n<li role=\"menuitem\" id=\"menu-item-669\" class=\"menu-item menu-item-type-post_type menu-item-object-page menu-item-has-children menu-item-top-level menu-item-top-level-3\"><a href=\"https:\/\/slovenskefiremnehry.sk\/zima\/hodnotenie\/\" itemprop=\"url\" tabindex=\"0\"><span class=\"avia-bullet\"><\/span><span class=\"avia-menu-text\">Hodnotenie<\/span><span class=\"avia-menu-fx\"><span class=\"avia-arrow-wrap\"><span class=\"avia-arrow\"><\/span><\/span><\/span><\/a>\n\n\n<ul class=\"sub-menu\">\n\t<li role=\"menuitem\" id=\"menu-item-537\" class=\"menu-item menu-item-type-post_type menu-item-object-page\"><a href=\"https:\/\/slovenskefiremnehry.sk\/zima\/institut-protestu\/\" itemprop=\"url\" tabindex=\"0\"><span class=\"avia-bullet\"><\/span><span class=\"avia-menu-text\">In\u0161tit\u00fat protestu<\/span><\/a><\/li>\n<\/ul>\n<\/li>\n<li role=\"menuitem\" id=\"menu-item-4367\" class=\"menu-item menu-item-type-post_type menu-item-object-page menu-item-top-level menu-item-top-level-4\"><a href=\"https:\/\/slovenskefiremnehry.sk\/zima\/vysledky\/\" itemprop=\"url\" tabindex=\"0\"><span class=\"avia-bullet\"><\/span><span class=\"avia-menu-text\">V\u00fdsledky<\/span><span class=\"avia-menu-fx\"><span class=\"avia-arrow-wrap\"><span class=\"avia-arrow\"><\/span><\/span><\/span><\/a><\/li>\n<li role=\"menuitem\" id=\"menu-item-508\" class=\"menu-item menu-item-type-post_type menu-item-object-page menu-item-top-level menu-item-top-level-5\"><a href=\"https:\/\/slovenskefiremnehry.sk\/zima\/program-podujatia-2\/\" itemprop=\"url\" tabindex=\"0\"><span class=\"avia-bullet\"><\/span><span class=\"avia-menu-text\">Program podujatia<\/span><span class=\"avia-menu-fx\"><span class=\"avia-arrow-wrap\"><span class=\"avia-arrow\"><\/span><\/span><\/span><\/a><\/li>\n<li role=\"menuitem\" id=\"menu-item-506\" class=\"menu-item menu-item-type-post_type menu-item-object-page menu-item-top-level menu-item-top-level-6\"><a href=\"https:\/\/slovenskefiremnehry.sk\/zima\/prihlasene-timy\/\" itemprop=\"url\" tabindex=\"0\"><span class=\"avia-bullet\"><\/span><span class=\"avia-menu-text\">\u00da\u010dastn\u00edci<\/span><span class=\"avia-menu-fx\"><span class=\"avia-arrow-wrap\"><span class=\"avia-arrow\"><\/span><\/span><\/span><\/a><\/li>\n<li role=\"menuitem\" id=\"menu-item-538\" class=\"menu-item menu-item-type-post_type menu-item-object-page menu-item-has-children menu-item-top-level menu-item-top-level-7\"><a href=\"https:\/\/slovenskefiremnehry.sk\/zima\/podmienky-ucasti\/\" itemprop=\"url\" tabindex=\"0\"><span class=\"avia-bullet\"><\/span><span class=\"avia-menu-text\">Podmienky \u00fa\u010dasti<\/span><span class=\"avia-menu-fx\"><span class=\"avia-arrow-wrap\"><span class=\"avia-arrow\"><\/span><\/span><\/span><\/a>\n\n\n<ul class=\"sub-menu\">\n\t<li role=\"menuitem\" id=\"menu-item-507\" class=\"menu-item menu-item-type-post_type menu-item-object-page\"><a href=\"https:\/\/slovenskefiremnehry.sk\/zima\/ucastnicky-poplatok\/\" itemprop=\"url\" tabindex=\"0\"><span class=\"avia-bullet\"><\/span><span class=\"avia-menu-text\">\u00da\u010dastn\u00edcky poplatok<\/span><\/a><\/li>\n\t<li role=\"menuitem\" id=\"menu-item-2755\" class=\"menu-item menu-item-type-post_type menu-item-object-page\"><a href=\"https:\/\/slovenskefiremnehry.sk\/zima\/osobne-udaje\/\" itemprop=\"url\" tabindex=\"0\"><span class=\"avia-bullet\"><\/span><span class=\"avia-menu-text\">Osobn\u00e9 \u00fadaje<\/span><\/a><\/li>\n\t<li role=\"menuitem\" id=\"menu-item-2758\" class=\"menu-item menu-item-type-post_type menu-item-object-page\"><a href=\"https:\/\/slovenskefiremnehry.sk\/zima\/uzavierka-prihlasok\/\" itemprop=\"url\" tabindex=\"0\"><span class=\"avia-bullet\"><\/span><span class=\"avia-menu-text\">Uz\u00e1vierka prihl\u00e1\u0161ok<\/span><\/a><\/li>\n<\/ul>\n<\/li>\n<li role=\"menuitem\" id=\"menu-item-505\" class=\"menu-item menu-item-type-post_type menu-item-object-page menu-item-top-level menu-item-top-level-8\"><a href=\"https:\/\/slovenskefiremnehry.sk\/zima\/galeria\/\" itemprop=\"url\" tabindex=\"0\"><span class=\"avia-bullet\"><\/span><span class=\"avia-menu-text\">Gal\u00e9ria<\/span><span class=\"avia-menu-fx\"><span class=\"avia-arrow-wrap\"><span class=\"avia-arrow\"><\/span><\/span><\/span><\/a><\/li>\n<li role=\"menuitem\" id=\"menu-item-3934\" class=\"menu-item menu-item-type-post_type menu-item-object-page menu-item-top-level menu-item-top-level-9\"><a href=\"https:\/\/slovenskefiremnehry.sk\/zima\/kontakty\/\" itemprop=\"url\" tabindex=\"0\"><span class=\"avia-bullet\"><\/span><span class=\"avia-menu-text\">Kontakty<\/span><span class=\"avia-menu-fx\"><span class=\"avia-arrow-wrap\"><span class=\"avia-arrow\"><\/span><\/span><\/span><\/a><\/li>\n<\/ul><\/div><\/div><div class='sticky_placeholder'><\/div><div id='after_submenu_1'  class='main_color av_default_container_wrap container_wrap fullsize'  ><div class='container av-section-cont-open' ><div class='template-page content  av-content-full alpha units'><div class='post-entry post-entry-type-page post-entry-532'><div class='entry-content-wrapper clearfix'>\n\n<style type=\"text\/css\" data-created_by=\"avia_inline_auto\" id=\"style-css-av-av_heading-2b33fb2819cdd0d4bfe19e871b3cbe63\">\n#top .av-special-heading.av-av_heading-2b33fb2819cdd0d4bfe19e871b3cbe63{\npadding-bottom:10px;\n}\nbody .av-special-heading.av-av_heading-2b33fb2819cdd0d4bfe19e871b3cbe63 .av-special-heading-tag .heading-char{\nfont-size:25px;\n}\n.av-special-heading.av-av_heading-2b33fb2819cdd0d4bfe19e871b3cbe63 .av-subheading{\nfont-size:15px;\n}\n<\/style>\n<div  class='av-special-heading av-av_heading-2b33fb2819cdd0d4bfe19e871b3cbe63 av-special-heading-h1  avia-builder-el-2  el_after_av_submenu  el_before_av_one_full  avia-builder-el-first '><h1 class='av-special-heading-tag '  itemprop=\"headline\"  >V\u00fdsledky 2019<\/h1><div class=\"special-heading-border\"><div class=\"special-heading-inner-border\"><\/div><\/div><\/div>\n<div  class='flex_column av-av_one_full-2a9015ff38129c418a3f2eafba3e9512 av_one_full  avia-builder-el-3  el_after_av_heading  el_before_av_one_full  first flex_column_div  '     ><section  class='av_textblock_section av-av_textblock-0366cc7376be6c9e82a3e9cc8987b64f '   itemscope=\"itemscope\" itemtype=\"https:\/\/schema.org\/CreativeWork\" ><div class='avia_textblock'  itemprop=\"text\" ><table width=\"471\">\n<tbody>\n<tr>\n<td width=\"50\">Por.<\/td>\n<td width=\"35\">Body<\/td>\n<td width=\"386\">N\u00e1zov firmy<\/td>\n<\/tr>\n<tr>\n<td>1<\/td>\n<td>832<\/td>\n<td>dm drogerie markt, s.r.o.<\/td>\n<\/tr>\n<tr>\n<td>2<\/td>\n<td>812<\/td>\n<td>Accenture s.r.o<\/td>\n<\/tr>\n<tr>\n<td>3<\/td>\n<td>720<\/td>\n<td>Slovensk\u00e9 elektr\u00e1rne, a.s.<\/td>\n<\/tr>\n<tr>\n<td>4<\/td>\n<td>580<\/td>\n<td>Pixel Federation<\/td>\n<\/tr>\n<tr>\n<td>5<\/td>\n<td>316<\/td>\n<td>Mark\u00edza &#8211; Slovakia, spol. s r.o.<\/td>\n<\/tr>\n<tr>\n<td>6<\/td>\n<td>312<\/td>\n<td>SONY Team<\/td>\n<\/tr>\n<tr>\n<td>7<\/td>\n<td>216<\/td>\n<td>Davinci software s.r.o.<\/td>\n<\/tr>\n<tr>\n<td>8<\/td>\n<td>208<\/td>\n<td>PosAm, spol s r.o.<\/td>\n<\/tr>\n<tr>\n<td>9<\/td>\n<td>192<\/td>\n<td>Kasty<\/td>\n<\/tr>\n<tr>\n<td>10<\/td>\n<td>176<\/td>\n<td>Cech husacin\u00e1rov<\/td>\n<\/tr>\n<tr>\n<td>11<\/td>\n<td>176<\/td>\n<td>DXC Technology, s.r.o.<\/td>\n<\/tr>\n<tr>\n<td>12<\/td>\n<td>108<\/td>\n<td>Slovshore<\/td>\n<\/tr>\n<tr>\n<td>13<\/td>\n<td>72<\/td>\n<td>News and Media Holding as.s<\/td>\n<\/tr>\n<tr>\n<td>14<\/td>\n<td>40<\/td>\n<td>Volkswagen Slovakia<\/td>\n<\/tr>\n<tr>\n<td>15<\/td>\n<td>32<\/td>\n<td>JL\u00a0 ar\u00e9na, s.r.o.<\/td>\n<\/tr>\n<tr>\n<td>16<\/td>\n<td>32<\/td>\n<td>X-NET spol s r.o.<\/td>\n<\/tr>\n<tr>\n<td>17<\/td>\n<td>24<\/td>\n<td>Nubium, s.r.o.<\/td>\n<\/tr>\n<tr>\n<td>18<\/td>\n<td>0<\/td>\n<td>D.V.O. s.r.o.<\/td>\n<\/tr>\n<tr>\n<td>19<\/td>\n<td>0<\/td>\n<td>EFCS<\/td>\n<\/tr>\n<tr>\n<td>20<\/td>\n<td>0<\/td>\n<td>Hacktrophy spol. s r.o.<\/td>\n<\/tr>\n<\/tbody>\n<\/table>\n<\/div><\/section><\/div>\n<div  class='flex_column av-av_one_full-2a9015ff38129c418a3f2eafba3e9512 av_one_full  avia-builder-el-5  el_after_av_one_full  avia-builder-el-last  first flex_column_div  column-top-margin'     ><section  class='av_textblock_section av-av_textblock-0366cc7376be6c9e82a3e9cc8987b64f '   itemscope=\"itemscope\" itemtype=\"https:\/\/schema.org\/CreativeWork\" ><div class='avia_textblock'  itemprop=\"text\" ><ul>\n<ul>\n<li><a href=\"http:\/\/slovenskefiremnehry.sk\/zima\/wp-content\/uploads\/2019\/csfh_2019_zima_zjazd.pdf\">Zjazd<\/a><\/li>\n<li><a href=\"http:\/\/slovenskefiremnehry.sk\/zima\/wp-content\/uploads\/2019\/csfh_2019_zima_slalom_lyze.pdf\">Slalom &#8211; ly\u017ee<\/a><\/li>\n<li><a href=\"http:\/\/slovenskefiremnehry.sk\/zima\/wp-content\/uploads\/2019\/csfh_2019_zima_skialpinizmus.pdf\">Skialpinizmus<\/a><\/li>\n<li><a href=\"http:\/\/slovenskefiremnehry.sk\/zima\/wp-content\/uploads\/2019\/csfh_2019_zima_florbal.pdf\">Florbal<\/a><\/li>\n<li><a href=\"http:\/\/slovenskefiremnehry.sk\/zima\/wp-content\/uploads\/2019\/csfh_2019_zima_beh_na_lyziach.pdf\">Beh na ly\u017eiach<\/a><\/li>\n<li><a href=\"http:\/\/slovenskefiremnehry.sk\/zima\/wp-content\/uploads\/2019\/csfh_2019_zima_bowling.pdf\">Bowling<\/a><\/li>\n<li><a href=\"http:\/\/slovenskefiremnehry.sk\/zima\/wp-content\/uploads\/2019\/csfh_2019_zima_stolny_tenis_dvojhra.pdf\">Stoln\u00fd tenis &#8211; dvojhra<\/a><\/li>\n<li><a href=\"http:\/\/slovenskefiremnehry.sk\/zima\/wp-content\/uploads\/2019\/csfh_2019_zima_poker.pdf\">Poker<\/a><\/li>\n<li><a href=\"http:\/\/slovenskefiremnehry.sk\/zima\/wp-content\/uploads\/2019\/csfh_2019_zima_snowboard_slalom.pdf\">Snowboard &#8211; slalom<\/a><\/li>\n<li><a href=\"http:\/\/slovenskefiremnehry.sk\/zima\/wp-content\/uploads\/2019\/csfh_2019_zima_stolny_tenis_stvorhra.pdf\">Stoln\u00fd tenis &#8211; \u0161tvorhra<\/a><\/li>\n<li><a href=\"http:\/\/slovenskefiremnehry.sk\/zima\/wp-content\/uploads\/2019\/csfh_2019_zima_vedomostny_kviz.pdf\">Vedomostn\u00fd kv\u00edz<\/a><\/li>\n<li><a href=\"http:\/\/slovenskefiremnehry.sk\/zima\/wp-content\/uploads\/2019\/csfh_2019_zima_stafeta_behu_na_lyziach.pdf\">\u0160tafeta behu na ly\u017eiach<\/a><\/li>\n<li><a href=\"http:\/\/slovenskefiremnehry.sk\/zima\/wp-content\/uploads\/2019\/csfh_2019_zima_ladovy_hokej.pdf\">\u013dadov\u00fd hokej<\/a><\/li>\n<\/ul>\n<\/ul>\n<\/div><\/section><\/div>\n","protected":false},"excerpt":{"rendered":"","protected":false},"author":1,"featured_media":0,"parent":0,"menu_order":48,"comment_status":"closed","ping_status":"closed","template":"","meta":{"footnotes":""},"class_list":["post-532","page","type-page","status-publish","hentry"],"_links":{"self":[{"href":"https:\/\/slovenskefiremnehry.sk\/zima\/wp-json\/wp\/v2\/pages\/532","targetHints":{"allow":["GET"]}}],"collection":[{"href":"https:\/\/slovenskefiremnehry.sk\/zima\/wp-json\/wp\/v2\/pages"}],"about":[{"href":"https:\/\/slovenskefiremnehry.sk\/zima\/wp-json\/wp\/v2\/types\/page"}],"author":[{"embeddable":true,"href":"https:\/\/slovenskefiremnehry.sk\/zima\/wp-json\/wp\/v2\/users\/1"}],"replies":[{"embeddable":true,"href":"https:\/\/slovenskefiremnehry.sk\/zima\/wp-json\/wp\/v2\/comments?post=532"}],"version-history":[{"count":8,"href":"https:\/\/slovenskefiremnehry.sk\/zima\/wp-json\/wp\/v2\/pages\/532\/revisions"}],"predecessor-version":[{"id":4869,"href":"https:\/\/slovenskefiremnehry.sk\/zima\/wp-json\/wp\/v2\/pages\/532\/revisions\/4869"}],"wp:attachment":[{"href":"https:\/\/slovenskefiremnehry.sk\/zima\/wp-json\/wp\/v2\/media?parent=532"}],"curies":[{"name":"wp","href":"https:\/\/api.w.org\/{rel}","templated":true}]}}