{"id":528,"date":"2015-04-29T09:31:31","date_gmt":"2015-04-29T07:31:31","guid":{"rendered":"http:\/\/slovenskefiremnehry.sk\/zima\/?page_id=528"},"modified":"2017-11-27T13:11:20","modified_gmt":"2017-11-27T11:11:20","slug":"institut-protestu","status":"publish","type":"page","link":"https:\/\/slovenskefiremnehry.sk\/zima\/institut-protestu\/","title":{"rendered":"In\u0161tit\u00fat protestu"},"content":{"rendered":"<div id='full_slider_1'  class='avia-fullwidth-slider main_color avia-shadow   avia-builder-el-0  el_before_av_submenu  avia-builder-el-first   container_wrap fullsize'  ><div  class='avia-slideshow av-av_slideshow_full-7c89eef234b705e7a4d2de62d66c7ebb avia-slideshow-no scaling av_slideshow_full avia-slide-slider av-slideshow-ui av-control-default av-slideshow-manual av-loop-once av-loop-manual-endless av-default-height-applied   avia-slideshow-1' data-slideshow-options=\"{&quot;animation&quot;:&quot;slide&quot;,&quot;autoplay&quot;:false,&quot;loop_autoplay&quot;:&quot;once&quot;,&quot;interval&quot;:5,&quot;loop_manual&quot;:&quot;manual-endless&quot;,&quot;autoplay_stopper&quot;:false,&quot;noNavigation&quot;:false,&quot;bg_slider&quot;:false,&quot;keep_padding&quot;:false,&quot;hoverpause&quot;:false,&quot;show_slide_delay&quot;:0}\"  itemprop=\"image\" itemscope=\"itemscope\" itemtype=\"https:\/\/schema.org\/ImageObject\" ><ul class='avia-slideshow-inner ' style='padding-bottom: 20.8333333333%;'><li  class='avia-slideshow-slide av-av_slideshow_full-7c89eef234b705e7a4d2de62d66c7ebb__0  av-single-slide slide-1 slide-odd'><div data-rel='slideshow-1' class='avia-slide-wrap '   ><img fetchpriority=\"high\" class=\"wp-image-3878 avia-img-lazy-loading-not-3878\"  src='https:\/\/slovenskefiremnehry.sk\/zima\/wp-content\/uploads\/2015\/04\/01-new.jpg' width='1920' height='400' title='01-new' alt=''  itemprop=\"thumbnailUrl\"   \/><\/div><\/li><\/ul><\/div><\/div>\n<div class='clear'><\/div><div id='sub_menu1'  class='av-submenu-container av-av_submenu-e9895456bf53b9758b52bf08778223ff header_color  avia-builder-el-1  el_after_av_slideshow_full  el_before_av_one_full  av-sticky-submenu submenu-not-first container_wrap fullsize' style='z-index:301' ><div class='container av-menu-mobile-disabled av-submenu-pos-center'><ul id=\"menu-bocne-menu\" class=\"av-subnav-menu\" role=\"menu\"><li role=\"menuitem\" id=\"menu-item-3862\" class=\"menu-item menu-item-type-post_type menu-item-object-page menu-item-top-level menu-item-top-level-1\"><a href=\"https:\/\/slovenskefiremnehry.sk\/zima\/ceskoslovenske\/\" itemprop=\"url\" tabindex=\"0\"><span class=\"avia-bullet\"><\/span><span class=\"avia-menu-text\">O hr\u00e1ch<\/span><span class=\"avia-menu-fx\"><span class=\"avia-arrow-wrap\"><span class=\"avia-arrow\"><\/span><\/span><\/span><\/a><\/li>\n<li role=\"menuitem\" id=\"menu-item-509\" class=\"menu-item menu-item-type-post_type menu-item-object-page menu-item-has-children menu-item-top-level menu-item-top-level-2\"><a href=\"https:\/\/slovenskefiremnehry.sk\/zima\/sutazny-program\/\" itemprop=\"url\" tabindex=\"0\"><span class=\"avia-bullet\"><\/span><span class=\"avia-menu-text\">\u0160porty<\/span><span class=\"avia-menu-fx\"><span class=\"avia-arrow-wrap\"><span class=\"avia-arrow\"><\/span><\/span><\/span><\/a>\n\n\n<ul class=\"sub-menu\">\n\t<li role=\"menuitem\" id=\"menu-item-662\" class=\"menu-item menu-item-type-post_type menu-item-object-page\"><a href=\"https:\/\/slovenskefiremnehry.sk\/zima\/discipliny-a-pravidla\/\" itemprop=\"url\" tabindex=\"0\"><span class=\"avia-bullet\"><\/span><span class=\"avia-menu-text\">Pravidl\u00e1<\/span><\/a><\/li>\n\t<li role=\"menuitem\" id=\"menu-item-535\" class=\"menu-item menu-item-type-post_type menu-item-object-page\"><a href=\"https:\/\/slovenskefiremnehry.sk\/zima\/krizova-alternativa-2\/\" itemprop=\"url\" tabindex=\"0\"><span class=\"avia-bullet\"><\/span><span class=\"avia-menu-text\">Kr\u00edzov\u00e1 alternat\u00edva<\/span><\/a><\/li>\n\t<li role=\"menuitem\" id=\"menu-item-536\" class=\"menu-item menu-item-type-post_type menu-item-object-page\"><a href=\"https:\/\/slovenskefiremnehry.sk\/zima\/mapa-sportovisk\/\" itemprop=\"url\" tabindex=\"0\"><span class=\"avia-bullet\"><\/span><span class=\"avia-menu-text\">Mapa \u0161portov\u00edsk<\/span><\/a><\/li>\n<\/ul>\n<\/li>\n<li role=\"menuitem\" id=\"menu-item-669\" class=\"menu-item menu-item-type-post_type menu-item-object-page menu-item-has-children menu-item-top-level menu-item-top-level-3\"><a href=\"https:\/\/slovenskefiremnehry.sk\/zima\/hodnotenie\/\" itemprop=\"url\" tabindex=\"0\"><span class=\"avia-bullet\"><\/span><span class=\"avia-menu-text\">Hodnotenie<\/span><span class=\"avia-menu-fx\"><span class=\"avia-arrow-wrap\"><span class=\"avia-arrow\"><\/span><\/span><\/span><\/a>\n\n\n<ul class=\"sub-menu\">\n\t<li role=\"menuitem\" id=\"menu-item-537\" class=\"menu-item menu-item-type-post_type menu-item-object-page\"><a href=\"https:\/\/slovenskefiremnehry.sk\/zima\/institut-protestu\/\" itemprop=\"url\" tabindex=\"0\"><span class=\"avia-bullet\"><\/span><span class=\"avia-menu-text\">In\u0161tit\u00fat protestu<\/span><\/a><\/li>\n<\/ul>\n<\/li>\n<li role=\"menuitem\" id=\"menu-item-4367\" class=\"menu-item menu-item-type-post_type menu-item-object-page menu-item-top-level menu-item-top-level-4\"><a href=\"https:\/\/slovenskefiremnehry.sk\/zima\/vysledky\/\" itemprop=\"url\" tabindex=\"0\"><span class=\"avia-bullet\"><\/span><span class=\"avia-menu-text\">V\u00fdsledky<\/span><span class=\"avia-menu-fx\"><span class=\"avia-arrow-wrap\"><span class=\"avia-arrow\"><\/span><\/span><\/span><\/a><\/li>\n<li role=\"menuitem\" id=\"menu-item-508\" class=\"menu-item menu-item-type-post_type menu-item-object-page menu-item-top-level menu-item-top-level-5\"><a href=\"https:\/\/slovenskefiremnehry.sk\/zima\/program-podujatia-2\/\" itemprop=\"url\" tabindex=\"0\"><span class=\"avia-bullet\"><\/span><span class=\"avia-menu-text\">Program podujatia<\/span><span class=\"avia-menu-fx\"><span class=\"avia-arrow-wrap\"><span class=\"avia-arrow\"><\/span><\/span><\/span><\/a><\/li>\n<li role=\"menuitem\" id=\"menu-item-506\" class=\"menu-item menu-item-type-post_type menu-item-object-page menu-item-top-level menu-item-top-level-6\"><a href=\"https:\/\/slovenskefiremnehry.sk\/zima\/prihlasene-timy\/\" itemprop=\"url\" tabindex=\"0\"><span class=\"avia-bullet\"><\/span><span class=\"avia-menu-text\">\u00da\u010dastn\u00edci<\/span><span class=\"avia-menu-fx\"><span class=\"avia-arrow-wrap\"><span class=\"avia-arrow\"><\/span><\/span><\/span><\/a><\/li>\n<li role=\"menuitem\" id=\"menu-item-538\" class=\"menu-item menu-item-type-post_type menu-item-object-page menu-item-has-children menu-item-top-level menu-item-top-level-7\"><a href=\"https:\/\/slovenskefiremnehry.sk\/zima\/podmienky-ucasti\/\" itemprop=\"url\" tabindex=\"0\"><span class=\"avia-bullet\"><\/span><span class=\"avia-menu-text\">Podmienky \u00fa\u010dasti<\/span><span class=\"avia-menu-fx\"><span class=\"avia-arrow-wrap\"><span class=\"avia-arrow\"><\/span><\/span><\/span><\/a>\n\n\n<ul class=\"sub-menu\">\n\t<li role=\"menuitem\" id=\"menu-item-507\" class=\"menu-item menu-item-type-post_type menu-item-object-page\"><a href=\"https:\/\/slovenskefiremnehry.sk\/zima\/ucastnicky-poplatok\/\" itemprop=\"url\" tabindex=\"0\"><span class=\"avia-bullet\"><\/span><span class=\"avia-menu-text\">\u00da\u010dastn\u00edcky poplatok<\/span><\/a><\/li>\n\t<li role=\"menuitem\" id=\"menu-item-2755\" class=\"menu-item menu-item-type-post_type menu-item-object-page\"><a href=\"https:\/\/slovenskefiremnehry.sk\/zima\/osobne-udaje\/\" itemprop=\"url\" tabindex=\"0\"><span class=\"avia-bullet\"><\/span><span class=\"avia-menu-text\">Osobn\u00e9 \u00fadaje<\/span><\/a><\/li>\n\t<li role=\"menuitem\" id=\"menu-item-2758\" class=\"menu-item menu-item-type-post_type menu-item-object-page\"><a href=\"https:\/\/slovenskefiremnehry.sk\/zima\/uzavierka-prihlasok\/\" itemprop=\"url\" tabindex=\"0\"><span class=\"avia-bullet\"><\/span><span class=\"avia-menu-text\">Uz\u00e1vierka prihl\u00e1\u0161ok<\/span><\/a><\/li>\n<\/ul>\n<\/li>\n<li role=\"menuitem\" id=\"menu-item-505\" class=\"menu-item menu-item-type-post_type menu-item-object-page menu-item-top-level menu-item-top-level-8\"><a href=\"https:\/\/slovenskefiremnehry.sk\/zima\/galeria\/\" itemprop=\"url\" tabindex=\"0\"><span class=\"avia-bullet\"><\/span><span class=\"avia-menu-text\">Gal\u00e9ria<\/span><span class=\"avia-menu-fx\"><span class=\"avia-arrow-wrap\"><span class=\"avia-arrow\"><\/span><\/span><\/span><\/a><\/li>\n<li role=\"menuitem\" id=\"menu-item-3934\" class=\"menu-item menu-item-type-post_type menu-item-object-page menu-item-top-level menu-item-top-level-9\"><a href=\"https:\/\/slovenskefiremnehry.sk\/zima\/kontakty\/\" itemprop=\"url\" tabindex=\"0\"><span class=\"avia-bullet\"><\/span><span class=\"avia-menu-text\">Kontakty<\/span><span class=\"avia-menu-fx\"><span class=\"avia-arrow-wrap\"><span class=\"avia-arrow\"><\/span><\/span><\/span><\/a><\/li>\n<\/ul><\/div><\/div><div class='sticky_placeholder'><\/div><div id='after_submenu_1'  class='main_color av_default_container_wrap container_wrap fullsize'  ><div class='container av-section-cont-open' ><div class='template-page content  av-content-full alpha units'><div class='post-entry post-entry-type-page post-entry-528'><div class='entry-content-wrapper clearfix'>\n<div  class='flex_column av-av_one_full-2a9015ff38129c418a3f2eafba3e9512 av_one_full  avia-builder-el-2  el_after_av_submenu  avia-builder-el-no-sibling  first flex_column_div  '     ><p>\n<style type=\"text\/css\" data-created_by=\"avia_inline_auto\" id=\"style-css-av-av_heading-4a42f8cb463e76c5cd3ee7dc9411217e\">\n#top .av-special-heading.av-av_heading-4a42f8cb463e76c5cd3ee7dc9411217e{\npadding-bottom:10px;\n}\nbody .av-special-heading.av-av_heading-4a42f8cb463e76c5cd3ee7dc9411217e .av-special-heading-tag .heading-char{\nfont-size:25px;\n}\n.av-special-heading.av-av_heading-4a42f8cb463e76c5cd3ee7dc9411217e .av-subheading{\nfont-size:15px;\n}\n<\/style>\n<div  class='av-special-heading av-av_heading-4a42f8cb463e76c5cd3ee7dc9411217e av-special-heading-h1  avia-builder-el-3  el_before_av_textblock  avia-builder-el-first '><h1 class='av-special-heading-tag '  itemprop=\"headline\"  >In\u0161tit\u00fat protestu<\/h1><div class=\"special-heading-border\"><div class=\"special-heading-inner-border\"><\/div><\/div><\/div><br \/>\n<section  class='av_textblock_section av-av_textblock-0366cc7376be6c9e82a3e9cc8987b64f '   itemscope=\"itemscope\" itemtype=\"https:\/\/schema.org\/CreativeWork\" ><div class='avia_textblock'  itemprop=\"text\" ><p class=\"p1\"><span class=\"s1\">Protest proti neopr\u00e1vnen\u00fdm a chybn\u00fdm v\u00fdsledkom po\u010das priebehu a po skon\u010den\u00ed s\u00fa\u0165a\u017en\u00fdch discipl\u00edn.<\/span><\/p>\n<p><b>Fin\u00e1lne v\u00fdsledky jednotliv\u00fdch discipl\u00edn bud\u00fa ozn\u00e1men\u00e9 na v\u00fdvesnej tabuli v hoteli Patria priebe\u017ene po\u010das \u0161portov\u00e9ho d\u0148a a po ukon\u010den\u00ed \u0161portovej discipl\u00edny.<\/b><\/p>\n<p>Na ka\u017edej s\u00fa\u0165a\u017enej discipl\u00edne je V\u00e1m k dispoz\u00edcii n\u00e1\u0161 koordin\u00e1tor. V jeho kompetencii je rozhodova\u0165 a rie\u0161i\u0165 poru\u0161enie pravidiel v danej discipl\u00edne. M\u00e1 pr\u00e1vo vyk\u00e1za\u0165 s\u00fa\u0165a\u017eiaceho zo \u0161portoviska a v pr\u00edpade poru\u0161enia pravidiel s\u00fa\u0165a\u017enej discipl\u00edny, diskvalifikova\u0165 s\u00fa\u0165a\u017eiaceho alebo t\u00edm v pr\u00edpade, \u017ee do\u0161lo k zmene na s\u00fapiske alebo nenast\u00fapenie dru\u017estva v plnom po\u010dte.<\/p>\n<p>V pr\u00edpade, \u017ee rozhodnutie koordin\u00e1tora nebolo v s\u00falade s pravidlami s\u00fa\u0165a\u017enej discipl\u00edny (nevz\u0165ahuje sa na bodovanie po\u010das hry) m\u00f4\u017eete sa odvola\u0165 na \u0161portov\u00e9ho\u00a0<b>riadite\u013ea hier &#8211; Du\u0161ana Kawascha, mobil 0905 610 687. Odvola\u0165 sa m\u00f4\u017eete priamo po\u010das hry, alebo do 15. min po skon\u010den\u00ed discipl\u00edny.<\/b><\/p>\n<p><b>V pr\u00edpade n\u00e1mietky vo\u010di v\u00fdsledkom, ktor\u00e9 sa vyhlasuj\u00fa v sobotu v hoteli Patria v \u010dase od 20.00 &#8211; 21.00 hod je mo\u017en\u00e9 odvola\u0165 sa do 30 min. po vyhl\u00e1sen\u00ed v\u00fdsledkov u \u0161portov\u00e9ho riadite\u013ea Du\u0161ana Kawascha, ktor\u00fd V\u00e1m bude k dispoz\u00edcii pri n\u00e1stenke s v\u00fdsledkami oproti recepcii.<\/b><\/p>\n<p>Dodato\u010dn\u00e9 n\u00e1mietky a odvolania po uplynut\u00ed stanoven\u00e9ho term\u00ednu a \u010dasu nebud\u00fa bran\u00e9 do \u00favahy.<\/p>\n<\/div><\/section><\/p><\/div>\n","protected":false},"excerpt":{"rendered":"","protected":false},"author":1,"featured_media":0,"parent":0,"menu_order":15,"comment_status":"closed","ping_status":"closed","template":"","meta":{"footnotes":""},"class_list":["post-528","page","type-page","status-publish","hentry"],"_links":{"self":[{"href":"https:\/\/slovenskefiremnehry.sk\/zima\/wp-json\/wp\/v2\/pages\/528","targetHints":{"allow":["GET"]}}],"collection":[{"href":"https:\/\/slovenskefiremnehry.sk\/zima\/wp-json\/wp\/v2\/pages"}],"about":[{"href":"https:\/\/slovenskefiremnehry.sk\/zima\/wp-json\/wp\/v2\/types\/page"}],"author":[{"embeddable":true,"href":"https:\/\/slovenskefiremnehry.sk\/zima\/wp-json\/wp\/v2\/users\/1"}],"replies":[{"embeddable":true,"href":"https:\/\/slovenskefiremnehry.sk\/zima\/wp-json\/wp\/v2\/comments?post=528"}],"version-history":[{"count":6,"href":"https:\/\/slovenskefiremnehry.sk\/zima\/wp-json\/wp\/v2\/pages\/528\/revisions"}],"predecessor-version":[{"id":4064,"href":"https:\/\/slovenskefiremnehry.sk\/zima\/wp-json\/wp\/v2\/pages\/528\/revisions\/4064"}],"wp:attachment":[{"href":"https:\/\/slovenskefiremnehry.sk\/zima\/wp-json\/wp\/v2\/media?parent=528"}],"curies":[{"name":"wp","href":"https:\/\/api.w.org\/{rel}","templated":true}]}}