{"id":496,"date":"2015-04-28T08:21:26","date_gmt":"2015-04-28T06:21:26","guid":{"rendered":"http:\/\/slovenskefiremnehry.sk\/zima\/?page_id=496"},"modified":"2019-01-10T17:24:53","modified_gmt":"2019-01-10T15:24:53","slug":"ucastnicky-poplatok","status":"publish","type":"page","link":"https:\/\/slovenskefiremnehry.sk\/zima\/ucastnicky-poplatok\/","title":{"rendered":"\u00da\u010dastn\u00edcky poplatok"},"content":{"rendered":"<div id='full_slider_1'  class='avia-fullwidth-slider main_color avia-shadow   avia-builder-el-0  el_before_av_submenu  avia-builder-el-first   container_wrap fullsize'  ><div  class='avia-slideshow av-av_slideshow_full-7c89eef234b705e7a4d2de62d66c7ebb avia-slideshow-no scaling av_slideshow_full avia-slide-slider av-slideshow-ui av-control-default av-slideshow-manual av-loop-once av-loop-manual-endless av-default-height-applied   avia-slideshow-1' data-slideshow-options=\"{&quot;animation&quot;:&quot;slide&quot;,&quot;autoplay&quot;:false,&quot;loop_autoplay&quot;:&quot;once&quot;,&quot;interval&quot;:5,&quot;loop_manual&quot;:&quot;manual-endless&quot;,&quot;autoplay_stopper&quot;:false,&quot;noNavigation&quot;:false,&quot;bg_slider&quot;:false,&quot;keep_padding&quot;:false,&quot;hoverpause&quot;:false,&quot;show_slide_delay&quot;:0}\"  itemprop=\"image\" itemscope=\"itemscope\" itemtype=\"https:\/\/schema.org\/ImageObject\" ><ul class='avia-slideshow-inner ' style='padding-bottom: 20.8333333333%;'><li  class='avia-slideshow-slide av-av_slideshow_full-7c89eef234b705e7a4d2de62d66c7ebb__0  av-single-slide slide-1 slide-odd'><div data-rel='slideshow-1' class='avia-slide-wrap '   ><img fetchpriority=\"high\" class=\"wp-image-3878 avia-img-lazy-loading-not-3878\"  src='https:\/\/slovenskefiremnehry.sk\/zima\/wp-content\/uploads\/2015\/04\/01-new.jpg' width='1920' height='400' title='01-new' alt=''  itemprop=\"thumbnailUrl\"   \/><\/div><\/li><\/ul><\/div><\/div>\n<div class='clear'><\/div><div id='sub_menu1'  class='av-submenu-container av-av_submenu-e9895456bf53b9758b52bf08778223ff header_color  avia-builder-el-1  el_after_av_slideshow_full  el_before_av_one_full  av-sticky-submenu submenu-not-first container_wrap fullsize' style='z-index:301' ><div class='container av-menu-mobile-disabled av-submenu-pos-center'><ul id=\"menu-bocne-menu\" class=\"av-subnav-menu\" role=\"menu\"><li role=\"menuitem\" id=\"menu-item-3862\" class=\"menu-item menu-item-type-post_type menu-item-object-page menu-item-top-level menu-item-top-level-1\"><a href=\"https:\/\/slovenskefiremnehry.sk\/zima\/ceskoslovenske\/\" itemprop=\"url\" tabindex=\"0\"><span class=\"avia-bullet\"><\/span><span class=\"avia-menu-text\">O hr\u00e1ch<\/span><span class=\"avia-menu-fx\"><span class=\"avia-arrow-wrap\"><span class=\"avia-arrow\"><\/span><\/span><\/span><\/a><\/li>\n<li role=\"menuitem\" id=\"menu-item-509\" class=\"menu-item menu-item-type-post_type menu-item-object-page menu-item-has-children menu-item-top-level menu-item-top-level-2\"><a href=\"https:\/\/slovenskefiremnehry.sk\/zima\/sutazny-program\/\" itemprop=\"url\" tabindex=\"0\"><span class=\"avia-bullet\"><\/span><span class=\"avia-menu-text\">\u0160porty<\/span><span class=\"avia-menu-fx\"><span class=\"avia-arrow-wrap\"><span class=\"avia-arrow\"><\/span><\/span><\/span><\/a>\n\n\n<ul class=\"sub-menu\">\n\t<li role=\"menuitem\" id=\"menu-item-662\" class=\"menu-item menu-item-type-post_type menu-item-object-page\"><a href=\"https:\/\/slovenskefiremnehry.sk\/zima\/discipliny-a-pravidla\/\" itemprop=\"url\" tabindex=\"0\"><span class=\"avia-bullet\"><\/span><span class=\"avia-menu-text\">Pravidl\u00e1<\/span><\/a><\/li>\n\t<li role=\"menuitem\" id=\"menu-item-535\" class=\"menu-item menu-item-type-post_type menu-item-object-page\"><a href=\"https:\/\/slovenskefiremnehry.sk\/zima\/krizova-alternativa-2\/\" itemprop=\"url\" tabindex=\"0\"><span class=\"avia-bullet\"><\/span><span class=\"avia-menu-text\">Kr\u00edzov\u00e1 alternat\u00edva<\/span><\/a><\/li>\n\t<li role=\"menuitem\" id=\"menu-item-536\" class=\"menu-item menu-item-type-post_type menu-item-object-page\"><a href=\"https:\/\/slovenskefiremnehry.sk\/zima\/mapa-sportovisk\/\" itemprop=\"url\" tabindex=\"0\"><span class=\"avia-bullet\"><\/span><span class=\"avia-menu-text\">Mapa \u0161portov\u00edsk<\/span><\/a><\/li>\n<\/ul>\n<\/li>\n<li role=\"menuitem\" id=\"menu-item-669\" class=\"menu-item menu-item-type-post_type menu-item-object-page menu-item-has-children menu-item-top-level menu-item-top-level-3\"><a href=\"https:\/\/slovenskefiremnehry.sk\/zima\/hodnotenie\/\" itemprop=\"url\" tabindex=\"0\"><span class=\"avia-bullet\"><\/span><span class=\"avia-menu-text\">Hodnotenie<\/span><span class=\"avia-menu-fx\"><span class=\"avia-arrow-wrap\"><span class=\"avia-arrow\"><\/span><\/span><\/span><\/a>\n\n\n<ul class=\"sub-menu\">\n\t<li role=\"menuitem\" id=\"menu-item-537\" class=\"menu-item menu-item-type-post_type menu-item-object-page\"><a href=\"https:\/\/slovenskefiremnehry.sk\/zima\/institut-protestu\/\" itemprop=\"url\" tabindex=\"0\"><span class=\"avia-bullet\"><\/span><span class=\"avia-menu-text\">In\u0161tit\u00fat protestu<\/span><\/a><\/li>\n<\/ul>\n<\/li>\n<li role=\"menuitem\" id=\"menu-item-4367\" class=\"menu-item menu-item-type-post_type menu-item-object-page menu-item-top-level menu-item-top-level-4\"><a href=\"https:\/\/slovenskefiremnehry.sk\/zima\/vysledky\/\" itemprop=\"url\" tabindex=\"0\"><span class=\"avia-bullet\"><\/span><span class=\"avia-menu-text\">V\u00fdsledky<\/span><span class=\"avia-menu-fx\"><span class=\"avia-arrow-wrap\"><span class=\"avia-arrow\"><\/span><\/span><\/span><\/a><\/li>\n<li role=\"menuitem\" id=\"menu-item-508\" class=\"menu-item menu-item-type-post_type menu-item-object-page menu-item-top-level menu-item-top-level-5\"><a href=\"https:\/\/slovenskefiremnehry.sk\/zima\/program-podujatia-2\/\" itemprop=\"url\" tabindex=\"0\"><span class=\"avia-bullet\"><\/span><span class=\"avia-menu-text\">Program podujatia<\/span><span class=\"avia-menu-fx\"><span class=\"avia-arrow-wrap\"><span class=\"avia-arrow\"><\/span><\/span><\/span><\/a><\/li>\n<li role=\"menuitem\" id=\"menu-item-506\" class=\"menu-item menu-item-type-post_type menu-item-object-page menu-item-top-level menu-item-top-level-6\"><a href=\"https:\/\/slovenskefiremnehry.sk\/zima\/prihlasene-timy\/\" itemprop=\"url\" tabindex=\"0\"><span class=\"avia-bullet\"><\/span><span class=\"avia-menu-text\">\u00da\u010dastn\u00edci<\/span><span class=\"avia-menu-fx\"><span class=\"avia-arrow-wrap\"><span class=\"avia-arrow\"><\/span><\/span><\/span><\/a><\/li>\n<li role=\"menuitem\" id=\"menu-item-538\" class=\"menu-item menu-item-type-post_type menu-item-object-page menu-item-has-children menu-item-top-level menu-item-top-level-7\"><a href=\"https:\/\/slovenskefiremnehry.sk\/zima\/podmienky-ucasti\/\" itemprop=\"url\" tabindex=\"0\"><span class=\"avia-bullet\"><\/span><span class=\"avia-menu-text\">Podmienky \u00fa\u010dasti<\/span><span class=\"avia-menu-fx\"><span class=\"avia-arrow-wrap\"><span class=\"avia-arrow\"><\/span><\/span><\/span><\/a>\n\n\n<ul class=\"sub-menu\">\n\t<li role=\"menuitem\" id=\"menu-item-507\" class=\"menu-item menu-item-type-post_type menu-item-object-page\"><a href=\"https:\/\/slovenskefiremnehry.sk\/zima\/ucastnicky-poplatok\/\" itemprop=\"url\" tabindex=\"0\"><span class=\"avia-bullet\"><\/span><span class=\"avia-menu-text\">\u00da\u010dastn\u00edcky poplatok<\/span><\/a><\/li>\n\t<li role=\"menuitem\" id=\"menu-item-2755\" class=\"menu-item menu-item-type-post_type menu-item-object-page\"><a href=\"https:\/\/slovenskefiremnehry.sk\/zima\/osobne-udaje\/\" itemprop=\"url\" tabindex=\"0\"><span class=\"avia-bullet\"><\/span><span class=\"avia-menu-text\">Osobn\u00e9 \u00fadaje<\/span><\/a><\/li>\n\t<li role=\"menuitem\" id=\"menu-item-2758\" class=\"menu-item menu-item-type-post_type menu-item-object-page\"><a href=\"https:\/\/slovenskefiremnehry.sk\/zima\/uzavierka-prihlasok\/\" itemprop=\"url\" tabindex=\"0\"><span class=\"avia-bullet\"><\/span><span class=\"avia-menu-text\">Uz\u00e1vierka prihl\u00e1\u0161ok<\/span><\/a><\/li>\n<\/ul>\n<\/li>\n<li role=\"menuitem\" id=\"menu-item-505\" class=\"menu-item menu-item-type-post_type menu-item-object-page menu-item-top-level menu-item-top-level-8\"><a href=\"https:\/\/slovenskefiremnehry.sk\/zima\/galeria\/\" itemprop=\"url\" tabindex=\"0\"><span class=\"avia-bullet\"><\/span><span class=\"avia-menu-text\">Gal\u00e9ria<\/span><span class=\"avia-menu-fx\"><span class=\"avia-arrow-wrap\"><span class=\"avia-arrow\"><\/span><\/span><\/span><\/a><\/li>\n<li role=\"menuitem\" id=\"menu-item-3934\" class=\"menu-item menu-item-type-post_type menu-item-object-page menu-item-top-level menu-item-top-level-9\"><a href=\"https:\/\/slovenskefiremnehry.sk\/zima\/kontakty\/\" itemprop=\"url\" tabindex=\"0\"><span class=\"avia-bullet\"><\/span><span class=\"avia-menu-text\">Kontakty<\/span><span class=\"avia-menu-fx\"><span class=\"avia-arrow-wrap\"><span class=\"avia-arrow\"><\/span><\/span><\/span><\/a><\/li>\n<\/ul><\/div><\/div><div class='sticky_placeholder'><\/div><div id='after_submenu_1'  class='main_color av_default_container_wrap container_wrap fullsize'  ><div class='container av-section-cont-open' ><div class='template-page content  av-content-full alpha units'><div class='post-entry post-entry-type-page post-entry-496'><div class='entry-content-wrapper clearfix'>\n<div  class='flex_column av-av_one_full-2a9015ff38129c418a3f2eafba3e9512 av_one_full  avia-builder-el-2  el_after_av_submenu  el_before_av_one_half  avia-builder-el-first  first flex_column_div  '     ><p>\n<style type=\"text\/css\" data-created_by=\"avia_inline_auto\" id=\"style-css-av-av_heading-e90386277aa21be2833312f3a292f903\">\n#top .av-special-heading.av-av_heading-e90386277aa21be2833312f3a292f903{\npadding-bottom:10px;\n}\nbody .av-special-heading.av-av_heading-e90386277aa21be2833312f3a292f903 .av-special-heading-tag .heading-char{\nfont-size:25px;\n}\n.av-special-heading.av-av_heading-e90386277aa21be2833312f3a292f903 .av-subheading{\nfont-size:15px;\n}\n<\/style>\n<div  class='av-special-heading av-av_heading-e90386277aa21be2833312f3a292f903 av-special-heading-h1  avia-builder-el-3  el_before_av_textblock  avia-builder-el-first '><h1 class='av-special-heading-tag '  itemprop=\"headline\"  >\u00da\u010dastn\u00edcky poplatok<\/h1><div class=\"special-heading-border\"><div class=\"special-heading-inner-border\"><\/div><\/div><\/div><br \/>\n<section  class='av_textblock_section av-av_textblock-0366cc7376be6c9e82a3e9cc8987b64f '   itemscope=\"itemscope\" itemtype=\"https:\/\/schema.org\/CreativeWork\" ><div class='avia_textblock'  itemprop=\"text\" ><p><strong>315 \u20ac + DPH \/os \u2013 4* hotel Patria<\/strong><\/p>\n<p>Pr\u00edplatky za ubytovanie v jednol\u00f4\u017ekovej izbe:<\/p>\n<p><strong>55 \u20ac + DPH \/ 1 osoba \/ 1 noc &#8211; single ubytovanie v hoteli Patria<\/strong><\/p>\n<p>Pr\u00edpadn\u00e9 po\u017eiadavky na ubytovanie v jednol\u00f4\u017ekovej izbe je potrebn\u00e9 uvies\u0165 v prihl\u00e1\u0161ke.<\/p>\n<p><strong>V\u00a0cene ubytovania je wellness v\u00a0h. Patria a\u00a0parking.<\/strong><br \/>\nZv\u00fdhodnen\u00e1 cena <strong>Ski pasu\u00a0 \u2013 23 \u20ac + DPH + 2 \u20ac vratn\u00fd depozit.<\/strong><\/p>\n<hr \/>\n<p><strong>280 \u20ac + DPH \/os &#8211; 3* hotel &#8211; do 500 m od hotela<\/strong> Patria<\/p>\n<\/div><\/section><br \/>\n<div  class='togglecontainer av-av_toggle_container-8e0c6e39d39b619a829887bd54fff3ed  avia-builder-el-5  el_after_av_textblock  el_before_av_hr  toggle_close_all' >\n<section class='av_toggle_section av-av_toggle-1b937cda9c0e991a3b065c66f9850f4c'  itemscope=\"itemscope\" itemtype=\"https:\/\/schema.org\/CreativeWork\" ><div role=\"tablist\" class=\"single_toggle\" data-tags=\"{V\u0161etko} \"  ><p id='toggle-toggle-id-1' data-fake-id='#toggle-id-1' class='toggler  av-title-above '  itemprop=\"headline\"  role='tab' tabindex='0' aria-controls='toggle-id-1' data-slide-speed=\"200\" data-title=\"\u00da\u010dastn\u00edcky poplatok obsahuje\" data-title-open=\"\" data-aria_collapsed=\"Click to expand: \u00da\u010dastn\u00edcky poplatok obsahuje\" data-aria_expanded=\"Click to collapse: \u00da\u010dastn\u00edcky poplatok obsahuje\">\u00da\u010dastn\u00edcky poplatok obsahuje<span class=\"toggle_icon\"><span class=\"vert_icon\"><\/span><span class=\"hor_icon\"><\/span><\/span><\/p><div id='toggle-id-1' aria-labelledby='toggle-toggle-id-1' role='region' class='toggle_wrap  av-title-above'  ><div class='toggle_content invers-color '  itemprop=\"text\" ><ul>\n<ul>\n<ul>\n<ul>\n<ul>\n<ul>\n<ul>\n<li>ubytovanie v dvojl\u00f4\u017ekov\u00fdch izb\u00e1ch s plnou penziou od 22. do 24.3.2019 (2 noci)<\/li>\n<\/ul>\n<\/ul>\n<\/ul>\n<\/ul>\n<\/ul>\n<\/ul>\n<\/ul>\n<ul>\n<ul>\n<ul>\n<ul>\n<ul>\n<ul>\n<ul>\n<li>pitn\u00fd re\u017eim po\u010das \u0161portov\u00e9ho d\u0148a<\/li>\n<\/ul>\n<\/ul>\n<\/ul>\n<\/ul>\n<\/ul>\n<\/ul>\n<\/ul>\n<ul>\n<ul>\n<ul>\n<ul>\n<ul>\n<ul>\n<ul>\n<li>\u0161portov\u00fd program v s\u00falade s propoz\u00edciami<\/li>\n<\/ul>\n<\/ul>\n<\/ul>\n<\/ul>\n<\/ul>\n<\/ul>\n<\/ul>\n<ul>\n<ul>\n<ul>\n<ul>\n<ul>\n<ul>\n<ul>\n<li>sprievodn\u00fd a spolo\u010densk\u00fd program<\/li>\n<\/ul>\n<\/ul>\n<\/ul>\n<\/ul>\n<\/ul>\n<\/ul>\n<\/ul>\n<\/div><\/div><\/div><\/section>\n<section class='av_toggle_section av-av_toggle-724da63df56e072d835d6301ab4e262e'  itemscope=\"itemscope\" itemtype=\"https:\/\/schema.org\/CreativeWork\" ><div role=\"tablist\" class=\"single_toggle\" data-tags=\"{V\u0161etko} \"  ><p id='toggle-toggle-id-2' data-fake-id='#toggle-id-2' class='toggler  av-title-above '  itemprop=\"headline\"  role='tab' tabindex='0' aria-controls='toggle-id-2' data-slide-speed=\"200\" data-title=\"Storno podmienky\" data-title-open=\"\" data-aria_collapsed=\"Click to expand: Storno podmienky\" data-aria_expanded=\"Click to collapse: Storno podmienky\">Storno podmienky<span class=\"toggle_icon\"><span class=\"vert_icon\"><\/span><span class=\"hor_icon\"><\/span><\/span><\/p><div id='toggle-id-2' aria-labelledby='toggle-toggle-id-2' role='region' class='toggle_wrap  av-title-above'  ><div class='toggle_content invers-color '  itemprop=\"text\" ><table cellspacing=\"0\" cellpadding=\"0\">\n<tbody>\n<tr>\n<td valign=\"middle\"><span style=\"color: #000000; font-family: Calibri; font-size: small;\">22 \u2013 7 dn\u00ed pred za\u010diatkom podujatia\u00a0<\/span><\/td>\n<td valign=\"middle\"><span style=\"color: #000000; font-family: Calibri; font-size: small;\">\u00a0 80% z\u00a0\u00fa\u010dastn\u00edckeho poplatku<\/span><\/td>\n<\/tr>\n<tr>\n<td valign=\"middle\"><span style=\"color: #000000; font-family: Calibri; font-size: small;\">6 a\u00a0menej dn\u00ed pred za\u010diatkom podujatia\u00a0<\/span><\/td>\n<td valign=\"middle\"><span style=\"color: #000000; font-family: Calibri; font-size: small;\">\u00a0 100% z\u00a0\u00fa\u010dastn\u00edckeho poplatku<\/span><\/td>\n<\/tr>\n<\/tbody>\n<\/table>\n<\/div><\/div><\/div><\/section>\n<\/div><br \/>\n\n<style type=\"text\/css\" data-created_by=\"avia_inline_auto\" id=\"style-css-av-av_hr-c9ba6ccf0e28539cef079a4b419f7f68\">\n#top .hr.hr-invisible.av-av_hr-c9ba6ccf0e28539cef079a4b419f7f68{\nheight:25px;\n}\n<\/style>\n<div  class='hr av-av_hr-c9ba6ccf0e28539cef079a4b419f7f68 hr-invisible  avia-builder-el-6  el_after_av_toggle_container  el_before_av_textblock '><span class='hr-inner '><span class=\"hr-inner-style\"><\/span><\/span><\/div><br \/>\n<section  class='av_textblock_section av-av_textblock-0366cc7376be6c9e82a3e9cc8987b64f '   itemscope=\"itemscope\" itemtype=\"https:\/\/schema.org\/CreativeWork\" ><div class='avia_textblock'  itemprop=\"text\" ><p><strong>Z\u013eavy:<\/strong><\/p>\n<p>7%\u00a0 &#8211; za skor\u00e9 prihl\u00e1senie do 31.11.2018<strong> (z\u013eava sa uplatn\u00ed iba v\u00a0pr\u00edpade zaslania z\u00e1v\u00e4znej objedn\u00e1vky a\u00a0nezni\u017eovania po\u010dtu \u00fa\u010dastn\u00edkov)<\/strong><\/p>\n<p>10%- za 15. \u2013 25. \u00fa\u010dastn\u00edka<\/p>\n<p>15%- za 26. a ka\u017ed\u00e9ho \u010fal\u0161ieho \u00fa\u010dastn\u00edka<\/p>\n<p>13% &#8211; pre hokejov\u00e9 t\u00edmy (uz\u00e1vierka prihl\u00e1\u0161ok hokejov\u00fdch t\u00edmov je 31.11.2018)<\/p>\n<p>* Z\u013eavy za skor\u00e9 prihl\u00e1senie a mno\u017estevn\u00e9 z\u013eavy\u00a0 s\u00fa navz\u00e1jom kombinovate\u013en\u00e9, nevz\u0165ahuj\u00fa sa v\u0161ak pr\u00edplatky.<\/p>\n<\/div><\/section><\/p><\/div><div  class='flex_column av-av_one_half-2a9015ff38129c418a3f2eafba3e9512 av_one_half  avia-builder-el-8  el_after_av_one_full  avia-builder-el-last  first flex_column_div  column-top-margin'     ><p>\n<style type=\"text\/css\" data-created_by=\"avia_inline_auto\" id=\"style-css-av-av_heading-08dcb19df7c2b3e853dd2eb84ea45835\">\n#top .av-special-heading.av-av_heading-08dcb19df7c2b3e853dd2eb84ea45835{\npadding-bottom:10px;\n}\nbody .av-special-heading.av-av_heading-08dcb19df7c2b3e853dd2eb84ea45835 .av-special-heading-tag .heading-char{\nfont-size:25px;\n}\n.av-special-heading.av-av_heading-08dcb19df7c2b3e853dd2eb84ea45835 .av-subheading{\nfont-size:15px;\n}\n<\/style>\n<div  class='av-special-heading av-av_heading-08dcb19df7c2b3e853dd2eb84ea45835 av-special-heading-h3  avia-builder-el-9  el_before_av_masonry_gallery  avia-builder-el-no-sibling '><h3 class='av-special-heading-tag '  itemprop=\"headline\"  >Hotel Patria<\/h3><div class=\"special-heading-border\"><div class=\"special-heading-inner-border\"><\/div><\/div><\/div><br \/>\n<div id='av-masonry-1' class='av-masonry av-av_masonry_gallery-210ab9f1b6172f3556e88dc479055a38 noHover av-fixed-size av-no-gap av-hover-overlay-active av-masonry-animation-active av-masonry-col-3 av-caption-always av-caption-style- av-masonry-gallery ' data-post_id=\"496\"><div class=\"av-masonry-container isotope av-js-disabled\"><div class='av-masonry-entry isotope-item av-masonry-item-no-image '><\/div><a href=\"https:\/\/slovenskefiremnehry.sk\/zima\/wp-content\/uploads\/2015\/04\/2012_01_25_0019-1024x683.jpg\"  aria-label=\"image 2012_01_25_0019-1024&#215;683\"  id='av-masonry-1-item-3936' data-av-masonry-item='3936' class='av-masonry-entry isotope-item post-3936 attachment type-attachment status-inherit hentry  av-masonry-item-with-image' title=\"2012_01_25_0019-1024&#215;683\" alt=\"\"    itemprop=\"thumbnailUrl\" ><div class='av-inner-masonry-sizer'><\/div><figure class='av-inner-masonry main_color'><div class=\"av-masonry-outerimage-container\"><div class='av-masonry-image-container' style=\"background-image: url(https:\/\/slovenskefiremnehry.sk\/zima\/wp-content\/uploads\/2015\/04\/2012_01_25_0019-1024x683-705x470.jpg);\"  title=\"2012_01_25_0019-1024&#215;683\" ><\/div><\/div><\/figure><\/a><!--end av-masonry entry--><a href=\"https:\/\/slovenskefiremnehry.sk\/zima\/wp-content\/uploads\/2015\/04\/foto_full_patria_2015-150_7poschodie_bezUterakov-1024x683.jpg\"  aria-label=\"image foto_full_patria_2015-150_7poschodie_bezUterakov-1024&#215;683\"  id='av-masonry-1-item-3937' data-av-masonry-item='3937' class='av-masonry-entry isotope-item post-3937 attachment type-attachment status-inherit hentry  av-masonry-item-with-image' title=\"foto_full_patria_2015-150_7poschodie_bezUterakov-1024&#215;683\" alt=\"\"    itemprop=\"thumbnailUrl\" ><div class='av-inner-masonry-sizer'><\/div><figure class='av-inner-masonry main_color'><div class=\"av-masonry-outerimage-container\"><div class='av-masonry-image-container' style=\"background-image: url(https:\/\/slovenskefiremnehry.sk\/zima\/wp-content\/uploads\/2015\/04\/foto_full_patria_2015-150_7poschodie_bezUterakov-1024x683-705x470.jpg);\"  title=\"foto_full_patria_2015-150_7poschodie_bezUterakov-1024&#215;683\" ><\/div><\/div><\/figure><\/a><!--end av-masonry entry--><a href=\"https:\/\/slovenskefiremnehry.sk\/zima\/wp-content\/uploads\/2015\/04\/IMG_0341aa-1024x576.jpg\"  aria-label=\"image IMG_0341aa-1024&#215;576\"  id='av-masonry-1-item-3938' data-av-masonry-item='3938' class='av-masonry-entry isotope-item post-3938 attachment type-attachment status-inherit hentry  av-masonry-item-with-image' title=\"IMG_0341aa-1024&#215;576\" alt=\"\"    itemprop=\"thumbnailUrl\" ><div class='av-inner-masonry-sizer'><\/div><figure class='av-inner-masonry main_color'><div class=\"av-masonry-outerimage-container\"><div class='av-masonry-image-container' style=\"background-image: url(https:\/\/slovenskefiremnehry.sk\/zima\/wp-content\/uploads\/2015\/04\/IMG_0341aa-1024x576-705x397.jpg);\"  title=\"IMG_0341aa-1024&#215;576\" ><\/div><\/div><\/figure><\/a><!--end av-masonry entry--><a href=\"https:\/\/slovenskefiremnehry.sk\/zima\/wp-content\/uploads\/2015\/04\/IMG_0348a-768x1024.jpg\"  aria-label=\"image IMG_0348a-768&#215;1024\"  id='av-masonry-1-item-3939' data-av-masonry-item='3939' class='av-masonry-entry isotope-item post-3939 attachment type-attachment status-inherit hentry  av-masonry-item-with-image' title=\"IMG_0348a-768&#215;1024\" alt=\"\"    itemprop=\"thumbnailUrl\" ><div class='av-inner-masonry-sizer'><\/div><figure class='av-inner-masonry main_color'><div class=\"av-masonry-outerimage-container\"><div class='av-masonry-image-container' style=\"background-image: url(https:\/\/slovenskefiremnehry.sk\/zima\/wp-content\/uploads\/2015\/04\/IMG_0348a-768x1024-529x705.jpg);\"  title=\"IMG_0348a-768&#215;1024\" ><\/div><\/div><\/figure><\/a><!--end av-masonry entry--><\/div><\/div><\/p><\/div><\/p>\n","protected":false},"excerpt":{"rendered":"","protected":false},"author":1,"featured_media":0,"parent":0,"menu_order":35,"comment_status":"closed","ping_status":"closed","template":"","meta":{"footnotes":""},"class_list":["post-496","page","type-page","status-publish","hentry"],"_links":{"self":[{"href":"https:\/\/slovenskefiremnehry.sk\/zima\/wp-json\/wp\/v2\/pages\/496","targetHints":{"allow":["GET"]}}],"collection":[{"href":"https:\/\/slovenskefiremnehry.sk\/zima\/wp-json\/wp\/v2\/pages"}],"about":[{"href":"https:\/\/slovenskefiremnehry.sk\/zima\/wp-json\/wp\/v2\/types\/page"}],"author":[{"embeddable":true,"href":"https:\/\/slovenskefiremnehry.sk\/zima\/wp-json\/wp\/v2\/users\/1"}],"replies":[{"embeddable":true,"href":"https:\/\/slovenskefiremnehry.sk\/zima\/wp-json\/wp\/v2\/comments?post=496"}],"version-history":[{"count":7,"href":"https:\/\/slovenskefiremnehry.sk\/zima\/wp-json\/wp\/v2\/pages\/496\/revisions"}],"predecessor-version":[{"id":4328,"href":"https:\/\/slovenskefiremnehry.sk\/zima\/wp-json\/wp\/v2\/pages\/496\/revisions\/4328"}],"wp:attachment":[{"href":"https:\/\/slovenskefiremnehry.sk\/zima\/wp-json\/wp\/v2\/media?parent=496"}],"curies":[{"name":"wp","href":"https:\/\/api.w.org\/{rel}","templated":true}]}}