{"id":494,"date":"2015-04-28T08:21:07","date_gmt":"2015-04-28T06:21:07","guid":{"rendered":"http:\/\/slovenskefiremnehry.sk\/zima\/?page_id=494"},"modified":"2019-03-19T14:52:02","modified_gmt":"2019-03-19T12:52:02","slug":"program-podujatia-2","status":"publish","type":"page","link":"https:\/\/slovenskefiremnehry.sk\/zima\/program-podujatia-2\/","title":{"rendered":"Program podujatia"},"content":{"rendered":"<div id='full_slider_1'  class='avia-fullwidth-slider main_color avia-shadow   avia-builder-el-0  el_before_av_submenu  avia-builder-el-first   container_wrap fullsize'  ><div  class='avia-slideshow av-av_slideshow_full-7c89eef234b705e7a4d2de62d66c7ebb avia-slideshow-no scaling av_slideshow_full avia-slide-slider av-slideshow-ui av-control-default av-slideshow-manual av-loop-once av-loop-manual-endless av-default-height-applied   avia-slideshow-1' data-slideshow-options=\"{&quot;animation&quot;:&quot;slide&quot;,&quot;autoplay&quot;:false,&quot;loop_autoplay&quot;:&quot;once&quot;,&quot;interval&quot;:5,&quot;loop_manual&quot;:&quot;manual-endless&quot;,&quot;autoplay_stopper&quot;:false,&quot;noNavigation&quot;:false,&quot;bg_slider&quot;:false,&quot;keep_padding&quot;:false,&quot;hoverpause&quot;:false,&quot;show_slide_delay&quot;:0}\"  itemprop=\"image\" itemscope=\"itemscope\" itemtype=\"https:\/\/schema.org\/ImageObject\" ><ul class='avia-slideshow-inner ' style='padding-bottom: 20.8333333333%;'><li  class='avia-slideshow-slide av-av_slideshow_full-7c89eef234b705e7a4d2de62d66c7ebb__0  av-single-slide slide-1 slide-odd'><div data-rel='slideshow-1' class='avia-slide-wrap '   ><img fetchpriority=\"high\" class=\"wp-image-3878 avia-img-lazy-loading-not-3878\"  src='https:\/\/slovenskefiremnehry.sk\/zima\/wp-content\/uploads\/2015\/04\/01-new.jpg' width='1920' height='400' title='01-new' alt=''  itemprop=\"thumbnailUrl\"   \/><\/div><\/li><\/ul><\/div><\/div>\n<div class='clear'><\/div><div id='sub_menu1'  class='av-submenu-container av-av_submenu-e9895456bf53b9758b52bf08778223ff header_color  avia-builder-el-1  el_after_av_slideshow_full  el_before_av_one_full  av-sticky-submenu submenu-not-first container_wrap fullsize' style='z-index:301' ><div class='container av-menu-mobile-disabled av-submenu-pos-center'><ul id=\"menu-bocne-menu\" class=\"av-subnav-menu\" role=\"menu\"><li role=\"menuitem\" id=\"menu-item-3862\" class=\"menu-item menu-item-type-post_type menu-item-object-page menu-item-top-level menu-item-top-level-1\"><a href=\"https:\/\/slovenskefiremnehry.sk\/zima\/ceskoslovenske\/\" itemprop=\"url\" tabindex=\"0\"><span class=\"avia-bullet\"><\/span><span class=\"avia-menu-text\">O hr\u00e1ch<\/span><span class=\"avia-menu-fx\"><span class=\"avia-arrow-wrap\"><span class=\"avia-arrow\"><\/span><\/span><\/span><\/a><\/li>\n<li role=\"menuitem\" id=\"menu-item-509\" class=\"menu-item menu-item-type-post_type menu-item-object-page menu-item-has-children menu-item-top-level menu-item-top-level-2\"><a href=\"https:\/\/slovenskefiremnehry.sk\/zima\/sutazny-program\/\" itemprop=\"url\" tabindex=\"0\"><span class=\"avia-bullet\"><\/span><span class=\"avia-menu-text\">\u0160porty<\/span><span class=\"avia-menu-fx\"><span class=\"avia-arrow-wrap\"><span class=\"avia-arrow\"><\/span><\/span><\/span><\/a>\n\n\n<ul class=\"sub-menu\">\n\t<li role=\"menuitem\" id=\"menu-item-662\" class=\"menu-item menu-item-type-post_type menu-item-object-page\"><a href=\"https:\/\/slovenskefiremnehry.sk\/zima\/discipliny-a-pravidla\/\" itemprop=\"url\" tabindex=\"0\"><span class=\"avia-bullet\"><\/span><span class=\"avia-menu-text\">Pravidl\u00e1<\/span><\/a><\/li>\n\t<li role=\"menuitem\" id=\"menu-item-535\" class=\"menu-item menu-item-type-post_type menu-item-object-page\"><a href=\"https:\/\/slovenskefiremnehry.sk\/zima\/krizova-alternativa-2\/\" itemprop=\"url\" tabindex=\"0\"><span class=\"avia-bullet\"><\/span><span class=\"avia-menu-text\">Kr\u00edzov\u00e1 alternat\u00edva<\/span><\/a><\/li>\n\t<li role=\"menuitem\" id=\"menu-item-536\" class=\"menu-item menu-item-type-post_type menu-item-object-page\"><a href=\"https:\/\/slovenskefiremnehry.sk\/zima\/mapa-sportovisk\/\" itemprop=\"url\" tabindex=\"0\"><span class=\"avia-bullet\"><\/span><span class=\"avia-menu-text\">Mapa \u0161portov\u00edsk<\/span><\/a><\/li>\n<\/ul>\n<\/li>\n<li role=\"menuitem\" id=\"menu-item-669\" class=\"menu-item menu-item-type-post_type menu-item-object-page menu-item-has-children menu-item-top-level menu-item-top-level-3\"><a href=\"https:\/\/slovenskefiremnehry.sk\/zima\/hodnotenie\/\" itemprop=\"url\" tabindex=\"0\"><span class=\"avia-bullet\"><\/span><span class=\"avia-menu-text\">Hodnotenie<\/span><span class=\"avia-menu-fx\"><span class=\"avia-arrow-wrap\"><span class=\"avia-arrow\"><\/span><\/span><\/span><\/a>\n\n\n<ul class=\"sub-menu\">\n\t<li role=\"menuitem\" id=\"menu-item-537\" class=\"menu-item menu-item-type-post_type menu-item-object-page\"><a href=\"https:\/\/slovenskefiremnehry.sk\/zima\/institut-protestu\/\" itemprop=\"url\" tabindex=\"0\"><span class=\"avia-bullet\"><\/span><span class=\"avia-menu-text\">In\u0161tit\u00fat protestu<\/span><\/a><\/li>\n<\/ul>\n<\/li>\n<li role=\"menuitem\" id=\"menu-item-4367\" class=\"menu-item menu-item-type-post_type menu-item-object-page menu-item-top-level menu-item-top-level-4\"><a href=\"https:\/\/slovenskefiremnehry.sk\/zima\/vysledky\/\" itemprop=\"url\" tabindex=\"0\"><span class=\"avia-bullet\"><\/span><span class=\"avia-menu-text\">V\u00fdsledky<\/span><span class=\"avia-menu-fx\"><span class=\"avia-arrow-wrap\"><span class=\"avia-arrow\"><\/span><\/span><\/span><\/a><\/li>\n<li role=\"menuitem\" id=\"menu-item-508\" class=\"menu-item menu-item-type-post_type menu-item-object-page menu-item-top-level menu-item-top-level-5\"><a href=\"https:\/\/slovenskefiremnehry.sk\/zima\/program-podujatia-2\/\" itemprop=\"url\" tabindex=\"0\"><span class=\"avia-bullet\"><\/span><span class=\"avia-menu-text\">Program podujatia<\/span><span class=\"avia-menu-fx\"><span class=\"avia-arrow-wrap\"><span class=\"avia-arrow\"><\/span><\/span><\/span><\/a><\/li>\n<li role=\"menuitem\" id=\"menu-item-506\" class=\"menu-item menu-item-type-post_type menu-item-object-page menu-item-top-level menu-item-top-level-6\"><a href=\"https:\/\/slovenskefiremnehry.sk\/zima\/prihlasene-timy\/\" itemprop=\"url\" tabindex=\"0\"><span class=\"avia-bullet\"><\/span><span class=\"avia-menu-text\">\u00da\u010dastn\u00edci<\/span><span class=\"avia-menu-fx\"><span class=\"avia-arrow-wrap\"><span class=\"avia-arrow\"><\/span><\/span><\/span><\/a><\/li>\n<li role=\"menuitem\" id=\"menu-item-538\" class=\"menu-item menu-item-type-post_type menu-item-object-page menu-item-has-children menu-item-top-level menu-item-top-level-7\"><a href=\"https:\/\/slovenskefiremnehry.sk\/zima\/podmienky-ucasti\/\" itemprop=\"url\" tabindex=\"0\"><span class=\"avia-bullet\"><\/span><span class=\"avia-menu-text\">Podmienky \u00fa\u010dasti<\/span><span class=\"avia-menu-fx\"><span class=\"avia-arrow-wrap\"><span class=\"avia-arrow\"><\/span><\/span><\/span><\/a>\n\n\n<ul class=\"sub-menu\">\n\t<li role=\"menuitem\" id=\"menu-item-507\" class=\"menu-item menu-item-type-post_type menu-item-object-page\"><a href=\"https:\/\/slovenskefiremnehry.sk\/zima\/ucastnicky-poplatok\/\" itemprop=\"url\" tabindex=\"0\"><span class=\"avia-bullet\"><\/span><span class=\"avia-menu-text\">\u00da\u010dastn\u00edcky poplatok<\/span><\/a><\/li>\n\t<li role=\"menuitem\" id=\"menu-item-2755\" class=\"menu-item menu-item-type-post_type menu-item-object-page\"><a href=\"https:\/\/slovenskefiremnehry.sk\/zima\/osobne-udaje\/\" itemprop=\"url\" tabindex=\"0\"><span class=\"avia-bullet\"><\/span><span class=\"avia-menu-text\">Osobn\u00e9 \u00fadaje<\/span><\/a><\/li>\n\t<li role=\"menuitem\" id=\"menu-item-2758\" class=\"menu-item menu-item-type-post_type menu-item-object-page\"><a href=\"https:\/\/slovenskefiremnehry.sk\/zima\/uzavierka-prihlasok\/\" itemprop=\"url\" tabindex=\"0\"><span class=\"avia-bullet\"><\/span><span class=\"avia-menu-text\">Uz\u00e1vierka prihl\u00e1\u0161ok<\/span><\/a><\/li>\n<\/ul>\n<\/li>\n<li role=\"menuitem\" id=\"menu-item-505\" class=\"menu-item menu-item-type-post_type menu-item-object-page menu-item-top-level menu-item-top-level-8\"><a href=\"https:\/\/slovenskefiremnehry.sk\/zima\/galeria\/\" itemprop=\"url\" tabindex=\"0\"><span class=\"avia-bullet\"><\/span><span class=\"avia-menu-text\">Gal\u00e9ria<\/span><span class=\"avia-menu-fx\"><span class=\"avia-arrow-wrap\"><span class=\"avia-arrow\"><\/span><\/span><\/span><\/a><\/li>\n<li role=\"menuitem\" id=\"menu-item-3934\" class=\"menu-item menu-item-type-post_type menu-item-object-page menu-item-top-level menu-item-top-level-9\"><a href=\"https:\/\/slovenskefiremnehry.sk\/zima\/kontakty\/\" itemprop=\"url\" tabindex=\"0\"><span class=\"avia-bullet\"><\/span><span class=\"avia-menu-text\">Kontakty<\/span><span class=\"avia-menu-fx\"><span class=\"avia-arrow-wrap\"><span class=\"avia-arrow\"><\/span><\/span><\/span><\/a><\/li>\n<\/ul><\/div><\/div><div class='sticky_placeholder'><\/div><div id='after_submenu_1'  class='main_color av_default_container_wrap container_wrap fullsize'  ><div class='container av-section-cont-open' ><div class='template-page content  av-content-full alpha units'><div class='post-entry post-entry-type-page post-entry-494'><div class='entry-content-wrapper clearfix'>\n<div  class='flex_column av-av_one_full-2a9015ff38129c418a3f2eafba3e9512 av_one_full  avia-builder-el-2  el_after_av_submenu  avia-builder-el-no-sibling  first flex_column_div  '     ><p>\n<style type=\"text\/css\" data-created_by=\"avia_inline_auto\" id=\"style-css-av-av_heading-bed0eea2fe20f0c266b27eab1e863994\">\n#top .av-special-heading.av-av_heading-bed0eea2fe20f0c266b27eab1e863994{\npadding-bottom:10px;\n}\nbody .av-special-heading.av-av_heading-bed0eea2fe20f0c266b27eab1e863994 .av-special-heading-tag .heading-char{\nfont-size:25px;\n}\n.av-special-heading.av-av_heading-bed0eea2fe20f0c266b27eab1e863994 .av-subheading{\nfont-size:15px;\n}\n<\/style>\n<div  class='av-special-heading av-av_heading-bed0eea2fe20f0c266b27eab1e863994 av-special-heading-h1  avia-builder-el-3  el_before_av_tab_container  avia-builder-el-first '><h1 class='av-special-heading-tag '  itemprop=\"headline\"  >Program podujatia<\/h1><div class=\"special-heading-border\"><div class=\"special-heading-inner-border\"><\/div><\/div><\/div><br \/>\n<div  class='tabcontainer av-av_tab_container-cdfb33d025ccce82e3bec7780d128c1e sidebar_tab sidebar_tab_left  avia-builder-el-4  el_after_av_heading  avia-builder-el-last  border_tabs'>\n<section class='av_tab_section av_tab_section av-av_tab-d5d7421f726193fd06103d690bbc6c06'  itemscope=\"itemscope\" itemtype=\"https:\/\/schema.org\/CreativeWork\" ><div id='tab-id-1-tab' class='tab active_tab' role='tab' aria-selected=\"true\" tabindex=\"0\" data-fake-id='#tab-id-1' aria-controls='tab-id-1-content'  itemprop=\"headline\" >Piatok 22.03.2019<\/div><div id='tab-id-1-content' class='tab_content active_tab_content' role='tabpanel' aria-labelledby='tab-id-1-tab' aria-hidden=\"false\"><div class='tab_inner_content invers-color'  itemprop=\"text\" ><p><strong><span style=\"font-family: 'Georgia','serif'; color: #333333;\">Registr\u00e1cia \u00fa\u010dastn\u00edkov<\/span><\/strong><span class=\"s1\"><span style=\"font-family: 'Georgia','serif'; color: #333333;\">\u00a0&#8211; hotel Patria 17.00 &#8211; 22.00 h<\/span><\/span><\/p>\n<p class=\"p1\"><strong><span style=\"font-family: 'Georgia','serif'; color: #333333;\">Ve\u010dera\u00a0<\/span><\/strong><span class=\"s1\"><span style=\"font-family: 'Georgia','serif'; color: #333333;\">&#8211; hotel<\/span><\/span><strong><span style=\"font-family: 'Georgia','serif'; color: #333333;\">\u00a0<\/span><\/strong><span class=\"s1\"><span style=\"font-family: 'Georgia','serif'; color: #333333;\">Patria\u00a018.00 &#8211; 22.00 h priebe\u017ene<\/span><\/span><\/p>\n<p><b>Sprievodn\u00fd program <\/b>&#8211;\u00a0hotel Patria 20.00 &#8211; 24.00 h<\/p>\n<p class=\"p1\"><span style=\"font-family: 'Georgia','serif'; color: #333333;\"><strong>Casino Night s\u00a0Casinos Slovakia <\/strong>&#8211;\u00a0 Loveck\u00fd sal\u00f3nik od 20.00 h<\/span><\/p>\n<p><span class=\"s1\"><b>Otvorenie SFH <\/b>&#8211;<b>\u00a0<\/b>kongresov\u00e1 s\u00e1la hotela Patria<b>\u00a0<\/b>22.00 h<\/span><\/p>\n<p><strong>Piano show Mareka Kochansk\u00e9ho<\/strong> &#8211; hotel Patria 23.00 h<\/p>\n<p><span class=\"s1\"><b>P\u00e1rty\u00a0<\/b>vo Vatra bare v hoteli Patria<b>\u00a0<\/b>23.00 &#8211; open end<\/span><\/p>\n<\/div><\/div><\/section>\n<section class='av_tab_section av_tab_section av-av_tab-3a3ad347c3b3f833a69389cfc1d75335'  itemscope=\"itemscope\" itemtype=\"https:\/\/schema.org\/CreativeWork\" ><div id='tab-id-2-tab' class='tab' role='tab' aria-selected=\"false\" tabindex=\"0\" data-fake-id='#tab-id-2' aria-controls='tab-id-2-content'  itemprop=\"headline\" >Sobota 22.03.2019<\/div><div id='tab-id-2-content' class='tab_content' role='tabpanel' aria-labelledby='tab-id-2-tab' aria-hidden=\"true\"><div class='tab_inner_content invers-color'  itemprop=\"text\" ><p><strong>Ra\u0148ajky\u00a0<\/strong>&#8211; hotel\u00a0\u00a0Patria \u00a007.00 &#8211; 10.00 h<\/p>\n<p><strong>\u0160portov\u00fd program &#8211;\u00a0<\/strong>07.15 &#8211; 16.00 h<\/p>\n<p><strong>Testovacie jazdy VOLVO<\/strong> &#8211;\u00a0 pred h. Patria\u00a010.00 \u2013 18.00 h<\/p>\n<p><strong>Obed <\/strong>\u2013 hotel Patria 12.00 \u2013 14.00 h priebe\u017ene<\/p>\n<p><strong>Fun pokrov\u00fd turnaj o\u00a01.000 \u20ac kredit do Casinos Slovakia<\/strong>\u00a0&#8211; hotel Patria 16.00 h<\/p>\n<p><strong>Apres-ski p\u00e1rty s\u00a0TATRATEA<\/strong>\u00a0&#8211;\u00a0pod Interski 15.00 \u2013 17.30 h<\/p>\n<p><strong>Talkshow s ambas\u00e1dorom Jankom La\u0161\u00e1kom &#8211;\u00a0\u00a0<\/strong>hotel patria\u00a018.00 &#8211; 19.00 h<\/p>\n<p><strong>Sl\u00e1vnostn\u00e1 recepcia<\/strong> \u2013 hotel Patria 19.00 h<\/p>\n<p><strong>Vyhl\u00e1senie v\u00fdsledkov \u010cSFH <\/strong>&#8211;\u00a0hotel Patria<strong>\u00a0<\/strong>20.30 &#8211; 21.30 h<\/p>\n<p><strong>Kapela The Cellmates\u00a0<\/strong>&#8211; Vatra bar 22.30 h<\/p>\n<p><strong>P\u00e1rty <\/strong>vo Vatra bare<strong>\u00a0<\/strong>v hoteli Patria<strong>\u00a0<\/strong>23.30 &#8211; open end<\/p>\n<\/div><\/div><\/section>\n<section class='av_tab_section av_tab_section av-av_tab-63907044c81a308753d0dabd8560ef83'  itemscope=\"itemscope\" itemtype=\"https:\/\/schema.org\/CreativeWork\" ><div id='tab-id-3-tab' class='tab' role='tab' aria-selected=\"false\" tabindex=\"0\" data-fake-id='#tab-id-3' aria-controls='tab-id-3-content'  itemprop=\"headline\" >Nede\u013ea 24.03.2019<\/div><div id='tab-id-3-content' class='tab_content' role='tabpanel' aria-labelledby='tab-id-3-tab' aria-hidden=\"true\"><div class='tab_inner_content invers-color'  itemprop=\"text\" ><p><strong>Ra\u0148ajky \u00a0<\/strong>&#8211; hotel Patria 07.00 &#8211; 10.00 h<\/p>\n<p><strong>Odchod \u00fa\u010dastn\u00edkov<\/strong>\u00a0&#8211; check out do 10.00 h<\/p>\n<\/div><\/div><\/section>\n<\/div><\/p><\/div>\n","protected":false},"excerpt":{"rendered":"","protected":false},"author":1,"featured_media":0,"parent":0,"menu_order":22,"comment_status":"closed","ping_status":"closed","template":"","meta":{"footnotes":""},"class_list":["post-494","page","type-page","status-publish","hentry"],"_links":{"self":[{"href":"https:\/\/slovenskefiremnehry.sk\/zima\/wp-json\/wp\/v2\/pages\/494","targetHints":{"allow":["GET"]}}],"collection":[{"href":"https:\/\/slovenskefiremnehry.sk\/zima\/wp-json\/wp\/v2\/pages"}],"about":[{"href":"https:\/\/slovenskefiremnehry.sk\/zima\/wp-json\/wp\/v2\/types\/page"}],"author":[{"embeddable":true,"href":"https:\/\/slovenskefiremnehry.sk\/zima\/wp-json\/wp\/v2\/users\/1"}],"replies":[{"embeddable":true,"href":"https:\/\/slovenskefiremnehry.sk\/zima\/wp-json\/wp\/v2\/comments?post=494"}],"version-history":[{"count":7,"href":"https:\/\/slovenskefiremnehry.sk\/zima\/wp-json\/wp\/v2\/pages\/494\/revisions"}],"predecessor-version":[{"id":4359,"href":"https:\/\/slovenskefiremnehry.sk\/zima\/wp-json\/wp\/v2\/pages\/494\/revisions\/4359"}],"wp:attachment":[{"href":"https:\/\/slovenskefiremnehry.sk\/zima\/wp-json\/wp\/v2\/media?parent=494"}],"curies":[{"name":"wp","href":"https:\/\/api.w.org\/{rel}","templated":true}]}}