{"id":2751,"date":"2015-11-23T16:22:49","date_gmt":"2015-11-23T14:22:49","guid":{"rendered":"http:\/\/slovenskefiremnehry.sk\/zima\/?page_id=2751"},"modified":"2019-02-25T22:53:29","modified_gmt":"2019-02-25T20:53:29","slug":"osobne-udaje","status":"publish","type":"page","link":"https:\/\/slovenskefiremnehry.sk\/zima\/osobne-udaje\/","title":{"rendered":"Osobn\u00e9 \u00fadaje"},"content":{"rendered":"<div id='full_slider_1'  class='avia-fullwidth-slider main_color avia-shadow   avia-builder-el-0  el_before_av_submenu  avia-builder-el-first   container_wrap fullsize'  ><div  class='avia-slideshow av-av_slideshow_full-7c89eef234b705e7a4d2de62d66c7ebb avia-slideshow-no scaling av_slideshow_full avia-slide-slider av-slideshow-ui av-control-default av-slideshow-manual av-loop-once av-loop-manual-endless av-default-height-applied   avia-slideshow-1' data-slideshow-options=\"{&quot;animation&quot;:&quot;slide&quot;,&quot;autoplay&quot;:false,&quot;loop_autoplay&quot;:&quot;once&quot;,&quot;interval&quot;:5,&quot;loop_manual&quot;:&quot;manual-endless&quot;,&quot;autoplay_stopper&quot;:false,&quot;noNavigation&quot;:false,&quot;bg_slider&quot;:false,&quot;keep_padding&quot;:false,&quot;hoverpause&quot;:false,&quot;show_slide_delay&quot;:0}\"  itemprop=\"image\" itemscope=\"itemscope\" itemtype=\"https:\/\/schema.org\/ImageObject\" ><ul class='avia-slideshow-inner ' style='padding-bottom: 20.8333333333%;'><li  class='avia-slideshow-slide av-av_slideshow_full-7c89eef234b705e7a4d2de62d66c7ebb__0  slide-1 slide-odd'><div data-rel='slideshow-1' class='avia-slide-wrap '   ><img fetchpriority=\"high\" class=\"wp-image-1714 avia-img-lazy-loading-not-1714\"  src='https:\/\/slovenskefiremnehry.sk\/zima\/wp-content\/uploads\/2015\/04\/011.jpg' width='1920' height='400' title='Hiker in Tatra Mountains' alt=''  itemprop=\"thumbnailUrl\"   \/><\/div><\/li><li  class='avia-slideshow-slide av-av_slideshow_full-7c89eef234b705e7a4d2de62d66c7ebb__1  slide-2 slide-even'><div data-rel='slideshow-1' class='avia-slide-wrap '   ><img fetchpriority=\"high\" class=\"wp-image-3878 avia-img-lazy-loading-not-3878\"  src='https:\/\/slovenskefiremnehry.sk\/zima\/wp-content\/uploads\/2015\/04\/01-new.jpg' width='1920' height='400' title='01-new' alt=''  itemprop=\"thumbnailUrl\"   \/><\/div><\/li><\/ul><div class='avia-slideshow-arrows avia-slideshow-controls' ><a href='#prev' class='prev-slide ' aria-hidden='true' data-av_icon='\ue87c' data-av_iconfont='entypo-fontello'  tabindex='-1'>Sp\u00e4\u0165<\/a><a href='#next' class='next-slide ' aria-hidden='true' data-av_icon='\ue87d' data-av_iconfont='entypo-fontello'  tabindex='-1'>\u010ealej<\/a><\/div><div class='avia-slideshow-dots avia-slideshow-controls'><a href='#1' class='goto-slide active' >1<\/a><a href='#2' class='goto-slide ' >2<\/a><\/div><\/div><\/div>\n<div class='clear'><\/div><div id='sub_menu1'  class='av-submenu-container av-av_submenu-e9895456bf53b9758b52bf08778223ff header_color  avia-builder-el-1  el_after_av_slideshow_full  el_before_av_one_full  av-sticky-submenu submenu-not-first container_wrap fullsize' style='z-index:301' ><div class='container av-menu-mobile-disabled av-submenu-pos-center'><ul id=\"menu-bocne-menu\" class=\"av-subnav-menu\" role=\"menu\"><li role=\"menuitem\" id=\"menu-item-3862\" class=\"menu-item menu-item-type-post_type menu-item-object-page menu-item-top-level menu-item-top-level-1\"><a href=\"https:\/\/slovenskefiremnehry.sk\/zima\/ceskoslovenske\/\" itemprop=\"url\" tabindex=\"0\"><span class=\"avia-bullet\"><\/span><span class=\"avia-menu-text\">O hr\u00e1ch<\/span><span class=\"avia-menu-fx\"><span class=\"avia-arrow-wrap\"><span class=\"avia-arrow\"><\/span><\/span><\/span><\/a><\/li>\n<li role=\"menuitem\" id=\"menu-item-509\" class=\"menu-item menu-item-type-post_type menu-item-object-page menu-item-has-children menu-item-top-level menu-item-top-level-2\"><a href=\"https:\/\/slovenskefiremnehry.sk\/zima\/sutazny-program\/\" itemprop=\"url\" tabindex=\"0\"><span class=\"avia-bullet\"><\/span><span class=\"avia-menu-text\">\u0160porty<\/span><span class=\"avia-menu-fx\"><span class=\"avia-arrow-wrap\"><span class=\"avia-arrow\"><\/span><\/span><\/span><\/a>\n\n\n<ul class=\"sub-menu\">\n\t<li role=\"menuitem\" id=\"menu-item-662\" class=\"menu-item menu-item-type-post_type menu-item-object-page\"><a href=\"https:\/\/slovenskefiremnehry.sk\/zima\/discipliny-a-pravidla\/\" itemprop=\"url\" tabindex=\"0\"><span class=\"avia-bullet\"><\/span><span class=\"avia-menu-text\">Pravidl\u00e1<\/span><\/a><\/li>\n\t<li role=\"menuitem\" id=\"menu-item-535\" class=\"menu-item menu-item-type-post_type menu-item-object-page\"><a href=\"https:\/\/slovenskefiremnehry.sk\/zima\/krizova-alternativa-2\/\" itemprop=\"url\" tabindex=\"0\"><span class=\"avia-bullet\"><\/span><span class=\"avia-menu-text\">Kr\u00edzov\u00e1 alternat\u00edva<\/span><\/a><\/li>\n\t<li role=\"menuitem\" id=\"menu-item-536\" class=\"menu-item menu-item-type-post_type menu-item-object-page\"><a href=\"https:\/\/slovenskefiremnehry.sk\/zima\/mapa-sportovisk\/\" itemprop=\"url\" tabindex=\"0\"><span class=\"avia-bullet\"><\/span><span class=\"avia-menu-text\">Mapa \u0161portov\u00edsk<\/span><\/a><\/li>\n<\/ul>\n<\/li>\n<li role=\"menuitem\" id=\"menu-item-669\" class=\"menu-item menu-item-type-post_type menu-item-object-page menu-item-has-children menu-item-top-level menu-item-top-level-3\"><a href=\"https:\/\/slovenskefiremnehry.sk\/zima\/hodnotenie\/\" itemprop=\"url\" tabindex=\"0\"><span class=\"avia-bullet\"><\/span><span class=\"avia-menu-text\">Hodnotenie<\/span><span class=\"avia-menu-fx\"><span class=\"avia-arrow-wrap\"><span class=\"avia-arrow\"><\/span><\/span><\/span><\/a>\n\n\n<ul class=\"sub-menu\">\n\t<li role=\"menuitem\" id=\"menu-item-537\" class=\"menu-item menu-item-type-post_type menu-item-object-page\"><a href=\"https:\/\/slovenskefiremnehry.sk\/zima\/institut-protestu\/\" itemprop=\"url\" tabindex=\"0\"><span class=\"avia-bullet\"><\/span><span class=\"avia-menu-text\">In\u0161tit\u00fat protestu<\/span><\/a><\/li>\n<\/ul>\n<\/li>\n<li role=\"menuitem\" id=\"menu-item-4367\" class=\"menu-item menu-item-type-post_type menu-item-object-page menu-item-top-level menu-item-top-level-4\"><a href=\"https:\/\/slovenskefiremnehry.sk\/zima\/vysledky\/\" itemprop=\"url\" tabindex=\"0\"><span class=\"avia-bullet\"><\/span><span class=\"avia-menu-text\">V\u00fdsledky<\/span><span class=\"avia-menu-fx\"><span class=\"avia-arrow-wrap\"><span class=\"avia-arrow\"><\/span><\/span><\/span><\/a><\/li>\n<li role=\"menuitem\" id=\"menu-item-508\" class=\"menu-item menu-item-type-post_type menu-item-object-page menu-item-top-level menu-item-top-level-5\"><a href=\"https:\/\/slovenskefiremnehry.sk\/zima\/program-podujatia-2\/\" itemprop=\"url\" tabindex=\"0\"><span class=\"avia-bullet\"><\/span><span class=\"avia-menu-text\">Program podujatia<\/span><span class=\"avia-menu-fx\"><span class=\"avia-arrow-wrap\"><span class=\"avia-arrow\"><\/span><\/span><\/span><\/a><\/li>\n<li role=\"menuitem\" id=\"menu-item-506\" class=\"menu-item menu-item-type-post_type menu-item-object-page menu-item-top-level menu-item-top-level-6\"><a href=\"https:\/\/slovenskefiremnehry.sk\/zima\/prihlasene-timy\/\" itemprop=\"url\" tabindex=\"0\"><span class=\"avia-bullet\"><\/span><span class=\"avia-menu-text\">\u00da\u010dastn\u00edci<\/span><span class=\"avia-menu-fx\"><span class=\"avia-arrow-wrap\"><span class=\"avia-arrow\"><\/span><\/span><\/span><\/a><\/li>\n<li role=\"menuitem\" id=\"menu-item-538\" class=\"menu-item menu-item-type-post_type menu-item-object-page menu-item-has-children menu-item-top-level menu-item-top-level-7\"><a href=\"https:\/\/slovenskefiremnehry.sk\/zima\/podmienky-ucasti\/\" itemprop=\"url\" tabindex=\"0\"><span class=\"avia-bullet\"><\/span><span class=\"avia-menu-text\">Podmienky \u00fa\u010dasti<\/span><span class=\"avia-menu-fx\"><span class=\"avia-arrow-wrap\"><span class=\"avia-arrow\"><\/span><\/span><\/span><\/a>\n\n\n<ul class=\"sub-menu\">\n\t<li role=\"menuitem\" id=\"menu-item-507\" class=\"menu-item menu-item-type-post_type menu-item-object-page\"><a href=\"https:\/\/slovenskefiremnehry.sk\/zima\/ucastnicky-poplatok\/\" itemprop=\"url\" tabindex=\"0\"><span class=\"avia-bullet\"><\/span><span class=\"avia-menu-text\">\u00da\u010dastn\u00edcky poplatok<\/span><\/a><\/li>\n\t<li role=\"menuitem\" id=\"menu-item-2755\" class=\"menu-item menu-item-type-post_type menu-item-object-page\"><a href=\"https:\/\/slovenskefiremnehry.sk\/zima\/osobne-udaje\/\" itemprop=\"url\" tabindex=\"0\"><span class=\"avia-bullet\"><\/span><span class=\"avia-menu-text\">Osobn\u00e9 \u00fadaje<\/span><\/a><\/li>\n\t<li role=\"menuitem\" id=\"menu-item-2758\" class=\"menu-item menu-item-type-post_type menu-item-object-page\"><a href=\"https:\/\/slovenskefiremnehry.sk\/zima\/uzavierka-prihlasok\/\" itemprop=\"url\" tabindex=\"0\"><span class=\"avia-bullet\"><\/span><span class=\"avia-menu-text\">Uz\u00e1vierka prihl\u00e1\u0161ok<\/span><\/a><\/li>\n<\/ul>\n<\/li>\n<li role=\"menuitem\" id=\"menu-item-505\" class=\"menu-item menu-item-type-post_type menu-item-object-page menu-item-top-level menu-item-top-level-8\"><a href=\"https:\/\/slovenskefiremnehry.sk\/zima\/galeria\/\" itemprop=\"url\" tabindex=\"0\"><span class=\"avia-bullet\"><\/span><span class=\"avia-menu-text\">Gal\u00e9ria<\/span><span class=\"avia-menu-fx\"><span class=\"avia-arrow-wrap\"><span class=\"avia-arrow\"><\/span><\/span><\/span><\/a><\/li>\n<li role=\"menuitem\" id=\"menu-item-3934\" class=\"menu-item menu-item-type-post_type menu-item-object-page menu-item-top-level menu-item-top-level-9\"><a href=\"https:\/\/slovenskefiremnehry.sk\/zima\/kontakty\/\" itemprop=\"url\" tabindex=\"0\"><span class=\"avia-bullet\"><\/span><span class=\"avia-menu-text\">Kontakty<\/span><span class=\"avia-menu-fx\"><span class=\"avia-arrow-wrap\"><span class=\"avia-arrow\"><\/span><\/span><\/span><\/a><\/li>\n<\/ul><\/div><\/div><div class='sticky_placeholder'><\/div><div id='after_submenu_1'  class='main_color av_default_container_wrap container_wrap fullsize'  ><div class='container av-section-cont-open' ><div class='template-page content  av-content-full alpha units'><div class='post-entry post-entry-type-page post-entry-2751'><div class='entry-content-wrapper clearfix'>\n<div  class='flex_column av-av_one_full-2a9015ff38129c418a3f2eafba3e9512 av_one_full  avia-builder-el-2  el_after_av_submenu  avia-builder-el-no-sibling  first flex_column_div  '     ><p>\n<style type=\"text\/css\" data-created_by=\"avia_inline_auto\" id=\"style-css-av-av_heading-4d67ef3345e2e351cca4becbcd52eb24\">\n#top .av-special-heading.av-av_heading-4d67ef3345e2e351cca4becbcd52eb24{\npadding-bottom:10px;\n}\nbody .av-special-heading.av-av_heading-4d67ef3345e2e351cca4becbcd52eb24 .av-special-heading-tag .heading-char{\nfont-size:25px;\n}\n.av-special-heading.av-av_heading-4d67ef3345e2e351cca4becbcd52eb24 .av-subheading{\nfont-size:15px;\n}\n<\/style>\n<div  class='av-special-heading av-av_heading-4d67ef3345e2e351cca4becbcd52eb24 av-special-heading-h1  avia-builder-el-3  el_before_av_textblock  avia-builder-el-first '><h1 class='av-special-heading-tag '  itemprop=\"headline\"  >Osobn\u00e9 \u00fadaje<\/h1><div class=\"special-heading-border\"><div class=\"special-heading-inner-border\"><\/div><\/div><\/div><br \/>\n<section  class='av_textblock_section av-av_textblock-0366cc7376be6c9e82a3e9cc8987b64f '   itemscope=\"itemscope\" itemtype=\"https:\/\/schema.org\/CreativeWork\" ><div class='avia_textblock'  itemprop=\"text\" ><p>Osobn\u00e9 \u00fadaje \u00fa\u010dastn\u00edkov podujatia \u010cesko-Slovensk\u00e9 firemn\u00e9 hry ZIMA 2019, ich spracovanie a pou\u017eitie organiz\u00e1tormi podujatia na \u00fa\u010dely registr\u00e1cie na podujat\u00ed a na propaga\u010dn\u00e9 \u00fa\u010dely je chr\u00e1nen\u00e9 v zmysle platn\u00fdch z\u00e1konov.<\/p>\n<p><a href=\"http:\/\/slovenskefiremnehry.sk\/zima\/wp-content\/uploads\/2015\/11\/Oboznamenie-so-spracovanim-OU-GDPR-ELCOP.pdf\">Oboznamenie-so-spracovanim-OU<\/a><\/p>\n<\/div><\/section><\/p><\/div>\n","protected":false},"excerpt":{"rendered":"","protected":false},"author":1,"featured_media":0,"parent":0,"menu_order":33,"comment_status":"closed","ping_status":"closed","template":"","meta":{"footnotes":""},"class_list":["post-2751","page","type-page","status-publish","hentry"],"_links":{"self":[{"href":"https:\/\/slovenskefiremnehry.sk\/zima\/wp-json\/wp\/v2\/pages\/2751","targetHints":{"allow":["GET"]}}],"collection":[{"href":"https:\/\/slovenskefiremnehry.sk\/zima\/wp-json\/wp\/v2\/pages"}],"about":[{"href":"https:\/\/slovenskefiremnehry.sk\/zima\/wp-json\/wp\/v2\/types\/page"}],"author":[{"embeddable":true,"href":"https:\/\/slovenskefiremnehry.sk\/zima\/wp-json\/wp\/v2\/users\/1"}],"replies":[{"embeddable":true,"href":"https:\/\/slovenskefiremnehry.sk\/zima\/wp-json\/wp\/v2\/comments?post=2751"}],"version-history":[{"count":6,"href":"https:\/\/slovenskefiremnehry.sk\/zima\/wp-json\/wp\/v2\/pages\/2751\/revisions"}],"predecessor-version":[{"id":4345,"href":"https:\/\/slovenskefiremnehry.sk\/zima\/wp-json\/wp\/v2\/pages\/2751\/revisions\/4345"}],"wp:attachment":[{"href":"https:\/\/slovenskefiremnehry.sk\/zima\/wp-json\/wp\/v2\/media?parent=2751"}],"curies":[{"name":"wp","href":"https:\/\/api.w.org\/{rel}","templated":true}]}}