{"id":667,"date":"2015-05-04T15:56:55","date_gmt":"2015-05-04T13:56:55","guid":{"rendered":"http:\/\/slovenskefiremnehry.sk\/plaze\/?page_id=667"},"modified":"2025-05-05T20:08:58","modified_gmt":"2025-05-05T18:08:58","slug":"hodnotenie","status":"publish","type":"page","link":"https:\/\/slovenskefiremnehry.sk\/plaze\/hodnotenie\/","title":{"rendered":"Hodnotenie"},"content":{"rendered":"<div id='full_slider_1'  class='avia-fullwidth-slider main_color avia-shadow   avia-builder-el-0  el_before_av_submenu  avia-builder-el-first   container_wrap fullsize'  ><div  class='avia-slideshow av-1d1idv-9e30e91b1635a35dd46e1aeb3c65397b av-control-default avia-slideshow-no scaling av_slideshow_full avia-fade-slider av-default-height-applied   avia-slideshow-1'  data-size='no scaling'  data-lightbox_size='large'  data-animation='fade'  data-conditional_play=''  data-ids='1775'  data-video_counter='0'  data-autoplay='true'  data-bg_slider='false'  data-slide_height=''  data-handle='av_slideshow_full'  data-interval='5'  data-class=''  data-extra_class=' '  data-el_id=''  data-css_id=''  data-scroll_down=''  data-control_layout='av-control-default'  data-custom_markup=''  data-perma_caption=''  data-autoplay_stopper=''  data-image_attachment=''  data-min_height='0px'  data-lazy_loading='disabled'  data-default-height='20.8333333333'  data-stretch=''  data-src=''  data-position='top left'  data-repeat='no-repeat'  data-attach='scroll'  data-img_scrset=''  data-av-desktop-hide=''  data-av-medium-hide=''  data-av-small-hide=''  data-av-mini-hide=''  data-id=''  data-custom_class=''  data-template_class=''  data-av_uid='av-1d1idv'  data-sc_version='1.0'  data-heading_tag=''  data-heading_class=''   itemprop=\"image\" itemscope=\"itemscope\" itemtype=\"https:\/\/schema.org\/ImageObject\" ><ul class='avia-slideshow-inner ' style='padding-bottom: 20.8333333333%;'><li  class='avia-slideshow-slide av-1d1idv-9e30e91b1635a35dd46e1aeb3c65397b__0  av-single-slide slide-1 ' ><div data-rel='slideshow-1' class='avia-slide-wrap '   ><img class=\"wp-image-1775 avia-img-lazy-loading-not-1775\"  src='https:\/\/slovenskefiremnehry.sk\/plaze\/wp-content\/uploads\/2015\/04\/zdrojak.jpg' width='1920' height='400' title='Hiker in Tatra Mountains' alt=''  itemprop=\"thumbnailUrl\"   \/><\/div><\/li><\/ul><\/div><\/div>\n<div class='clear'><\/div><div id='sub_menu1'  class='av-submenu-container av-118vcj-92d9cd0106257ae2c342d304296b0f93 header_color av-switch-768  avia-builder-el-1  el_after_av_slideshow_full  el_before_av_heading  av-sticky-submenu submenu-not-first container_wrap fullsize' style='z-index:301' ><div class='container av-menu-mobile-active av-submenu-pos-center'><a href=\"#\" class=\"mobile_menu_toggle\" aria-hidden='true' data-av_icon='\ue8a5' data-av_iconfont='entypo-fontello'><span class=\"av-current-placeholder\">Menu<\/span><\/a><ul id=\"menu-bocne-menu\" class=\"av-subnav-menu\"><li role=\"menuitem\" id=\"menu-item-5517\" class=\"menu-item menu-item-type-custom menu-item-object-custom menu-item-top-level menu-item-top-level-1\"><a href=\"http:\/\/registracia.elcop.sk\/\" itemprop=\"url\" tabindex=\"0\"><span class=\"avia-bullet\"><\/span><span class=\"avia-menu-text\">Registr\u00e1cia<\/span><span class=\"avia-menu-fx\"><span class=\"avia-arrow-wrap\"><span class=\"avia-arrow\"><\/span><\/span><\/span><\/a><\/li>\n<li role=\"menuitem\" id=\"menu-item-5569\" class=\"menu-item menu-item-type-custom menu-item-object-custom menu-item-home menu-item-top-level menu-item-top-level-2\"><a href=\"https:\/\/slovenskefiremnehry.sk\/plaze\/#sub_menu1\" itemprop=\"url\" tabindex=\"0\"><span class=\"avia-bullet\"><\/span><span class=\"avia-menu-text\">O podujat\u00ed<\/span><span class=\"avia-menu-fx\"><span class=\"avia-arrow-wrap\"><span class=\"avia-arrow\"><\/span><\/span><\/span><\/a><\/li>\n<li role=\"menuitem\" id=\"menu-item-509\" class=\"menu-item menu-item-type-post_type menu-item-object-page menu-item-has-children menu-item-top-level menu-item-top-level-3\"><a href=\"https:\/\/slovenskefiremnehry.sk\/plaze\/sutazny-program-2\/\" itemprop=\"url\" tabindex=\"0\"><span class=\"avia-bullet\"><\/span><span class=\"avia-menu-text\">\u0160portov\u00fd program<\/span><span class=\"avia-menu-fx\"><span class=\"avia-arrow-wrap\"><span class=\"avia-arrow\"><\/span><\/span><\/span><\/a>\n\n\n<ul class=\"sub-menu\">\n\t<li role=\"menuitem\" id=\"menu-item-662\" class=\"menu-item menu-item-type-post_type menu-item-object-page\"><a href=\"https:\/\/slovenskefiremnehry.sk\/plaze\/discipliny-a-pravidla\/\" itemprop=\"url\" tabindex=\"0\"><span class=\"avia-bullet\"><\/span><span class=\"avia-menu-text\">Discipl\u00edny a pravidl\u00e1<\/span><\/a><\/li>\n\t<li role=\"menuitem\" id=\"menu-item-669\" class=\"menu-item menu-item-type-post_type menu-item-object-page\"><a href=\"https:\/\/slovenskefiremnehry.sk\/plaze\/hodnotenie\/\" itemprop=\"url\" tabindex=\"0\"><span class=\"avia-bullet\"><\/span><span class=\"avia-menu-text\">Hodnotenie<\/span><\/a><\/li>\n<\/ul>\n<\/li>\n<li role=\"menuitem\" id=\"menu-item-508\" class=\"menu-item menu-item-type-post_type menu-item-object-page menu-item-has-children menu-item-top-level menu-item-top-level-4\"><a href=\"https:\/\/slovenskefiremnehry.sk\/plaze\/program-podujatia\/\" itemprop=\"url\" tabindex=\"0\"><span class=\"avia-bullet\"><\/span><span class=\"avia-menu-text\">Program podujatia<\/span><span class=\"avia-menu-fx\"><span class=\"avia-arrow-wrap\"><span class=\"avia-arrow\"><\/span><\/span><\/span><\/a>\n\n\n<ul class=\"sub-menu\">\n\t<li role=\"menuitem\" id=\"menu-item-4218\" class=\"menu-item menu-item-type-post_type menu-item-object-page\"><a href=\"https:\/\/slovenskefiremnehry.sk\/plaze\/ubytovanie\/\" itemprop=\"url\" tabindex=\"0\"><span class=\"avia-bullet\"><\/span><span class=\"avia-menu-text\">Ubytovanie<\/span><\/a><\/li>\n<\/ul>\n<\/li>\n<li role=\"menuitem\" id=\"menu-item-538\" class=\"menu-item menu-item-type-post_type menu-item-object-page menu-item-has-children menu-item-top-level menu-item-top-level-5\"><a href=\"https:\/\/slovenskefiremnehry.sk\/plaze\/podmienky-ucasti\/\" itemprop=\"url\" tabindex=\"0\"><span class=\"avia-bullet\"><\/span><span class=\"avia-menu-text\">\u00da\u010dastn\u00edcky poplatok<\/span><span class=\"avia-menu-fx\"><span class=\"avia-arrow-wrap\"><span class=\"avia-arrow\"><\/span><\/span><\/span><\/a>\n\n\n<ul class=\"sub-menu\">\n\t<li role=\"menuitem\" id=\"menu-item-5534\" class=\"menu-item menu-item-type-post_type menu-item-object-page\"><a href=\"https:\/\/slovenskefiremnehry.sk\/plaze\/podmienky-ucasti-2\/\" itemprop=\"url\" tabindex=\"0\"><span class=\"avia-bullet\"><\/span><span class=\"avia-menu-text\">Podmienky \u00fa\u010dasti<\/span><\/a><\/li>\n\t<li role=\"menuitem\" id=\"menu-item-1861\" class=\"menu-item menu-item-type-post_type menu-item-object-page\"><a href=\"https:\/\/slovenskefiremnehry.sk\/plaze\/osobne-udaje\/\" itemprop=\"url\" tabindex=\"0\"><span class=\"avia-bullet\"><\/span><span class=\"avia-menu-text\">Osobn\u00e9 \u00fadaje<\/span><\/a><\/li>\n<\/ul>\n<\/li>\n<li role=\"menuitem\" id=\"menu-item-3367\" class=\"menu-item menu-item-type-post_type menu-item-object-page menu-item-top-level menu-item-top-level-6\"><a href=\"https:\/\/slovenskefiremnehry.sk\/plaze\/vysledky-2-2\/\" itemprop=\"url\" tabindex=\"0\"><span class=\"avia-bullet\"><\/span><span class=\"avia-menu-text\">V\u00fdsledky<\/span><span class=\"avia-menu-fx\"><span class=\"avia-arrow-wrap\"><span class=\"avia-arrow\"><\/span><\/span><\/span><\/a><\/li>\n<li role=\"menuitem\" id=\"menu-item-505\" class=\"menu-item menu-item-type-post_type menu-item-object-page menu-item-top-level menu-item-top-level-7\"><a href=\"https:\/\/slovenskefiremnehry.sk\/plaze\/galeria\/\" itemprop=\"url\" tabindex=\"0\"><span class=\"avia-bullet\"><\/span><span class=\"avia-menu-text\">Gal\u00e9ria<\/span><span class=\"avia-menu-fx\"><span class=\"avia-arrow-wrap\"><span class=\"avia-arrow\"><\/span><\/span><\/span><\/a><\/li>\n<li role=\"menuitem\" id=\"menu-item-5518\" class=\"menu-item menu-item-type-custom menu-item-object-custom menu-item-top-level menu-item-top-level-8\"><a href=\"http:\/\/slovenskefiremnehry.sk\/#kontakt\" itemprop=\"url\" tabindex=\"0\"><span class=\"avia-bullet\"><\/span><span class=\"avia-menu-text\">Kontaktujte n\u00e1s<\/span><span class=\"avia-menu-fx\"><span class=\"avia-arrow-wrap\"><span class=\"avia-arrow\"><\/span><\/span><\/span><\/a><\/li>\n<\/ul><\/div><\/div><div class='sticky_placeholder'><\/div><div id='after_submenu_1'  class='main_color av_default_container_wrap container_wrap fullsize'  ><div class='container av-section-cont-open' ><div class='template-page content  av-content-full alpha units'><div class='post-entry post-entry-type-page post-entry-667'><div class='entry-content-wrapper clearfix'>\n\n<style type=\"text\/css\" data-created_by=\"avia_inline_auto\" id=\"style-css-av-kpmys5ta-72aa96bd560325d0012507a9f0ed9406\">\n#top .av-special-heading.av-kpmys5ta-72aa96bd560325d0012507a9f0ed9406{\npadding-bottom:10px;\n}\nbody .av-special-heading.av-kpmys5ta-72aa96bd560325d0012507a9f0ed9406 .av-special-heading-tag .heading-char{\nfont-size:25px;\n}\n.av-special-heading.av-kpmys5ta-72aa96bd560325d0012507a9f0ed9406 .av-subheading{\nfont-size:15px;\n}\n<\/style>\n<div  class='av-special-heading av-kpmys5ta-72aa96bd560325d0012507a9f0ed9406 av-special-heading-h1  avia-builder-el-2  el_after_av_submenu  el_before_av_one_full  avia-builder-el-first '><h1 class='av-special-heading-tag'  itemprop=\"headline\"  >Hodnotenie <\/h1><div class=\"special-heading-border\"><div class=\"special-heading-inner-border\"><\/div><\/div><\/div>\n<div class='flex_column av-cxaij-47e591ce9abf31d2405051734f46fb16 av_one_full  avia-builder-el-3  el_after_av_heading  el_before_av_heading  first flex_column_div '   ><section  class='av_textblock_section av-9fvur-772223ed2940b5b6e6fce2394a643f73'  itemscope=\"itemscope\" itemtype=\"https:\/\/schema.org\/CreativeWork\" ><div class='avia_textblock'  itemprop=\"text\" ><p>V ka\u017edej discipl\u00edne sa vyhodnocuje 1. a\u017e 6. miesto v jednotliv\u00fdch kateg\u00f3ri\u00e1ch. Za z\u00edskan\u00e9 umiestnenia s\u00fa firemn\u00e9mu t\u00edmu pridelen\u00e9 body pod\u013ea nasleduj\u00faceho k\u013e\u00fa\u010da:<\/p>\n<table>\n<tbody>\n<tr>\n<td width=\"102\">Umiestnenie:<\/td>\n<td style=\"text-align: center;\" width=\"57\">1.<\/td>\n<td style=\"text-align: center;\" width=\"47\">2.<\/td>\n<td style=\"text-align: center;\" width=\"47\">3.<\/td>\n<td style=\"text-align: center;\" width=\"47\">4.<\/td>\n<td style=\"text-align: center;\" width=\"47\">5.<\/td>\n<td style=\"text-align: center;\" width=\"47\">6.<\/td>\n<\/tr>\n<tr>\n<td width=\"102\">Body:<\/td>\n<td style=\"text-align: center;\" width=\"57\">80<\/td>\n<td style=\"text-align: center;\" width=\"47\">60<\/td>\n<td style=\"text-align: center;\" width=\"47\">40<\/td>\n<td style=\"text-align: center;\" width=\"47\">32<\/td>\n<td style=\"text-align: center;\" width=\"47\">24<\/td>\n<td style=\"text-align: center;\" width=\"47\">16<\/td>\n<\/tr>\n<\/tbody>\n<\/table>\n<p class=\"p1\"><span class=\"s1\">Niektor\u00e9 discipl\u00edny (vi\u010f discipl\u00edny a\u00a0pravidl\u00e1) sa vyhodnocuj\u00fa v\u00a0dvoch vekov\u00fdch kateg\u00f3ri\u00e1ch. <b>Mu\u017ei<\/b> naroden\u00ed <b>po roku 1984<\/b>\u00a0s\u00fa posudzovan\u00ed<b> ako mlad\u0161\u00ed<\/b>, <b>mu\u017ei<\/b> naroden\u00ed <b>v roku 1984<\/b>\u00a0a sk\u00f4r s\u00fa posudzovan\u00ed <b>ako star\u0161\u00ed.<\/b> <b>\u017deny<\/b> naroden\u00e9 <b>po roku 1989<\/b>\u00a0s\u00fa posudzovan\u00e9 <b>ako mlad\u0161ie<\/b>,<b> \u017eeny<\/b> naroden\u00e9 <b>v roku 1989<\/b>\u00a0a sk\u00f4r s\u00fa posudzovan\u00e9 <b>ako star\u0161ie.<\/b><\/span><\/p>\n<p>\u00da\u010dastn\u00edci \u0161tartuj\u00faci vo viacer\u00fdch discipl\u00ednach boduj\u00fa pre svoj t\u00edm v\u00a0ka\u017edej z\u00a0nich.<\/p>\n<p class=\"p3\"><span class=\"s1\"><b>Body sa pridelia pod\u013ea nasledovn\u00e9ho k\u013e\u00fa\u010da<\/b><\/span><\/p>\n<p class=\"p1\"><span class=\"s1\">V \u0161portoch, v ktor\u00fdch sa z\u00fa\u010dastn\u00ed menej ako \u0161es\u0165 s\u00fa\u0165a\u017eiacich, sa rozdelia body pod\u013ea uveden\u00e9ho k\u013e\u00fa\u010da s t\u00fdm, \u017ee najviac bodovan\u00e9 umiestnenia s\u00fa stornovan\u00e9 v z\u00e1vislosti od ch\u00fdbaj\u00faceho po\u010dtu \u0161tartuj\u00facich s\u00fa\u0165a\u017eiacich do po\u010dtu \u0161es\u0165.<\/span><\/p>\n<p class=\"p3\"><span class=\"s1\"><b>Pr\u00edklad:<\/b><\/span><\/p>\n<p class=\"p3\"><span class=\"s1\">V tenise \u0161tartuj\u00fa celkove tri s\u00fa\u0165a\u017eiace.<br \/>\n1. miesto z\u00edskava pre firmu \u00a0\u00a0 \u00a032 bodov<br \/>\n2. miesto z\u00edskava pre firmu \u00a0\u00a0 \u00a024 bodov<br \/>\n3. miesto z\u00edskava pre firmu \u00a0\u00a0 \u00a016 bodov<\/span><\/p>\n<p>Ak v niektorej \u0161portovej kateg\u00f3rii \u0161tartuje jeden s\u00fa\u0165a\u017eiaci, z\u00edskava pre firmu 16 bodov s podmienkou, \u017ee regul\u00e1rne absolvuje po\u017eadovan\u00fa discipl\u00ednu.<\/p>\n<p>Minim\u00e1lny po\u010det reprezentantov jednej firmy je jeden. Maxim\u00e1lny po\u010det je neobmedzen\u00fd.<\/p>\n<p class=\"p5\"><span class=\"s1\"><b>V \u0161portovej discipl\u00edne, v ktorej sa z\u00fa\u010dastn\u00ed viacero z\u00e1stupcov jednej firmy, bez oh\u013eadu na vek a pohlavie, sa do celkov\u00e9ho v\u00fdsledku firemn\u00e9ho t\u00edmu zapo\u010d\u00edtava iba jeden \u2013 lep\u0161\u00ed bodov\u00fd\u00a0 v\u00fdsledok v danej \u0161portovej discipl\u00edne.<\/b><\/span><\/p>\n<p class=\"p5\"><span class=\"s1\"><br \/>\nBody z\u00edskan\u00e9 \u010fal\u0161\u00edm reprezentantom tej istej firmy sa nikomu nepride\u013euj\u00fa, nasleduj\u00face body s\u00fa pridelen\u00e9 \u010fal\u0161\u00edm umiestnen\u00fdm firm\u00e1m pod\u013ea bodov\u00e9ho k\u013e\u00fa\u010da. V pr\u00edpade rovnosti bodov v s\u00fa\u0165a\u017ei firiem rozhoduje viac lep\u0161\u00edch umiestnen\u00ed v jednotliv\u00fdch \u0161portov\u00fdch discipl\u00ednach.<\/span><\/p>\n<\/div><\/section><\/div>\n<style type=\"text\/css\" data-created_by=\"avia_inline_auto\" id=\"style-css-av-lsbwospg-772c411607bbf7cc7c28b6a2fd4841c5\">\n#top .av-special-heading.av-lsbwospg-772c411607bbf7cc7c28b6a2fd4841c5{\npadding-bottom:10px;\n}\nbody .av-special-heading.av-lsbwospg-772c411607bbf7cc7c28b6a2fd4841c5 .av-special-heading-tag .heading-char{\nfont-size:25px;\n}\n.av-special-heading.av-lsbwospg-772c411607bbf7cc7c28b6a2fd4841c5 .av-subheading{\nfont-size:15px;\n}\n<\/style>\n<div  id=\"institut\"  class='av-special-heading av-lsbwospg-772c411607bbf7cc7c28b6a2fd4841c5 av-special-heading-h1  avia-builder-el-5  el_after_av_one_full  el_before_av_one_full  av-linked-heading'><h1 class='av-special-heading-tag'  itemprop=\"headline\"  >In\u0161tit\u00fat protestu <\/h1><div class=\"special-heading-border\"><div class=\"special-heading-inner-border\"><\/div><\/div><\/div><\/p>\n<div class='flex_column av-uvmj-b5d130faf4fd911ab401bce16b47bbbc av_one_full  avia-builder-el-6  el_after_av_heading  avia-builder-el-last  first flex_column_div '   ><section  class='av_textblock_section av-lsbwpjo8-3d39155d07a04a96b15bacb6889fb564'  itemscope=\"itemscope\" itemtype=\"https:\/\/schema.org\/CreativeWork\" ><div class='avia_textblock'  itemprop=\"text\" ><p class=\"p1\"><span class=\"s1\">\u00da\u010dastn\u00edci \u0161portov\u00fdch s\u00fa\u0165a\u017e\u00ed maj\u00fa mo\u017enos\u0165 prostredn\u00edctvom kapit\u00e1na t\u00edmu vznies\u0165 protest proti neopr\u00e1vnen\u00fdm alebo chybn\u00fdm v\u00fdsledkom po\u010das priebehu a po skon\u010den\u00ed s\u00fa\u0165a\u017en\u00fdch discipl\u00edn.<\/span><\/p>\n<p>Na ka\u017edej s\u00fa\u0165a\u017enej discipl\u00edne je k dispoz\u00edcii rozhodca alebo koordin\u00e1tor, v ktor\u00e9ho kompetencii je rozhodova\u0165 a rie\u0161i\u0165 poru\u0161enie pravidiel v danej discipl\u00edne. M\u00e1 pr\u00e1vo vyk\u00e1za\u0165 s\u00fa\u0165a\u017eiaceho zo \u0161portoviska alebo diskvalifikova\u0165 t\u00edm v pr\u00edpade poru\u0161enia pravidiel s\u00fa\u0165a\u017enej discipl\u00edny. V pr\u00edpade, \u017ee rozhodnutie koordin\u00e1tora nebolo v s\u00falade s pravidlami s\u00fa\u0165a\u017enej discipl\u00edny (nevz\u0165ahuje sa na bodovanie po\u010das hry) m\u00f4\u017eete sa odvola\u0165 na \u0161portov\u00e9ho\u00a0<strong>riadite\u013ea SFH. Odvola\u0165 sa m\u00f4\u017eete priamo po\u010das hry, alebo do 15. min po skon\u010den\u00ed discipl\u00edny.<\/strong> <span class=\"s1\"> <strong>V pr\u00edpade n\u00e1mietky vo\u010di v\u00fdsledkom, ktor\u00e9 sa vyhlasuj\u00fa v sobotu ve\u010der v hoteli Garden Istra je mo\u017en\u00e9 odvola\u0165 sa do 30 min. po vyhl\u00e1sen\u00ed v\u00fdsledkov taktie\u017e u \u0161portov\u00e9ho riadite\u013ea Du\u0161ana Kawasha, ktor\u00fd bude k dispoz\u00edcii na tel.\u010d\u00edsle uvedenom na n\u00e1stenke s v\u00fdsledkami oproti recepcii.<\/strong><\/span> Dodato\u010dn\u00e9 n\u00e1mietky a odvolania po uplynut\u00ed stanoven\u00e9ho term\u00ednu a \u010dasu nebud\u00fa bran\u00e9 do \u00favahy.<\/p>\n<p>\u00a0<\/p>\n<\/div><\/section><\/div>\n","protected":false},"excerpt":{"rendered":"","protected":false},"author":1,"featured_media":0,"parent":0,"menu_order":11,"comment_status":"open","ping_status":"open","template":"","meta":[],"_links":{"self":[{"href":"https:\/\/slovenskefiremnehry.sk\/plaze\/wp-json\/wp\/v2\/pages\/667"}],"collection":[{"href":"https:\/\/slovenskefiremnehry.sk\/plaze\/wp-json\/wp\/v2\/pages"}],"about":[{"href":"https:\/\/slovenskefiremnehry.sk\/plaze\/wp-json\/wp\/v2\/types\/page"}],"author":[{"embeddable":true,"href":"https:\/\/slovenskefiremnehry.sk\/plaze\/wp-json\/wp\/v2\/users\/1"}],"replies":[{"embeddable":true,"href":"https:\/\/slovenskefiremnehry.sk\/plaze\/wp-json\/wp\/v2\/comments?post=667"}],"version-history":[{"count":5,"href":"https:\/\/slovenskefiremnehry.sk\/plaze\/wp-json\/wp\/v2\/pages\/667\/revisions"}],"predecessor-version":[{"id":5776,"href":"https:\/\/slovenskefiremnehry.sk\/plaze\/wp-json\/wp\/v2\/pages\/667\/revisions\/5776"}],"wp:attachment":[{"href":"https:\/\/slovenskefiremnehry.sk\/plaze\/wp-json\/wp\/v2\/media?parent=667"}],"curies":[{"name":"wp","href":"https:\/\/api.w.org\/{rel}","templated":true}]}}