{"id":5531,"date":"2015-04-29T09:17:44","date_gmt":"2015-04-29T07:17:44","guid":{"rendered":"https:\/\/slovenskefiremnehry.sk\/plaze\/?page_id=5531"},"modified":"2026-02-25T18:51:46","modified_gmt":"2026-02-25T16:51:46","slug":"podmienky-ucasti-2","status":"publish","type":"page","link":"https:\/\/slovenskefiremnehry.sk\/plaze\/podmienky-ucasti-2\/","title":{"rendered":"Obchodn\u00e9 podmienky"},"content":{"rendered":"<div id='full_slider_1'  class='avia-fullwidth-slider main_color avia-shadow   avia-builder-el-0  el_before_av_submenu  avia-builder-el-first   container_wrap fullsize'  ><div  class='avia-slideshow av-8s0xx-3ad1c642758acce7118cb57d47667752 av-control-default avia-slideshow-no scaling av_slideshow_full avia-slide-slider av-default-height-applied   avia-slideshow-1'  data-size='no scaling'  data-lightbox_size='large'  data-animation='slide'  data-conditional_play=''  data-ids='1775'  data-video_counter='0'  data-autoplay='false'  data-bg_slider='false'  data-slide_height=''  data-handle='av_slideshow_full'  data-interval='5'  data-class=''  data-extra_class=' '  data-el_id=''  data-css_id=''  data-scroll_down=''  data-control_layout='av-control-default'  data-custom_markup=''  data-perma_caption=''  data-autoplay_stopper=''  data-image_attachment=''  data-min_height='0px'  data-lazy_loading='disabled'  data-default-height='20.8333333333'  data-stretch=''  data-src=''  data-position='top left'  data-repeat='no-repeat'  data-attach='scroll'  data-img_scrset=''  data-av-desktop-hide=''  data-av-medium-hide=''  data-av-small-hide=''  data-av-mini-hide=''  data-id=''  data-custom_class=''  data-template_class=''  data-av_uid='av-8s0xx'  data-sc_version='1.0'  data-heading_tag=''  data-heading_class=''   itemprop=\"image\" itemscope=\"itemscope\" itemtype=\"https:\/\/schema.org\/ImageObject\" ><ul class='avia-slideshow-inner ' style='padding-bottom: 20.8333333333%;'><li  class='avia-slideshow-slide av-8s0xx-3ad1c642758acce7118cb57d47667752__0  av-single-slide slide-1 ' ><div data-rel='slideshow-1' class='avia-slide-wrap '   ><img class=\"wp-image-1775 avia-img-lazy-loading-not-1775\"  src='https:\/\/slovenskefiremnehry.sk\/plaze\/wp-content\/uploads\/2015\/04\/zdrojak.jpg' width='1920' height='400' title='Hiker in Tatra Mountains' alt=''  itemprop=\"thumbnailUrl\"   \/><\/div><\/li><\/ul><\/div><\/div>\n<div class='clear'><\/div><div id='sub_menu1'  class='av-submenu-container av-7hzj9-4486133bc3d419e27d406d0a3c7a89e4 header_color av-switch-768  avia-builder-el-1  el_after_av_slideshow_full  el_before_av_one_full  av-sticky-submenu submenu-not-first container_wrap fullsize' style='z-index:301' ><div class='container av-menu-mobile-active av-submenu-pos-center'><a href=\"#\" class=\"mobile_menu_toggle\" aria-hidden='true' data-av_icon='\ue8a5' data-av_iconfont='entypo-fontello'><span class=\"av-current-placeholder\">Menu<\/span><\/a><ul id=\"menu-bocne-menu\" class=\"av-subnav-menu\"><li role=\"menuitem\" id=\"menu-item-5517\" class=\"menu-item menu-item-type-custom menu-item-object-custom menu-item-top-level menu-item-top-level-1\"><a href=\"http:\/\/registracia.elcop.sk\/\" itemprop=\"url\" tabindex=\"0\"><span class=\"avia-bullet\"><\/span><span class=\"avia-menu-text\">Registr\u00e1cia<\/span><span class=\"avia-menu-fx\"><span class=\"avia-arrow-wrap\"><span class=\"avia-arrow\"><\/span><\/span><\/span><\/a><\/li>\n<li role=\"menuitem\" id=\"menu-item-5569\" class=\"menu-item menu-item-type-custom menu-item-object-custom menu-item-home menu-item-top-level menu-item-top-level-2\"><a href=\"https:\/\/slovenskefiremnehry.sk\/plaze\/#sub_menu1\" itemprop=\"url\" tabindex=\"0\"><span class=\"avia-bullet\"><\/span><span class=\"avia-menu-text\">O podujat\u00ed<\/span><span class=\"avia-menu-fx\"><span class=\"avia-arrow-wrap\"><span class=\"avia-arrow\"><\/span><\/span><\/span><\/a><\/li>\n<li role=\"menuitem\" id=\"menu-item-509\" class=\"menu-item menu-item-type-post_type menu-item-object-page menu-item-has-children menu-item-top-level menu-item-top-level-3\"><a href=\"https:\/\/slovenskefiremnehry.sk\/plaze\/sutazny-program-2\/\" itemprop=\"url\" tabindex=\"0\"><span class=\"avia-bullet\"><\/span><span class=\"avia-menu-text\">\u0160portov\u00fd program<\/span><span class=\"avia-menu-fx\"><span class=\"avia-arrow-wrap\"><span class=\"avia-arrow\"><\/span><\/span><\/span><\/a>\n\n\n<ul class=\"sub-menu\">\n\t<li role=\"menuitem\" id=\"menu-item-662\" class=\"menu-item menu-item-type-post_type menu-item-object-page\"><a href=\"https:\/\/slovenskefiremnehry.sk\/plaze\/discipliny-a-pravidla\/\" itemprop=\"url\" tabindex=\"0\"><span class=\"avia-bullet\"><\/span><span class=\"avia-menu-text\">Discipl\u00edny a pravidl\u00e1<\/span><\/a><\/li>\n\t<li role=\"menuitem\" id=\"menu-item-669\" class=\"menu-item menu-item-type-post_type menu-item-object-page\"><a href=\"https:\/\/slovenskefiremnehry.sk\/plaze\/hodnotenie\/\" itemprop=\"url\" tabindex=\"0\"><span class=\"avia-bullet\"><\/span><span class=\"avia-menu-text\">Hodnotenie<\/span><\/a><\/li>\n<\/ul>\n<\/li>\n<li role=\"menuitem\" id=\"menu-item-508\" class=\"menu-item menu-item-type-post_type menu-item-object-page menu-item-has-children menu-item-top-level menu-item-top-level-4\"><a href=\"https:\/\/slovenskefiremnehry.sk\/plaze\/program-podujatia\/\" itemprop=\"url\" tabindex=\"0\"><span class=\"avia-bullet\"><\/span><span class=\"avia-menu-text\">Program podujatia<\/span><span class=\"avia-menu-fx\"><span class=\"avia-arrow-wrap\"><span class=\"avia-arrow\"><\/span><\/span><\/span><\/a>\n\n\n<ul class=\"sub-menu\">\n\t<li role=\"menuitem\" id=\"menu-item-4218\" class=\"menu-item menu-item-type-post_type menu-item-object-page\"><a href=\"https:\/\/slovenskefiremnehry.sk\/plaze\/ubytovanie\/\" itemprop=\"url\" tabindex=\"0\"><span class=\"avia-bullet\"><\/span><span class=\"avia-menu-text\">Ubytovanie<\/span><\/a><\/li>\n<\/ul>\n<\/li>\n<li role=\"menuitem\" id=\"menu-item-538\" class=\"menu-item menu-item-type-post_type menu-item-object-page menu-item-has-children menu-item-top-level menu-item-top-level-5\"><a href=\"https:\/\/slovenskefiremnehry.sk\/plaze\/podmienky-ucasti\/\" itemprop=\"url\" tabindex=\"0\"><span class=\"avia-bullet\"><\/span><span class=\"avia-menu-text\">\u00da\u010dastn\u00edcky poplatok<\/span><span class=\"avia-menu-fx\"><span class=\"avia-arrow-wrap\"><span class=\"avia-arrow\"><\/span><\/span><\/span><\/a>\n\n\n<ul class=\"sub-menu\">\n\t<li role=\"menuitem\" id=\"menu-item-5534\" class=\"menu-item menu-item-type-post_type menu-item-object-page\"><a href=\"https:\/\/slovenskefiremnehry.sk\/plaze\/podmienky-ucasti-2\/\" itemprop=\"url\" tabindex=\"0\"><span class=\"avia-bullet\"><\/span><span class=\"avia-menu-text\">Podmienky \u00fa\u010dasti<\/span><\/a><\/li>\n\t<li role=\"menuitem\" id=\"menu-item-1861\" class=\"menu-item menu-item-type-post_type menu-item-object-page\"><a href=\"https:\/\/slovenskefiremnehry.sk\/plaze\/osobne-udaje\/\" itemprop=\"url\" tabindex=\"0\"><span class=\"avia-bullet\"><\/span><span class=\"avia-menu-text\">Osobn\u00e9 \u00fadaje<\/span><\/a><\/li>\n<\/ul>\n<\/li>\n<li role=\"menuitem\" id=\"menu-item-3367\" class=\"menu-item menu-item-type-post_type menu-item-object-page menu-item-top-level menu-item-top-level-6\"><a href=\"https:\/\/slovenskefiremnehry.sk\/plaze\/vysledky-2-2\/\" itemprop=\"url\" tabindex=\"0\"><span class=\"avia-bullet\"><\/span><span class=\"avia-menu-text\">V\u00fdsledky<\/span><span class=\"avia-menu-fx\"><span class=\"avia-arrow-wrap\"><span class=\"avia-arrow\"><\/span><\/span><\/span><\/a><\/li>\n<li role=\"menuitem\" id=\"menu-item-505\" class=\"menu-item menu-item-type-post_type menu-item-object-page menu-item-top-level menu-item-top-level-7\"><a href=\"https:\/\/slovenskefiremnehry.sk\/plaze\/galeria\/\" itemprop=\"url\" tabindex=\"0\"><span class=\"avia-bullet\"><\/span><span class=\"avia-menu-text\">Gal\u00e9ria<\/span><span class=\"avia-menu-fx\"><span class=\"avia-arrow-wrap\"><span class=\"avia-arrow\"><\/span><\/span><\/span><\/a><\/li>\n<li role=\"menuitem\" id=\"menu-item-5518\" class=\"menu-item menu-item-type-custom menu-item-object-custom menu-item-top-level menu-item-top-level-8\"><a href=\"http:\/\/slovenskefiremnehry.sk\/#kontakt\" itemprop=\"url\" tabindex=\"0\"><span class=\"avia-bullet\"><\/span><span class=\"avia-menu-text\">Kontaktujte n\u00e1s<\/span><span class=\"avia-menu-fx\"><span class=\"avia-arrow-wrap\"><span class=\"avia-arrow\"><\/span><\/span><\/span><\/a><\/li>\n<\/ul><\/div><\/div><div class='sticky_placeholder'><\/div><div id='after_submenu_1'  class='main_color av_default_container_wrap container_wrap fullsize'  ><div class='container av-section-cont-open' ><div class='template-page content  av-content-full alpha units'><div class='post-entry post-entry-type-page post-entry-5531'><div class='entry-content-wrapper clearfix'>\n<div class='flex_column av-1i9h8t-851acb5ecea6624642b6681c40c1f032 av_one_full  avia-builder-el-2  el_after_av_submenu  avia-builder-el-no-sibling  first flex_column_div '   ><section  class='av_textblock_section av-lrhopb4h-0eaf4c14f1783720dec05b3c66d81e2f'  itemscope=\"itemscope\" itemtype=\"https:\/\/schema.org\/CreativeWork\" ><div class='avia_textblock'  itemprop=\"text\" ><h2><span lang=\"EN-US\">Podmienky \u00fa\u010dasti<br \/>\nSlovensk\u00e9 firemn\u00e9 hry \u2013 Pl\u00e1\u017eov\u00e9 in\u0161pir\u00e1cie 2026<\/span><\/h2>\n<p>Podmienky \u00fa\u010dasti na Slovensk\u00fdch firemn\u00fdch hr\u00e1ch \u2013 Pl\u00e1\u017eov\u00fdch in\u0161pir\u00e1ci\u00e1ch 2026 (\u010falej len \u201ePodujatie\u201c) upravuj\u00fa podmienky \u00fa\u010dasti na Podujat\u00ed, ktor\u00e9 sa uskuto\u010dn\u00ed v d\u0148och 28. \u2013 31. 5. 2026 na ostrove Rab v Chorv\u00e1tsku, v \u0161tvorhviezdi\u010dkovom rezorte Arba Resort Valamar Collection.<\/p>\n<p>Hlavn\u00fdm organiz\u00e1torom Podujatia (\u010falej len \u201eOrganiz\u00e1tor\u201c) je spolo\u010dnos\u0165 ELCOP Plus, s.r.o., I\u010cO: 35 832 681 v spolupr\u00e1ci s marketingov\u00fdm partnerom ELCOP Bratislava, s.r.o., I\u010cO: 35 783 516.<\/p>\n<p>Podmienky \u00fa\u010dasti s\u00fa z\u00e1v\u00e4zn\u00e9 pre \u00fa\u010dastn\u00edcke spolo\u010dnosti a \u00fa\u010dastn\u00edkov Podujatia, ktor\u00ed vystupuj\u00fa v poz\u00edcii Objedn\u00e1vate\u013eov (\u010falej len \u201eObjedn\u00e1vate\u013e\u201c alebo \u201eObjedn\u00e1vatelia\u201c).<\/p>\n<p>Podmienky v tomto znen\u00ed s\u00fa \u00fa\u010dinn\u00e9 od 25. 1. 2026.<\/p>\n<p>1. V\u0160EOBECN\u00c9 PODMIENKY<\/p>\n<p>1.1. Podmienkou \u00fa\u010dasti je dobr\u00fd zdravotn\u00fd stav \u00fa\u010dastn\u00edka.<\/p>\n<p>1.2. Ka\u017ed\u00fd \u00fa\u010dastn\u00edk sa Podujatia z\u00fa\u010dast\u0148uje na vlastn\u00fa zodpovednos\u0165 a na vlastn\u00e9 riziko.<\/p>\n<p>1.3. \u00da\u010dastn\u00edk s\u00fahlas\u00ed s Podmienkami \u00fa\u010dasti vr\u00e1tane ceny (\u00fa\u010dastn\u00edckeho poplatku) a so \u0161portov\u00fdmi pravidlami uveden\u00fdmi na str\u00e1nke Podujatia, ktor\u00e9 s\u00fa ich neoddelite\u013enou s\u00fa\u010das\u0165ou.<\/p>\n<p>1.4. \u00da\u010dastn\u00edkov na Podujatie registruje pr\u00e1vnick\u00e1 osoba \u2013 vysielaj\u00faca spolo\u010dnos\u0165 \u2013 na z\u00e1klade z\u00e1v\u00e4znej objedn\u00e1vky. Povolen\u00e1 je aj individu\u00e1lna \u00fa\u010das\u0165 fyzickej osoby. Objedn\u00e1vka mus\u00ed obsahova\u0165 identifika\u010dn\u00e9 \u00fadaje spolo\u010dnosti (n\u00e1zov, s\u00eddlo, I\u010cO, I\u010c DPH) alebo v pr\u00edpade fyzickej osoby pln\u00e9 meno, adresu trval\u00e9ho pobytu a rodn\u00e9 \u010d\u00edslo. Objedn\u00e1vka mus\u00ed obsahova\u0165 po\u010det prihlasovan\u00fdch os\u00f4b a po\u017eiadavky na ubytovanie. Objedn\u00e1vka mus\u00ed by\u0165 doru\u010den\u00e1 Organiz\u00e1torovi e-mailom.<\/p>\n<p>2. REGISTR\u00c1CIA DO \u0160PORTOV\u00ddCH DISCIPL\u00cdN<\/p>\n<p>2.1. Najnesk\u00f4r 20 dn\u00ed pred Podujat\u00edm zabezpe\u010d\u00ed poveren\u00fd z\u00e1stupca online registr\u00e1ciu konkr\u00e9tnych \u00fa\u010dastn\u00edkov, ich zaradenie do \u0161portov\u00fdch discipl\u00edn a vekov\u00fdch kateg\u00f3ri\u00ed.<\/p>\n<p>2.2. Pr\u00edstup do registra\u010dn\u00e9ho syst\u00e9mu z\u00edska poveren\u00e1 osoba prostredn\u00edctvom unik\u00e1tneho registra\u010dn\u00e9ho k\u00f3du vy\u017eiadan\u00e9ho od Organiz\u00e1tora.<\/p>\n<p>2.3. Ka\u017ed\u00fd \u00fa\u010dastn\u00edk je povinn\u00fd vyjadri\u0165 s\u00fahlas so spracovan\u00edm osobn\u00fdch \u00fadajov v rozsahu nevyhnutnom na zabezpe\u010denie \u00fa\u010dasti na Podujat\u00ed v s\u00falade s platnou legislat\u00edvou. Z\u00e1sady ochrany osobn\u00fdch \u00fadajov s\u00fa uveden\u00e9 na web str\u00e1nke Podujatia.<\/p>\n<p>3. \u00da\u010cASTN\u00cdCKY POPLATOK A PODMIENKY SPLATNOSTI<\/p>\n<p>3.1. V\u00fd\u0161ka \u00fa\u010dastn\u00edckeho poplatku je 520 EUR\/osoba ubytovan\u00e1 v plne obsadenej dvojl\u00f4\u017ekovej izbe (3 noci) s polpenziou. Cena je kone\u010dn\u00e1 a nevz\u0165ahuje sa na \u0148u DPH.<\/p>\n<p>3.2. Poplatok zah\u0155\u0148a ubytovanie s polpenziou, vstup do baz\u00e9nov rezortu, parkovanie, \u0161portov\u00fd a spolo\u010densk\u00fd program a \u0161portov\u00e9 trofeje.<\/p>\n<p>3.3. Pr\u00edplatok za jednol\u00f4\u017ekov\u00fa izbu alebo single use je 55 EUR\/izba\/noc.<\/p>\n<p>3.4. Poplatok je splatn\u00fd v dvoch spl\u00e1tkach: prv\u00e1 do 10 dn\u00ed od doru\u010denia z\u00e1lohovej fakt\u00fary, druh\u00e1 najnesk\u00f4r 14 dn\u00ed pred konan\u00edm Podujatia. Po Podujat\u00ed bude vystaven\u00fd da\u0148ov\u00fd doklad.<\/p>\n<p>3.5. \u00da\u010dastn\u00edcky poplatok nezah\u0155\u0148a poistenie \u00fa\u010dastn\u00edkov.<\/p>\n<p>4. PODMIENKY ZRU\u0160ENIA \u00da\u010cASTI<\/p>\n<p>4.1. Po\u010det \u00fa\u010dastn\u00edkov uveden\u00fd v z\u00e1v\u00e4znej objedn\u00e1vke je po \u00fahrade prvej z\u00e1lohovej fakt\u00fary z\u00e1v\u00e4zn\u00fd.<\/p>\n<p>5. POISTENIE A ZODPOVEDNOS\u0164<\/p>\n<p>5.1. Ka\u017ed\u00fd \u00fa\u010dastn\u00edk sa z\u00fa\u010dast\u0148uje na vlastn\u00fa zodpovednos\u0165.<\/p>\n<p>5.2. Poistenie lie\u010debn\u00fdch n\u00e1kladov a poistenie zodpovednosti za \u0161kodu je v zodpovednosti \u00fa\u010dastn\u00edkov. Organiz\u00e1tor odpor\u00fa\u010da jeho uzavretie.<\/p>\n<p>5.3. \u00da\u010dastn\u00edk je povinn\u00fd predch\u00e1dza\u0165 \u0161kod\u00e1m na zdrav\u00ed, majetku a \u017eivotnom prostred\u00ed.<\/p>\n<p>5.4. \u00da\u010dastn\u00edk zodpoved\u00e1 za prevzat\u00e9 \u0161portov\u00e9 vybavenie pod\u013ea pr\u00edslu\u0161n\u00fdch pr\u00e1vnych predpisov.<\/p>\n<\/div><\/section><br \/>\n<section  class='av_textblock_section av-9gw05-fb1f128cdc9419062e4f8eb12187f575'  itemscope=\"itemscope\" itemtype=\"https:\/\/schema.org\/CreativeWork\" ><div class='avia_textblock'  itemprop=\"text\" ><\/div><\/section><\/p><\/div>\n","protected":false},"excerpt":{"rendered":"","protected":false},"author":1,"featured_media":0,"parent":0,"menu_order":15,"comment_status":"open","ping_status":"open","template":"","meta":[],"_links":{"self":[{"href":"https:\/\/slovenskefiremnehry.sk\/plaze\/wp-json\/wp\/v2\/pages\/5531"}],"collection":[{"href":"https:\/\/slovenskefiremnehry.sk\/plaze\/wp-json\/wp\/v2\/pages"}],"about":[{"href":"https:\/\/slovenskefiremnehry.sk\/plaze\/wp-json\/wp\/v2\/types\/page"}],"author":[{"embeddable":true,"href":"https:\/\/slovenskefiremnehry.sk\/plaze\/wp-json\/wp\/v2\/users\/1"}],"replies":[{"embeddable":true,"href":"https:\/\/slovenskefiremnehry.sk\/plaze\/wp-json\/wp\/v2\/comments?post=5531"}],"version-history":[{"count":5,"href":"https:\/\/slovenskefiremnehry.sk\/plaze\/wp-json\/wp\/v2\/pages\/5531\/revisions"}],"predecessor-version":[{"id":6298,"href":"https:\/\/slovenskefiremnehry.sk\/plaze\/wp-json\/wp\/v2\/pages\/5531\/revisions\/6298"}],"wp:attachment":[{"href":"https:\/\/slovenskefiremnehry.sk\/plaze\/wp-json\/wp\/v2\/media?parent=5531"}],"curies":[{"name":"wp","href":"https:\/\/api.w.org\/{rel}","templated":true}]}}