{"id":517,"date":"2015-04-29T09:17:44","date_gmt":"2015-04-29T07:17:44","guid":{"rendered":"http:\/\/slovenskefiremnehry.sk\/plaze\/?page_id=517"},"modified":"2026-01-25T22:02:55","modified_gmt":"2026-01-25T20:02:55","slug":"podmienky-ucasti","status":"publish","type":"page","link":"https:\/\/slovenskefiremnehry.sk\/plaze\/podmienky-ucasti\/","title":{"rendered":"Podmienky \u00fa\u010dasti"},"content":{"rendered":"<div id='full_slider_1'  class='avia-fullwidth-slider main_color avia-shadow   avia-builder-el-0  el_before_av_submenu  avia-builder-el-first   container_wrap fullsize'  ><div  class='avia-slideshow av-8s0xx-3ad1c642758acce7118cb57d47667752 av-control-default avia-slideshow-no scaling av_slideshow_full avia-slide-slider av-default-height-applied   avia-slideshow-1'  data-size='no scaling'  data-lightbox_size='large'  data-animation='slide'  data-conditional_play=''  data-ids='1775'  data-video_counter='0'  data-autoplay='false'  data-bg_slider='false'  data-slide_height=''  data-handle='av_slideshow_full'  data-interval='5'  data-class=''  data-extra_class=' '  data-el_id=''  data-css_id=''  data-scroll_down=''  data-control_layout='av-control-default'  data-custom_markup=''  data-perma_caption=''  data-autoplay_stopper=''  data-image_attachment=''  data-min_height='0px'  data-lazy_loading='disabled'  data-default-height='20.8333333333'  data-stretch=''  data-src=''  data-position='top left'  data-repeat='no-repeat'  data-attach='scroll'  data-img_scrset=''  data-av-desktop-hide=''  data-av-medium-hide=''  data-av-small-hide=''  data-av-mini-hide=''  data-id=''  data-custom_class=''  data-template_class=''  data-av_uid='av-8s0xx'  data-sc_version='1.0'  data-heading_tag=''  data-heading_class=''   itemprop=\"image\" itemscope=\"itemscope\" itemtype=\"https:\/\/schema.org\/ImageObject\" ><ul class='avia-slideshow-inner ' style='padding-bottom: 20.8333333333%;'><li  class='avia-slideshow-slide av-8s0xx-3ad1c642758acce7118cb57d47667752__0  av-single-slide slide-1 ' ><div data-rel='slideshow-1' class='avia-slide-wrap '   ><img class=\"wp-image-1775 avia-img-lazy-loading-not-1775\"  src='https:\/\/slovenskefiremnehry.sk\/plaze\/wp-content\/uploads\/2015\/04\/zdrojak.jpg' width='1920' height='400' title='Hiker in Tatra Mountains' alt=''  itemprop=\"thumbnailUrl\"   \/><\/div><\/li><\/ul><\/div><\/div>\n<div class='clear'><\/div><div id='sub_menu1'  class='av-submenu-container av-7hzj9-4486133bc3d419e27d406d0a3c7a89e4 header_color av-switch-768  avia-builder-el-1  el_after_av_slideshow_full  el_before_av_one_full  av-sticky-submenu submenu-not-first container_wrap fullsize' style='z-index:301' ><div class='container av-menu-mobile-active av-submenu-pos-center'><a href=\"#\" class=\"mobile_menu_toggle\" aria-hidden='true' data-av_icon='\ue8a5' data-av_iconfont='entypo-fontello'><span class=\"av-current-placeholder\">Menu<\/span><\/a><ul id=\"menu-bocne-menu\" class=\"av-subnav-menu\"><li role=\"menuitem\" id=\"menu-item-5517\" class=\"menu-item menu-item-type-custom menu-item-object-custom menu-item-top-level menu-item-top-level-1\"><a href=\"http:\/\/registracia.elcop.sk\/\" itemprop=\"url\" tabindex=\"0\"><span class=\"avia-bullet\"><\/span><span class=\"avia-menu-text\">Registr\u00e1cia<\/span><span class=\"avia-menu-fx\"><span class=\"avia-arrow-wrap\"><span class=\"avia-arrow\"><\/span><\/span><\/span><\/a><\/li>\n<li role=\"menuitem\" id=\"menu-item-5569\" class=\"menu-item menu-item-type-custom menu-item-object-custom menu-item-home menu-item-top-level menu-item-top-level-2\"><a href=\"https:\/\/slovenskefiremnehry.sk\/plaze\/#sub_menu1\" itemprop=\"url\" tabindex=\"0\"><span class=\"avia-bullet\"><\/span><span class=\"avia-menu-text\">O podujat\u00ed<\/span><span class=\"avia-menu-fx\"><span class=\"avia-arrow-wrap\"><span class=\"avia-arrow\"><\/span><\/span><\/span><\/a><\/li>\n<li role=\"menuitem\" id=\"menu-item-509\" class=\"menu-item menu-item-type-post_type menu-item-object-page menu-item-has-children menu-item-top-level menu-item-top-level-3\"><a href=\"https:\/\/slovenskefiremnehry.sk\/plaze\/sutazny-program-2\/\" itemprop=\"url\" tabindex=\"0\"><span class=\"avia-bullet\"><\/span><span class=\"avia-menu-text\">\u0160portov\u00fd program<\/span><span class=\"avia-menu-fx\"><span class=\"avia-arrow-wrap\"><span class=\"avia-arrow\"><\/span><\/span><\/span><\/a>\n\n\n<ul class=\"sub-menu\">\n\t<li role=\"menuitem\" id=\"menu-item-662\" class=\"menu-item menu-item-type-post_type menu-item-object-page\"><a href=\"https:\/\/slovenskefiremnehry.sk\/plaze\/discipliny-a-pravidla\/\" itemprop=\"url\" tabindex=\"0\"><span class=\"avia-bullet\"><\/span><span class=\"avia-menu-text\">Discipl\u00edny a pravidl\u00e1<\/span><\/a><\/li>\n\t<li role=\"menuitem\" id=\"menu-item-669\" class=\"menu-item menu-item-type-post_type menu-item-object-page\"><a href=\"https:\/\/slovenskefiremnehry.sk\/plaze\/hodnotenie\/\" itemprop=\"url\" tabindex=\"0\"><span class=\"avia-bullet\"><\/span><span class=\"avia-menu-text\">Hodnotenie<\/span><\/a><\/li>\n<\/ul>\n<\/li>\n<li role=\"menuitem\" id=\"menu-item-508\" class=\"menu-item menu-item-type-post_type menu-item-object-page menu-item-has-children menu-item-top-level menu-item-top-level-4\"><a href=\"https:\/\/slovenskefiremnehry.sk\/plaze\/program-podujatia\/\" itemprop=\"url\" tabindex=\"0\"><span class=\"avia-bullet\"><\/span><span class=\"avia-menu-text\">Program podujatia<\/span><span class=\"avia-menu-fx\"><span class=\"avia-arrow-wrap\"><span class=\"avia-arrow\"><\/span><\/span><\/span><\/a>\n\n\n<ul class=\"sub-menu\">\n\t<li role=\"menuitem\" id=\"menu-item-4218\" class=\"menu-item menu-item-type-post_type menu-item-object-page\"><a href=\"https:\/\/slovenskefiremnehry.sk\/plaze\/ubytovanie\/\" itemprop=\"url\" tabindex=\"0\"><span class=\"avia-bullet\"><\/span><span class=\"avia-menu-text\">Ubytovanie<\/span><\/a><\/li>\n<\/ul>\n<\/li>\n<li role=\"menuitem\" id=\"menu-item-538\" class=\"menu-item menu-item-type-post_type menu-item-object-page menu-item-has-children menu-item-top-level menu-item-top-level-5\"><a href=\"https:\/\/slovenskefiremnehry.sk\/plaze\/podmienky-ucasti\/\" itemprop=\"url\" tabindex=\"0\"><span class=\"avia-bullet\"><\/span><span class=\"avia-menu-text\">\u00da\u010dastn\u00edcky poplatok<\/span><span class=\"avia-menu-fx\"><span class=\"avia-arrow-wrap\"><span class=\"avia-arrow\"><\/span><\/span><\/span><\/a>\n\n\n<ul class=\"sub-menu\">\n\t<li role=\"menuitem\" id=\"menu-item-5534\" class=\"menu-item menu-item-type-post_type menu-item-object-page\"><a href=\"https:\/\/slovenskefiremnehry.sk\/plaze\/podmienky-ucasti-2\/\" itemprop=\"url\" tabindex=\"0\"><span class=\"avia-bullet\"><\/span><span class=\"avia-menu-text\">Podmienky \u00fa\u010dasti<\/span><\/a><\/li>\n\t<li role=\"menuitem\" id=\"menu-item-1861\" class=\"menu-item menu-item-type-post_type menu-item-object-page\"><a href=\"https:\/\/slovenskefiremnehry.sk\/plaze\/osobne-udaje\/\" itemprop=\"url\" tabindex=\"0\"><span class=\"avia-bullet\"><\/span><span class=\"avia-menu-text\">Osobn\u00e9 \u00fadaje<\/span><\/a><\/li>\n<\/ul>\n<\/li>\n<li role=\"menuitem\" id=\"menu-item-3367\" class=\"menu-item menu-item-type-post_type menu-item-object-page menu-item-top-level menu-item-top-level-6\"><a href=\"https:\/\/slovenskefiremnehry.sk\/plaze\/vysledky-2-2\/\" itemprop=\"url\" tabindex=\"0\"><span class=\"avia-bullet\"><\/span><span class=\"avia-menu-text\">V\u00fdsledky<\/span><span class=\"avia-menu-fx\"><span class=\"avia-arrow-wrap\"><span class=\"avia-arrow\"><\/span><\/span><\/span><\/a><\/li>\n<li role=\"menuitem\" id=\"menu-item-505\" class=\"menu-item menu-item-type-post_type menu-item-object-page menu-item-top-level menu-item-top-level-7\"><a href=\"https:\/\/slovenskefiremnehry.sk\/plaze\/galeria\/\" itemprop=\"url\" tabindex=\"0\"><span class=\"avia-bullet\"><\/span><span class=\"avia-menu-text\">Gal\u00e9ria<\/span><span class=\"avia-menu-fx\"><span class=\"avia-arrow-wrap\"><span class=\"avia-arrow\"><\/span><\/span><\/span><\/a><\/li>\n<li role=\"menuitem\" id=\"menu-item-5518\" class=\"menu-item menu-item-type-custom menu-item-object-custom menu-item-top-level menu-item-top-level-8\"><a href=\"http:\/\/slovenskefiremnehry.sk\/#kontakt\" itemprop=\"url\" tabindex=\"0\"><span class=\"avia-bullet\"><\/span><span class=\"avia-menu-text\">Kontaktujte n\u00e1s<\/span><span class=\"avia-menu-fx\"><span class=\"avia-arrow-wrap\"><span class=\"avia-arrow\"><\/span><\/span><\/span><\/a><\/li>\n<\/ul><\/div><\/div><div class='sticky_placeholder'><\/div><div id='after_submenu_1'  class='main_color av_default_container_wrap container_wrap fullsize'  ><div class='container av-section-cont-open' ><div class='template-page content  av-content-full alpha units'><div class='post-entry post-entry-type-page post-entry-517'><div class='entry-content-wrapper clearfix'>\n<div class='flex_column av-1i9h8t-851acb5ecea6624642b6681c40c1f032 av_one_full  avia-builder-el-2  el_after_av_submenu  avia-builder-el-no-sibling  first flex_column_div '   ><p><section  class='av_textblock_section av-lrhopb4h-0eaf4c14f1783720dec05b3c66d81e2f'  itemscope=\"itemscope\" itemtype=\"https:\/\/schema.org\/CreativeWork\" ><div class='avia_textblock'  itemprop=\"text\" ><p>\u00da\u010dastn\u00edcky poplatok: 520 EUR \/ os. (DPH sa ne\u00fa\u010dtuje)<\/p>\n<p>Cena obsahuje:<\/p>\n<ul>\n<li>ubytovanie s\u00a0polpenziou (ra\u0148ajky, ve\u010dera) v\u00a0plne obsadenej dvojl\u00f4\u017ekovej izbe (3 noci)<\/li>\n<li>dvojd\u0148ov\u00fd \u0161portov\u00fd program pod\u013ea propoz\u00edci\u00ed<\/li>\n<li>trofeje pre ocenen\u00fdch v\u00ed\u0165azov<\/li>\n<li>z\u00e1vere\u010dn\u00e1 p\u00e1rty s\u00a0DJ-om a\u00a0mal\u00fdm v\u00ednnym pohosten\u00edm spojen\u00e1 s\u00a0vyhl\u00e1sen\u00edm \u0161portov\u00fdch v\u00fdsledkov<\/li>\n<\/ul>\n<p><u>Cena neobsahuje:<\/u><\/p>\n<ul>\n<li>doprava na miesto podujatia<\/li>\n<li>poistenie lie\u010debn\u00fdch n\u00e1kladov z zahrani\u010d\u00ed<\/li>\n<\/ul>\n<p>Pr\u00edplatok za single ubytovanie: 55 EUR \/ izba \/ noc<\/p>\n<h2><\/h2>\n<h2><\/h2>\n<p class=\"p4\">\n<p class=\"p8\">\n<\/div><\/section><br \/>\n\n<style type=\"text\/css\" data-created_by=\"avia_inline_auto\" id=\"style-css-av-2jcz9-3242c51c1e79a9a1d6b62c9e0ac6efd6\">\n#top .hr.hr-invisible.av-2jcz9-3242c51c1e79a9a1d6b62c9e0ac6efd6{\nheight:50px;\n}\n<\/style>\n<div  class='hr av-2jcz9-3242c51c1e79a9a1d6b62c9e0ac6efd6 hr-invisible  avia-builder-el-4  el_after_av_textblock  el_before_av_textblock '><span class='hr-inner '><span class=\"hr-inner-style\"><\/span><\/span><\/div><br \/>\n<section  class='av_textblock_section av-lrhork55-87709636993374b8877828d72415be0e'  itemscope=\"itemscope\" itemtype=\"https:\/\/schema.org\/CreativeWork\" ><div class='avia_textblock'  itemprop=\"text\" ><\/div><\/section><br \/>\n\n<style type=\"text\/css\" data-created_by=\"avia_inline_auto\" id=\"style-css-av-lrudfex9-b6c73972735718aac971faa15c5de2f0\">\n#top .av_textblock_section.av-lrudfex9-b6c73972735718aac971faa15c5de2f0 .avia_textblock{\ncolor:#1b7ee8;\n}\n<\/style>\n<section  class='av_textblock_section av-lrudfex9-b6c73972735718aac971faa15c5de2f0'  itemscope=\"itemscope\" itemtype=\"https:\/\/schema.org\/CreativeWork\" ><div class='avia_textblock av_inherit_color'  itemprop=\"text\" ><\/div><\/section><br \/>\n\n<style type=\"text\/css\" data-created_by=\"avia_inline_auto\" id=\"style-css-av-lkf0l-d9f488a11408705144b2a2a2787ff1ab\">\n#top .hr.hr-invisible.av-lkf0l-d9f488a11408705144b2a2a2787ff1ab{\nheight:50px;\n}\n<\/style>\n<div  class='hr av-lkf0l-d9f488a11408705144b2a2a2787ff1ab hr-invisible  avia-builder-el-7  el_after_av_textblock  el_before_av_textblock '><span class='hr-inner '><span class=\"hr-inner-style\"><\/span><\/span><\/div><br \/>\n<section  class='av_textblock_section av-lrhovsme-c86bd94bf11a8818d687192cbcb462c2'  itemscope=\"itemscope\" itemtype=\"https:\/\/schema.org\/CreativeWork\" ><div class='avia_textblock'  itemprop=\"text\" ><\/div><\/section><br \/>\n\n<style type=\"text\/css\" data-created_by=\"avia_inline_auto\" id=\"style-css-av-1cx79-fe61c10f9da517999859d2c5adaa8e1a\">\n#top .hr.hr-invisible.av-1cx79-fe61c10f9da517999859d2c5adaa8e1a{\nheight:50px;\n}\n<\/style>\n<div  class='hr av-1cx79-fe61c10f9da517999859d2c5adaa8e1a hr-invisible  avia-builder-el-9  el_after_av_textblock  el_before_av_icon_box '><span class='hr-inner '><span class=\"hr-inner-style\"><\/span><\/span><\/div><br \/>\n\n<style type=\"text\/css\" data-created_by=\"avia_inline_auto\" id=\"style-css-av-lrhpb3no-cfbaa8005f2b51faa27fd0cdcbbb3791\">\n.iconbox.av-lrhpb3no-cfbaa8005f2b51faa27fd0cdcbbb3791 .iconbox_icon{\ncolor:#ed9e17;\n}\n<\/style>\n<article  class='iconbox iconbox_left av-lrhpb3no-cfbaa8005f2b51faa27fd0cdcbbb3791  avia-builder-el-10  el_after_av_hr  el_before_av_hr '  itemscope=\"itemscope\" itemtype=\"https:\/\/schema.org\/CreativeWork\" ><div class=\"iconbox_content\"><header class=\"entry-content-header\"><div class=\"iconbox_icon heading-color\" aria-hidden='true' data-av_icon='\ue865' data-av_iconfont='entypo-fontello'><\/div><\/header><div class='iconbox_content_container '  itemprop=\"text\" ><h3><\/h3>\n<\/div><\/div><footer class=\"entry-footer\"><\/footer><\/article><br \/>\n\n<style type=\"text\/css\" data-created_by=\"avia_inline_auto\" id=\"style-css-av-x2zh-d9b4bdf8cc39609d1d3bfb5bd1127c32\">\n#top .hr.hr-invisible.av-x2zh-d9b4bdf8cc39609d1d3bfb5bd1127c32{\nheight:50px;\n}\n<\/style>\n<div  class='hr av-x2zh-d9b4bdf8cc39609d1d3bfb5bd1127c32 hr-invisible  avia-builder-el-11  el_after_av_icon_box  el_before_av_textblock '><span class='hr-inner '><span class=\"hr-inner-style\"><\/span><\/span><\/div><br \/>\n<section  class='av_textblock_section av-9gw05-fb1f128cdc9419062e4f8eb12187f575'  itemscope=\"itemscope\" itemtype=\"https:\/\/schema.org\/CreativeWork\" ><div class='avia_textblock'  itemprop=\"text\" ><\/div><\/section><\/p><\/div>\n","protected":false},"excerpt":{"rendered":"","protected":false},"author":1,"featured_media":0,"parent":0,"menu_order":16,"comment_status":"open","ping_status":"open","template":"","meta":[],"_links":{"self":[{"href":"https:\/\/slovenskefiremnehry.sk\/plaze\/wp-json\/wp\/v2\/pages\/517"}],"collection":[{"href":"https:\/\/slovenskefiremnehry.sk\/plaze\/wp-json\/wp\/v2\/pages"}],"about":[{"href":"https:\/\/slovenskefiremnehry.sk\/plaze\/wp-json\/wp\/v2\/types\/page"}],"author":[{"embeddable":true,"href":"https:\/\/slovenskefiremnehry.sk\/plaze\/wp-json\/wp\/v2\/users\/1"}],"replies":[{"embeddable":true,"href":"https:\/\/slovenskefiremnehry.sk\/plaze\/wp-json\/wp\/v2\/comments?post=517"}],"version-history":[{"count":6,"href":"https:\/\/slovenskefiremnehry.sk\/plaze\/wp-json\/wp\/v2\/pages\/517\/revisions"}],"predecessor-version":[{"id":6296,"href":"https:\/\/slovenskefiremnehry.sk\/plaze\/wp-json\/wp\/v2\/pages\/517\/revisions\/6296"}],"wp:attachment":[{"href":"https:\/\/slovenskefiremnehry.sk\/plaze\/wp-json\/wp\/v2\/media?parent=517"}],"curies":[{"name":"wp","href":"https:\/\/api.w.org\/{rel}","templated":true}]}}