{"id":4209,"date":"2020-06-22T11:22:39","date_gmt":"2020-06-22T09:22:39","guid":{"rendered":"https:\/\/slovenskefiremnehry.sk\/plaze\/?page_id=4209"},"modified":"2026-01-25T18:37:07","modified_gmt":"2026-01-25T16:37:07","slug":"ubytovanie","status":"publish","type":"page","link":"https:\/\/slovenskefiremnehry.sk\/plaze\/ubytovanie\/","title":{"rendered":"Ubytovanie"},"content":{"rendered":"<div id='full_slider_1'  class='avia-fullwidth-slider main_color avia-shadow   avia-builder-el-0  el_before_av_submenu  avia-builder-el-first   container_wrap fullsize'  ><div  class='avia-slideshow av-4ozhf-5fc54e5dfb768660bda19fd9f61236bb av-control-default avia-slideshow-no scaling av_slideshow_full avia-slide-slider av-default-height-applied   avia-slideshow-1'  data-size='no scaling'  data-lightbox_size='large'  data-animation='slide'  data-conditional_play=''  data-ids='1775'  data-video_counter='0'  data-autoplay='false'  data-bg_slider='false'  data-slide_height=''  data-handle='av_slideshow_full'  data-interval='5'  data-class=''  data-extra_class=' '  data-el_id=''  data-css_id=''  data-scroll_down=''  data-control_layout='av-control-default'  data-custom_markup=''  data-perma_caption=''  data-autoplay_stopper=''  data-image_attachment=''  data-min_height='0px'  data-lazy_loading='disabled'  data-default-height='20.8333333333'  data-stretch=''  data-src=''  data-position='top left'  data-repeat='no-repeat'  data-attach='scroll'  data-img_scrset=''  data-av-desktop-hide=''  data-av-medium-hide=''  data-av-small-hide=''  data-av-mini-hide=''  data-id=''  data-custom_class=''  data-template_class=''  data-av_uid='av-4ozhf'  data-sc_version='1.0'  data-heading_tag=''  data-heading_class=''   itemprop=\"image\" itemscope=\"itemscope\" itemtype=\"https:\/\/schema.org\/ImageObject\" ><ul class='avia-slideshow-inner ' style='padding-bottom: 20.8333333333%;'><li  class='avia-slideshow-slide av-4ozhf-5fc54e5dfb768660bda19fd9f61236bb__0  av-single-slide slide-1 ' ><div data-rel='slideshow-1' class='avia-slide-wrap '   ><img class=\"wp-image-1775 avia-img-lazy-loading-not-1775\"  src='https:\/\/slovenskefiremnehry.sk\/plaze\/wp-content\/uploads\/2015\/04\/zdrojak.jpg' width='1920' height='400' title='Hiker in Tatra Mountains' alt=''  itemprop=\"thumbnailUrl\"   \/><\/div><\/li><\/ul><\/div><\/div>\n<div class='clear'><\/div><div id='sub_menu1'  class='av-submenu-container av-9crpur-571d0f4e318c0d77d7a0a6e0b92a6506 header_color av-switch-768  avia-builder-el-1  el_after_av_slideshow_full  el_before_av_one_full  av-sticky-submenu submenu-not-first container_wrap fullsize' style='z-index:301' ><div class='container av-menu-mobile-active av-submenu-pos-center'><a href=\"#\" class=\"mobile_menu_toggle\" aria-hidden='true' data-av_icon='\ue8a5' data-av_iconfont='entypo-fontello'><span class=\"av-current-placeholder\">Menu<\/span><\/a><ul id=\"menu-bocne-menu\" class=\"av-subnav-menu\"><li role=\"menuitem\" id=\"menu-item-5517\" class=\"menu-item menu-item-type-custom menu-item-object-custom menu-item-top-level menu-item-top-level-1\"><a href=\"http:\/\/registracia.elcop.sk\/\" itemprop=\"url\" tabindex=\"0\"><span class=\"avia-bullet\"><\/span><span class=\"avia-menu-text\">Registr\u00e1cia<\/span><span class=\"avia-menu-fx\"><span class=\"avia-arrow-wrap\"><span class=\"avia-arrow\"><\/span><\/span><\/span><\/a><\/li>\n<li role=\"menuitem\" id=\"menu-item-5569\" class=\"menu-item menu-item-type-custom menu-item-object-custom menu-item-home menu-item-top-level menu-item-top-level-2\"><a href=\"https:\/\/slovenskefiremnehry.sk\/plaze\/#sub_menu1\" itemprop=\"url\" tabindex=\"0\"><span class=\"avia-bullet\"><\/span><span class=\"avia-menu-text\">O podujat\u00ed<\/span><span class=\"avia-menu-fx\"><span class=\"avia-arrow-wrap\"><span class=\"avia-arrow\"><\/span><\/span><\/span><\/a><\/li>\n<li role=\"menuitem\" id=\"menu-item-509\" class=\"menu-item menu-item-type-post_type menu-item-object-page menu-item-has-children menu-item-top-level menu-item-top-level-3\"><a href=\"https:\/\/slovenskefiremnehry.sk\/plaze\/sutazny-program-2\/\" itemprop=\"url\" tabindex=\"0\"><span class=\"avia-bullet\"><\/span><span class=\"avia-menu-text\">\u0160portov\u00fd program<\/span><span class=\"avia-menu-fx\"><span class=\"avia-arrow-wrap\"><span class=\"avia-arrow\"><\/span><\/span><\/span><\/a>\n\n\n<ul class=\"sub-menu\">\n\t<li role=\"menuitem\" id=\"menu-item-662\" class=\"menu-item menu-item-type-post_type menu-item-object-page\"><a href=\"https:\/\/slovenskefiremnehry.sk\/plaze\/discipliny-a-pravidla\/\" itemprop=\"url\" tabindex=\"0\"><span class=\"avia-bullet\"><\/span><span class=\"avia-menu-text\">Discipl\u00edny a pravidl\u00e1<\/span><\/a><\/li>\n\t<li role=\"menuitem\" id=\"menu-item-669\" class=\"menu-item menu-item-type-post_type menu-item-object-page\"><a href=\"https:\/\/slovenskefiremnehry.sk\/plaze\/hodnotenie\/\" itemprop=\"url\" tabindex=\"0\"><span class=\"avia-bullet\"><\/span><span class=\"avia-menu-text\">Hodnotenie<\/span><\/a><\/li>\n<\/ul>\n<\/li>\n<li role=\"menuitem\" id=\"menu-item-508\" class=\"menu-item menu-item-type-post_type menu-item-object-page menu-item-has-children menu-item-top-level menu-item-top-level-4\"><a href=\"https:\/\/slovenskefiremnehry.sk\/plaze\/program-podujatia\/\" itemprop=\"url\" tabindex=\"0\"><span class=\"avia-bullet\"><\/span><span class=\"avia-menu-text\">Program podujatia<\/span><span class=\"avia-menu-fx\"><span class=\"avia-arrow-wrap\"><span class=\"avia-arrow\"><\/span><\/span><\/span><\/a>\n\n\n<ul class=\"sub-menu\">\n\t<li role=\"menuitem\" id=\"menu-item-4218\" class=\"menu-item menu-item-type-post_type menu-item-object-page\"><a href=\"https:\/\/slovenskefiremnehry.sk\/plaze\/ubytovanie\/\" itemprop=\"url\" tabindex=\"0\"><span class=\"avia-bullet\"><\/span><span class=\"avia-menu-text\">Ubytovanie<\/span><\/a><\/li>\n<\/ul>\n<\/li>\n<li role=\"menuitem\" id=\"menu-item-538\" class=\"menu-item menu-item-type-post_type menu-item-object-page menu-item-has-children menu-item-top-level menu-item-top-level-5\"><a href=\"https:\/\/slovenskefiremnehry.sk\/plaze\/podmienky-ucasti\/\" itemprop=\"url\" tabindex=\"0\"><span class=\"avia-bullet\"><\/span><span class=\"avia-menu-text\">\u00da\u010dastn\u00edcky poplatok<\/span><span class=\"avia-menu-fx\"><span class=\"avia-arrow-wrap\"><span class=\"avia-arrow\"><\/span><\/span><\/span><\/a>\n\n\n<ul class=\"sub-menu\">\n\t<li role=\"menuitem\" id=\"menu-item-5534\" class=\"menu-item menu-item-type-post_type menu-item-object-page\"><a href=\"https:\/\/slovenskefiremnehry.sk\/plaze\/podmienky-ucasti-2\/\" itemprop=\"url\" tabindex=\"0\"><span class=\"avia-bullet\"><\/span><span class=\"avia-menu-text\">Podmienky \u00fa\u010dasti<\/span><\/a><\/li>\n\t<li role=\"menuitem\" id=\"menu-item-1861\" class=\"menu-item menu-item-type-post_type menu-item-object-page\"><a href=\"https:\/\/slovenskefiremnehry.sk\/plaze\/osobne-udaje\/\" itemprop=\"url\" tabindex=\"0\"><span class=\"avia-bullet\"><\/span><span class=\"avia-menu-text\">Osobn\u00e9 \u00fadaje<\/span><\/a><\/li>\n<\/ul>\n<\/li>\n<li role=\"menuitem\" id=\"menu-item-3367\" class=\"menu-item menu-item-type-post_type menu-item-object-page menu-item-top-level menu-item-top-level-6\"><a href=\"https:\/\/slovenskefiremnehry.sk\/plaze\/vysledky-2-2\/\" itemprop=\"url\" tabindex=\"0\"><span class=\"avia-bullet\"><\/span><span class=\"avia-menu-text\">V\u00fdsledky<\/span><span class=\"avia-menu-fx\"><span class=\"avia-arrow-wrap\"><span class=\"avia-arrow\"><\/span><\/span><\/span><\/a><\/li>\n<li role=\"menuitem\" id=\"menu-item-505\" class=\"menu-item menu-item-type-post_type menu-item-object-page menu-item-top-level menu-item-top-level-7\"><a href=\"https:\/\/slovenskefiremnehry.sk\/plaze\/galeria\/\" itemprop=\"url\" tabindex=\"0\"><span class=\"avia-bullet\"><\/span><span class=\"avia-menu-text\">Gal\u00e9ria<\/span><span class=\"avia-menu-fx\"><span class=\"avia-arrow-wrap\"><span class=\"avia-arrow\"><\/span><\/span><\/span><\/a><\/li>\n<li role=\"menuitem\" id=\"menu-item-5518\" class=\"menu-item menu-item-type-custom menu-item-object-custom menu-item-top-level menu-item-top-level-8\"><a href=\"http:\/\/slovenskefiremnehry.sk\/#kontakt\" itemprop=\"url\" tabindex=\"0\"><span class=\"avia-bullet\"><\/span><span class=\"avia-menu-text\">Kontaktujte n\u00e1s<\/span><span class=\"avia-menu-fx\"><span class=\"avia-arrow-wrap\"><span class=\"avia-arrow\"><\/span><\/span><\/span><\/a><\/li>\n<\/ul><\/div><\/div><div class='sticky_placeholder'><\/div><div id='after_submenu_1'  class='main_color av_default_container_wrap container_wrap fullsize'  ><div class='container av-section-cont-open' ><div class='template-page content  av-content-full alpha units'><div class='post-entry post-entry-type-page post-entry-4209'><div class='entry-content-wrapper clearfix'>\n<div class='flex_column av-465eab-f9253a30b48a3c82f81331b055945de1 av_one_full  avia-builder-el-2  el_after_av_submenu  el_before_av_one_full  avia-builder-el-first  first flex_column_div '   ><style type=\"text\/css\" data-created_by=\"avia_inline_auto\" id=\"style-css-av-2e5q75-0cba8f6b04938e8451a91ffd968343bc\">\n#top .av-special-heading.av-2e5q75-0cba8f6b04938e8451a91ffd968343bc{\npadding-bottom:10px;\n}\nbody .av-special-heading.av-2e5q75-0cba8f6b04938e8451a91ffd968343bc .av-special-heading-tag .heading-char{\nfont-size:25px;\n}\n.av-special-heading.av-2e5q75-0cba8f6b04938e8451a91ffd968343bc .av-subheading{\nfont-size:15px;\n}\n<\/style>\n<div  class='av-special-heading av-2e5q75-0cba8f6b04938e8451a91ffd968343bc av-special-heading-h1  avia-builder-el-3  avia-builder-el-no-sibling  av-linked-heading'><h1 class='av-special-heading-tag'  itemprop=\"headline\"  ><a class=\"av-heading-link\" href=\"https:\/\/www.youtube.com\/watch?v=kJYl8WjKuvc\" target=\"_blank\" rel=\"noopener noreferrer\">4* Arba Resort Valamar Colection<\/a><\/h1><div class=\"special-heading-border\"><div class=\"special-heading-inner-border\"><\/div><\/div><\/div><\/div>\n\n<style type=\"text\/css\" data-created_by=\"avia_inline_auto\" id=\"style-css-av-1zqe77-9a66e3d85651c2aaf37e4cc715e63da0\">\n.flex_column.av-1zqe77-9a66e3d85651c2aaf37e4cc715e63da0{\nborder-radius:0px 0px 0px 0px;\n-webkit-border-radius:0px 0px 0px 0px;\n-moz-border-radius:0px 0px 0px 0px;\n}\n<\/style>\n<div class='flex_column av-1zqe77-9a66e3d85651c2aaf37e4cc715e63da0 av_one_full  avia-builder-el-4  el_after_av_one_full  el_before_av_horizontal_gallery  avia-builder-el-last  first flex_column_div av-zero-column-padding column-top-margin'   ><section  class='av_textblock_section av-kaxlffdk-76ba1564bdd0223661e243373c6f8562'  itemscope=\"itemscope\" itemtype=\"https:\/\/schema.org\/CreativeWork\" ><div class='avia_textblock'  itemprop=\"text\" ><p>Novo otvoren\u00fd Arba Resort Valamar Colection\u00a0 Resort Colection\u00a0 s\u00a0rozlohou 1500 \u0161tvorcov\u00fd metrov je pr\u00e9miov\u00fdm rezortom na zelenom polostrove Capo Fronte a\u00a0je vzdialen\u00fd len 5 km vzdialen\u00fd od historick\u00e9ho mesta Rab.<\/p>\n<p>Rezort pon\u00faka modern\u00e9 izby, 6 baz\u00e9nov v\u00a0exteri\u00e9ri i\u00a0interi\u00e9ri hotela, skvel\u00fa \u0161portov\u00fa vybavenos\u0165 (tenisov\u00e9 dvorce, pl\u00e1\u017eov\u00fd volejbal, mini golf, po\u017ei\u010dov\u0148a bicyklov), pieso\u010dnat\u00fa pl\u00e1\u017e i pr\u00edle\u017eitos\u0165 na cyklistick\u00e9 v\u00fdlety spojen\u00e9 s\u00a0objavovan\u00edm ostrova. Rab m\u00e1 viac ako 300 km turistick\u00fdch a\u00a0cyklo tr\u00e1s. S\u00fa\u010das\u0165ou hotela je Balance Mediterramean Spa proced\u00farami\u00a0vyu\u017e\u00edvaj\u00facimi miestne ekologick\u00e9 zdroje. Hotelov\u00e9 re\u0161taur\u00e1cie pon\u00fakaj\u00fa pestr\u00fd v\u00fdber zdrav\u00fdch stredomorsk\u00fdch jed\u00e1l. Drinky a\u00a0drobn\u00e9 ob\u010derstvenie si mo\u017eno vychutna\u0165 aj v\u00a0The Beat Beach bare v\u00a0tieni borov\u00edc v\u00a0bl\u00edzkosti pl\u00e1\u017ee a\u00a0\u0161portov\u00edsk.<\/p>\n<p><u>U\u017dITO\u010cN\u00c9\u00a0 LINKY:<\/u><\/p>\n<p>Video rezortu a\u00a0hotela: <a href=\"https:\/\/www.valamar.com\/sk\/hotely-rab\/arba-resort?view=photos\">https:\/\/www.valamar.com\/sk\/hotely-rab\/arba-resort?view=photos<\/a><\/p>\n<p>Viac Inform\u00e1ci\u00ed o\u00a0ostrove Rab: <a href=\"https:\/\/www.valamar.com\/sk\/chorvatsko\/ostrov-rab\/prehlad\">https:\/\/www.valamar.com\/sk\/chorvatsko\/ostrov-rab\/prehlad<\/a><\/p>\n<p>Ako sa dosta\u0165 na ostrov Rab: <a href=\"https:\/\/www.valamar.com\/sk\/chorvatsko\/ostrov-rab\/smery\">https:\/\/www.valamar.com\/sk\/chorvatsko\/ostrov-rab\/smery<\/a><\/p>\n<\/div><\/section><\/div>\n\n<style type=\"text\/css\" data-created_by=\"avia_inline_auto\" id=\"style-css-av-kbqakhz7-5c6f8e5e10671a663daf70ebd0978368\">\n.av-horizontal-gallery.av-kbqakhz7-5c6f8e5e10671a663daf70ebd0978368{\npadding:1.5% 0px;;\n}\n.av-horizontal-gallery.av-kbqakhz7-5c6f8e5e10671a663daf70ebd0978368 .av-horizontal-gallery-inner{\npadding-bottom:10%;\n}\n<\/style>\n<div  class='av-horizontal-gallery av-kbqakhz7-5c6f8e5e10671a663daf70ebd0978368 av-horizontal-gallery-1px-gap av-horizontal-gallery-enlarge-effect av-control-default  avia-builder-el-6  el_after_av_one_full  avia-builder-el-last  av-horizontal-gallery-1 '  itemprop=\"image\" itemscope=\"itemscope\" itemtype=\"https:\/\/schema.org\/ImageObject\"   data-av-enlarge='1.3'  ><div class='avia-slideshow-arrows avia-slideshow-controls' ><a href='#prev' class='prev-slide av-horizontal-gallery-prev' aria-hidden='true' data-av_icon='\ue87c' data-av_iconfont='entypo-fontello'  tabindex='-1'>Sp\u00e4\u0165<\/a><a href='#next' class='next-slide av-horizontal-gallery-next' aria-hidden='true' data-av_icon='\ue87d' data-av_iconfont='entypo-fontello'  tabindex='-1'>\u010ealej<\/a><\/div><div class='av-horizontal-gallery-inner' data-av-height='10'><div class=\"av-horizontal-gallery-slider\"><div class='av-horizontal-gallery-wrap noHover'><img class='wp-image-6287 avia-img-lazy-loading-not-6287 av-horizontal-gallery-img' width='1030' height='659' src='https:\/\/slovenskefiremnehry.sk\/plaze\/wp-content\/uploads\/2026\/01\/arba-resort-sandy-beach-top-1030x659.jpg' title='arba-resort-sandy-beach-top' alt='' \/><a href=\"https:\/\/slovenskefiremnehry.sk\/plaze\/wp-content\/uploads\/2026\/01\/arba-resort-sandy-beach-top-1030x659.jpg\" class='av-horizontal-gallery-link' aria-hidden='true' data-av_icon='\ue869' data-av_iconfont='entypo-fontello' title='arba-resort-sandy-beach-top' alt=''><\/a><\/div><div class='av-horizontal-gallery-wrap noHover'><img class='wp-image-6289 avia-img-lazy-loading-not-6289 av-horizontal-gallery-img' width='1030' height='659' src='https:\/\/slovenskefiremnehry.sk\/plaze\/wp-content\/uploads\/2026\/01\/arba-resort-v-level-suite-seaview-1030x659.jpg' title='arba-resort-v-level-suite-seaview' alt='' \/><a href=\"https:\/\/slovenskefiremnehry.sk\/plaze\/wp-content\/uploads\/2026\/01\/arba-resort-v-level-suite-seaview-1030x659.jpg\" class='av-horizontal-gallery-link' aria-hidden='true' data-av_icon='\ue869' data-av_iconfont='entypo-fontello' title='arba-resort-v-level-suite-seaview' alt=''><\/a><\/div><div class='av-horizontal-gallery-wrap noHover'><img class='wp-image-6284 avia-img-lazy-loading-not-6284 av-horizontal-gallery-img' width='1030' height='659' src='https:\/\/slovenskefiremnehry.sk\/plaze\/wp-content\/uploads\/2026\/01\/arba-resort-lobby-area-1030x659.jpg' title='arba-resort-lobby-area' alt='' \/><a href=\"https:\/\/slovenskefiremnehry.sk\/plaze\/wp-content\/uploads\/2026\/01\/arba-resort-lobby-area-1030x659.jpg\" class='av-horizontal-gallery-link' aria-hidden='true' data-av_icon='\ue869' data-av_iconfont='entypo-fontello' title='arba-resort-lobby-area' alt=''><\/a><\/div><div class='av-horizontal-gallery-wrap noHover'><img class='wp-image-6285 avia-img-lazy-loading-not-6285 av-horizontal-gallery-img' width='1030' height='659' src='https:\/\/slovenskefiremnehry.sk\/plaze\/wp-content\/uploads\/2026\/01\/arba-resort-mendoro-bar-lights-1030x659.jpg' title='arba-resort-mendoro-bar-lights' alt='' \/><a href=\"https:\/\/slovenskefiremnehry.sk\/plaze\/wp-content\/uploads\/2026\/01\/arba-resort-mendoro-bar-lights-1030x659.jpg\" class='av-horizontal-gallery-link' aria-hidden='true' data-av_icon='\ue869' data-av_iconfont='entypo-fontello' title='arba-resort-mendoro-bar-lights' alt=''><\/a><\/div><div class='av-horizontal-gallery-wrap noHover'><img class='wp-image-6288 avia-img-lazy-loading-not-6288 av-horizontal-gallery-img' width='1030' height='659' src='https:\/\/slovenskefiremnehry.sk\/plaze\/wp-content\/uploads\/2026\/01\/arba-resort-the-beat-beach-bar-overview-1030x659.jpg' title='arba-resort-the-beat-beach-bar-overview' alt='' \/><a href=\"https:\/\/slovenskefiremnehry.sk\/plaze\/wp-content\/uploads\/2026\/01\/arba-resort-the-beat-beach-bar-overview-1030x659.jpg\" class='av-horizontal-gallery-link' aria-hidden='true' data-av_icon='\ue869' data-av_iconfont='entypo-fontello' title='arba-resort-the-beat-beach-bar-overview' alt=''><\/a><\/div><\/div><\/div><\/div>\n","protected":false},"excerpt":{"rendered":"","protected":false},"author":1,"featured_media":0,"parent":0,"menu_order":19,"comment_status":"open","ping_status":"open","template":"","meta":[],"_links":{"self":[{"href":"https:\/\/slovenskefiremnehry.sk\/plaze\/wp-json\/wp\/v2\/pages\/4209"}],"collection":[{"href":"https:\/\/slovenskefiremnehry.sk\/plaze\/wp-json\/wp\/v2\/pages"}],"about":[{"href":"https:\/\/slovenskefiremnehry.sk\/plaze\/wp-json\/wp\/v2\/types\/page"}],"author":[{"embeddable":true,"href":"https:\/\/slovenskefiremnehry.sk\/plaze\/wp-json\/wp\/v2\/users\/1"}],"replies":[{"embeddable":true,"href":"https:\/\/slovenskefiremnehry.sk\/plaze\/wp-json\/wp\/v2\/comments?post=4209"}],"version-history":[{"count":5,"href":"https:\/\/slovenskefiremnehry.sk\/plaze\/wp-json\/wp\/v2\/pages\/4209\/revisions"}],"predecessor-version":[{"id":6290,"href":"https:\/\/slovenskefiremnehry.sk\/plaze\/wp-json\/wp\/v2\/pages\/4209\/revisions\/6290"}],"wp:attachment":[{"href":"https:\/\/slovenskefiremnehry.sk\/plaze\/wp-json\/wp\/v2\/media?parent=4209"}],"curies":[{"name":"wp","href":"https:\/\/api.w.org\/{rel}","templated":true}]}}